{"id":3,"date":"2025-06-20T09:53:12","date_gmt":"2025-06-20T09:53:12","guid":{"rendered":"https:\/\/pracek.si\/daljinci-za-klime\/?page_id=3"},"modified":"2025-11-05T08:07:31","modified_gmt":"2025-11-05T08:07:31","slug":"privacy-policy","status":"publish","type":"page","link":"https:\/\/pracek.si\/daljinci-za-klime\/privacy-policy\/","title":{"rendered":"Pogoji poslovanja"},"content":{"rendered":"\n<p>Splo\u0161ni pogoji trgovine so pripravljeni v skladu z Zakonom o varstvu potro\u0161nikov (ZVPot). Vsebujejo informacije o delovanju trgovine, pravicah uporabnikov ter poslovnem odnosu med trgovino (https:\/\/pracek.si) in kupci. Trgovino upravlja prodajalec Borea IT d.o.o.:<\/p>\n\n\n\n<p>Naslov: Budanje 6g, 5271 Vipava<\/p>\n\n\n\n<p>ID za DDV: SI64114317<\/p>\n\n\n\n<p>Zavezanec za DDV: DA<\/p>\n\n\n\n<p>Mati\u010dna \u0161tevilka: 9923802<\/p>\n\n\n\n<p>Dru\u017eba je vpisana v registru okro\u017enega sodi\u0161\u010da v Novi Gorici<\/p>\n\n\n\n<p>Osnovni kapital: 7500,00 EUR<\/p>\n\n\n\n<p>TRR: SI56 6400 0990 2107 659<\/p>\n\n\n\n<p>Swift: HKVISI22<\/p>\n\n\n\n<p>Naslov banke: PRIMORSKA HRANILNICA VIPAVA d.d., Glavni trg 15, 5271 VIPAVA<\/p>\n\n\n\n<h4 class=\"wp-block-heading\">Na\u010dini pla\u010dila<\/h4>\n\n\n\n<ul class=\"wp-block-list\">\n<li>Nakazilo na transakcijski ra\u010dun<\/li>\n\n\n\n<li>Paypal<\/li>\n\n\n\n<li>Po po\u0161ti z odkupnino<\/li>\n\n\n\n<li>S kreditno kartico<\/li>\n<\/ul>\n\n\n\n<h4 class=\"wp-block-heading\">Cene<\/h4>\n\n\n\n<p>Vse cene so v evrih in vklju\u010dujejo davek na dodano vrednost (DDV). Ponudnik si pridr\u017euje pravico do dnevnih sprememb cen. Kupoprodajna pogodba med ponudnikom in kupcem je sklenjena, ko ponudnik potrdi naro\u010dilo (o \u010demer je kupec seznanjen preko emaila). Od tega trenutka so vse cene in pogoji fiksirani za obe strani.<\/p>\n\n\n\n<h4 class=\"wp-block-heading\">Postopek nakupa<\/h4>\n\n\n\n<ol class=\"wp-block-list\">\n<li><strong>Naro\u010dilo sprejeto<\/strong>: Po oddaji naro\u010dila kupec prejme obvestilo po elektronski po\u0161ti z povzetkom naro\u010dila. Na tej stopnji ima kupec eno uro \u010dasa, da naro\u010dilo prekli\u010de. Vse informacije o naro\u010dilu so dostopne na spletni strani ponudnika.<\/li>\n\n\n\n<li><strong>Naro\u010dilo v obdelavi<\/strong>: \u010ce naro\u010dilo ni preklicano, gre v obdelavo. Ponudnik preveri dobavljivost artiklov in potrdi ali zavrne naro\u010dilo. Za dodatne informacije lahko ponudnik pokli\u010de kupca. Pogodba o nakupu je na tej stopnji nepreklicno sklenjena.<\/li>\n\n\n\n<li><strong>Blago poslano<\/strong>: Ponudnik pripravi in odpo\u0161lje blago ter o tem obvesti kupca po elektronski po\u0161ti.<\/li>\n<\/ol>\n\n\n\n<h4 class=\"wp-block-heading\">Pravica do odstopa od nakupa in vra\u010dila blaga<\/h4>\n\n\n\n<p>Kupec ima pravico, da v skladu z ZVPot v 14 dneh obvesti ponudnika o vra\u010dilu blaga brez navedbe razloga. To lahko stori preko emaila na naslov: bostjan@pracek.si. Blago je potrebno vrniti v 30 dneh od obvestila o vra\u010dilu. Vrnjeno blago mora biti nepo\u0161kodovano in koli\u010dinsko nespremenjeno. V nasprotnem primeru kupnine ne vra\u010damo.<\/p>\n\n\n\n<h4 class=\"wp-block-heading\">Garancija<\/h4>\n\n\n\n<p>Artikli imajo 1 letno garancijo.Garancija je veljavna ob upo\u0161tevanju navodil in predlo\u017eitvi ra\u010duna. Informacija o garanciji je navedena tudi na strani izdelka.<\/p>\n\n\n\n<h4 class=\"wp-block-heading\">Dostava<\/h4>\n\n\n\n<p>Prodajalec bo blago dostavil v dogovorjenem roku. Pogodbeni partner za dostavo je Po\u0161ta Slovenije, vendar si ponudnik pridr\u017euje pravico izbrati drugo dostavno slu\u017ebo za u\u010dinkovitej\u0161o izpolnitev naro\u010dila.<\/p>\n\n\n\n<p>Po\u0161tnina: 4 EUR (za nakupe nad 200 EUR brezpla\u010dno).<\/p>\n\n\n\n<h4 class=\"wp-block-heading\">Varovanje osebnih podatkov<\/h4>\n\n\n\n<p>Prodajalec se zavezuje k trajnemu varovanju osebnih podatkov uporabnikov. Osebne podatke bo uporabil izklju\u010dno za izpolnitev naro\u010dila (po\u0161iljanje informativnega gradiva, ponudb, ra\u010dunov) in potrebno komunikacijo. Podatki ne bodo predani nepoobla\u0161\u010denim osebam. Uporabnik mora poskrbeti za varnost svojega uporabni\u0161kega imena in gesla.<\/p>\n\n\n\n<h4 class=\"wp-block-heading\">Komunikacija<\/h4>\n\n\n\n<p>Prodajalec bo stopil v stik s kupcem preko sredstev komunikacij na daljavo le, \u010de uporabnik temu izrecno ne nasprotuje. Oglasna sporo\u010dila bodo jasno ozna\u010dena kot tak\u0161na, z razvidnim po\u0161iljateljem. Prav tako bodo jasno dolo\u010deni pogoji udele\u017ebe v promocijah in na\u010din odjave od prejemanja oglasnih sporo\u010dil.<\/p>\n\n\n\n<h4 class=\"wp-block-heading\">Odveza odgovornosti<\/h4>\n\n\n\n<p>Prodajalec se trudi zagotoviti a\u017eurne in pravilne podatke na svojih spletnih straneh. Kljub temu lahko pride do sprememb izdelkov, zalog in cen, ki jih ponudnik \u0161e ni uspel popraviti na spletu. V takem primeru bo ponudnik obvestil kupca in posku\u0161al najti zadovoljivo re\u0161itev za obe strani.<\/p>\n\n\n\n<p>Fotografije izdelkov so v ve\u010dini primerov dejanske slike, vendar so simboli\u010dne in ne zagotavljajo lastnosti izdelka.<\/p>\n\n\n\n<h4 class=\"wp-block-heading\">Prito\u017ebe<\/h4>\n\n\n\n<p>Reklamacije in prito\u017ebe, ki niso povezane s pravico do odstopa od nakupa, lahko uporabniki po\u0161ljejo na bostjan@pracek.si. Ponudnik bo v petih delovnih dneh potrdil prejem prito\u017ebe in obvestil kupca o predvidenem \u010dasu obravnave ter ga obve\u0161\u010dal o poteku postopka. Ponudnik si bo prizadeval za sporazumno re\u0161itev morebitnih sporov. Kupec lahko poskusi z zunajsodno poravnavo na tej povezavi. Prodajalec ne priznava izvajalcev za izvensodno re\u0161evanje potro\u0161ni\u0161kih sporov.<\/p>\n","protected":false},"excerpt":{"rendered":"<p>Splo\u0161ni pogoji trgovine so pripravljeni v skladu z Zakonom o varstvu potro\u0161nikov (ZVPot). Vsebujejo informacije o delovanju trgovine, pravicah uporabnikov ter poslovnem odnosu med trgovino (https:\/\/pracek.si) in kupci. Trgovino upravlja prodajalec Borea IT d.o.o.: Naslov: Budanje 6g, 5271 Vipava ID za DDV: SI64114317 Zavezanec za DDV: DA Mati\u010dna \u0161tevilka: 9923802 Dru\u017eba je vpisana v registru [&hellip;]<\/p>\n","protected":false},"author":1,"featured_media":0,"parent":0,"menu_order":0,"comment_status":"closed","ping_status":"open","template":"","meta":{"footnotes":""},"class_list":["post-3","page","type-page","status-publish","hentry"],"_links":{"self":[{"href":"https:\/\/pracek.si\/daljinci-za-klime\/wp-json\/wp\/v2\/pages\/3","targetHints":{"allow":["GET"]}}],"collection":[{"href":"https:\/\/pracek.si\/daljinci-za-klime\/wp-json\/wp\/v2\/pages"}],"about":[{"href":"https:\/\/pracek.si\/daljinci-za-klime\/wp-json\/wp\/v2\/types\/page"}],"author":[{"embeddable":true,"href":"https:\/\/pracek.si\/daljinci-za-klime\/wp-json\/wp\/v2\/users\/1"}],"replies":[{"embeddable":true,"href":"https:\/\/pracek.si\/daljinci-za-klime\/wp-json\/wp\/v2\/comments?post=3"}],"version-history":[{"count":4,"href":"https:\/\/pracek.si\/daljinci-za-klime\/wp-json\/wp\/v2\/pages\/3\/revisions"}],"predecessor-version":[{"id":198,"href":"https:\/\/pracek.si\/daljinci-za-klime\/wp-json\/wp\/v2\/pages\/3\/revisions\/198"}],"wp:attachment":[{"href":"https:\/\/pracek.si\/daljinci-za-klime\/wp-json\/wp\/v2\/media?parent=3"}],"curies":[{"name":"wp","href":"https:\/\/api.w.org\/{rel}","templated":true}]}}