{"id":99,"date":"2025-11-14T15:34:13","date_gmt":"2025-11-14T14:34:13","guid":{"rendered":"https:\/\/pracek.si\/daljinci-za-tv\/?page_id=99"},"modified":"2025-11-14T15:34:17","modified_gmt":"2025-11-14T14:34:17","slug":"navodila","status":"publish","type":"page","link":"https:\/\/pracek.si\/daljinci-za-tv\/navodila\/","title":{"rendered":"Navodila"},"content":{"rendered":"\n<p><strong>Navodila za uporabo univerzalnega daljinca za TV<\/strong><\/p>\n\n\n\n<p>Hvala, ker ste izbrali <strong>daljinski upravljalnik PAV-101 SMART4K<\/strong>. Ta daljinec je zasnovan za enostavno, zanesljivo in intuitivno upravljanje va\u0161ega televizorja ali multimedijske naprave. Zahvaljujo\u010d moderni zasnovi, odzivnim tipkam in stabilnemu brez\u017ei\u010dnemu delovanju omogo\u010da hitro preklapljanje med kanali, upravljanje glasnosti, menujev in dodatnih funkcij, ki jih ponuja va\u0161 televizor.<\/p>\n\n\n\n<p>Pred prvo uporabo priporo\u010damo, da preberete ta navodila, saj boste tako pravilno nastavili napravo, podalj\u0161ali njeno \u017eivljenjsko dobo in zagotovili optimalno delovanje.<\/p>\n\n\n\n<p><strong>Predstavitev izdelka<\/strong><\/p>\n\n\n\n<p>Daljinski upravljalnik <strong>PAV-101 SMART4K<\/strong> je univerzalni IR (in\/ali RF \u2013 po potrebi dodam) upravljalnik, ki je zdru\u017eljiv z ve\u010dino sodobnih televizorjev. Namenjen je hitremu in preprostemu upravljanju osnovnih TV funkcij ter dodatnih pametnih mo\u017enosti.<\/p>\n\n\n\n<p>Glavne zna\u010dilnosti:<\/p>\n\n\n\n<ul class=\"wp-block-list\">\n<li><strong>Enostavna nastavitev<\/strong> \u2013 hitro u\u010denje ali samodejna konfiguracija (\u010de \u017eeli\u0161, dodam natan\u010den opis).<\/li>\n\n\n\n<li><strong>Velike in odzivne tipke<\/strong>, primerne tudi za starej\u0161e uporabnike.<\/li>\n\n\n\n<li><strong>Dolg doseg delovanja<\/strong> in stabilen signal.<\/li>\n\n\n\n<li><strong>Nizka poraba energije<\/strong>, dolga \u017eivljenjska doba baterij.<\/li>\n\n\n\n<li><strong>Elegantna in kompaktna zasnova<\/strong>, ki omogo\u010da udoben oprijem.<\/li>\n<\/ul>\n\n\n\n<p>Daljinski upravljalnik omogo\u010da upravljanje osnovnih funkcij, kot so vklop\/izklop, glasnost, sprememba kanalov, menu, vir signala ter druge funkcije, odvisno od modela televizorja. POZOR: Nekatere tipke za blji\u017enice (npr Netflix, Youtube, Prime, ipd) vam morda ne bodo delovale, \u010de jih va\u0161a televizija v osnovi ne podpira!<\/p>\n\n\n\n<p><strong>PRED UPORABNO JE POTREBNO V DALJINEC VSTAVITI DVE AA BATERIJI \u2013 NISO PRILO\u017dENE!<\/strong><\/p>\n\n\n\n<hr class=\"wp-block-separator has-alpha-channel-opacity\"\/>\n\n\n\n<p><strong>Daljinec je mogo\u010de s televizijo povezati na dva na\u010dina:<\/strong><\/p>\n\n\n\n<ol class=\"wp-block-list\">\n<li><strong>Pri bolj splo\u0161no uveljavljenih znamkah (LG, SONY, Samsung, Sharp, Panasonic, Toshiba, JVC, Philips) lahko daljinec pove\u017eemo s kombinacijo dveh tipk. Kombinacije tip so na voljo v prilo\u017eenem dokumentu pod razdelkov \u201cSetting with Brand\u201d (opomba \u201cS\u201d je tipka \u201cSet\u201d, ki se nahaja na sredini daljinca).<\/strong><\/li>\n<\/ol>\n\n\n\n<ul class=\"wp-block-list\">\n<li><strong>\u010ce znamke va\u0161e televizije ni v tem razdelku, je potrebna aktivacija s kodo. Do menija za vpis kode pridemo z isto\u010dasnim stiskom na gumb za Vklop\/Izklop (\u00a0 <\/strong><strong>\u23fb ) ter gumba \u201cSet\u201d, ki se nahaja na sredini daljinca. Pri\u017ege se nam zelena lu\u010dka in sedaj lahko vtipkamo trimestno kodo, ki jo dobimo v prilo\u017eenem dokumentu pod razdelkom\u00a0 \u201cSetting with Code\u201d. (npr za televizijo znamke Konka \u201c051\u201d). Konfiguriranje je s tem zaklju\u010deno.<\/strong><\/li>\n<\/ul>\n\n\n\n<p><strong>VIDEO NAVODILA:<\/strong><\/p>\n\n\n\n<figure class=\"wp-block-embed is-type-video is-provider-youtube wp-block-embed-youtube wp-embed-aspect-16-9 wp-has-aspect-ratio\"><div class=\"wp-block-embed__wrapper\">\n<div class=\"video-container\"><iframe title=\"Daljinec za TV - Navodila\" width=\"1170\" height=\"658\" src=\"https:\/\/www.youtube.com\/embed\/dnAmazMLvJo?feature=oembed\" frameborder=\"0\" allow=\"accelerometer; autoplay; clipboard-write; encrypted-media; gyroscope; picture-in-picture; web-share\" referrerpolicy=\"strict-origin-when-cross-origin\" allowfullscreen><\/iframe><\/div>\n<\/div><\/figure>\n","protected":false},"excerpt":{"rendered":"<p>Navodila za uporabo univerzalnega daljinca za TV Hvala, ker ste izbrali daljinski upravljalnik PAV-101 SMART4K. Ta daljinec je zasnovan za enostavno, zanesljivo in intuitivno upravljanje va\u0161ega televizorja ali multimedijske naprave. Zahvaljujo\u010d moderni zasnovi, odzivnim tipkam in stabilnemu brez\u017ei\u010dnemu delovanju omogo\u010da hitro preklapljanje med kanali, upravljanje glasnosti, menujev in dodatnih funkcij, ki jih ponuja va\u0161 televizor. [&hellip;]<\/p>\n","protected":false},"author":1,"featured_media":0,"parent":0,"menu_order":0,"comment_status":"closed","ping_status":"closed","template":"","meta":{"footnotes":""},"class_list":["post-99","page","type-page","status-publish","hentry"],"_links":{"self":[{"href":"https:\/\/pracek.si\/daljinci-za-tv\/wp-json\/wp\/v2\/pages\/99","targetHints":{"allow":["GET"]}}],"collection":[{"href":"https:\/\/pracek.si\/daljinci-za-tv\/wp-json\/wp\/v2\/pages"}],"about":[{"href":"https:\/\/pracek.si\/daljinci-za-tv\/wp-json\/wp\/v2\/types\/page"}],"author":[{"embeddable":true,"href":"https:\/\/pracek.si\/daljinci-za-tv\/wp-json\/wp\/v2\/users\/1"}],"replies":[{"embeddable":true,"href":"https:\/\/pracek.si\/daljinci-za-tv\/wp-json\/wp\/v2\/comments?post=99"}],"version-history":[{"count":1,"href":"https:\/\/pracek.si\/daljinci-za-tv\/wp-json\/wp\/v2\/pages\/99\/revisions"}],"predecessor-version":[{"id":100,"href":"https:\/\/pracek.si\/daljinci-za-tv\/wp-json\/wp\/v2\/pages\/99\/revisions\/100"}],"wp:attachment":[{"href":"https:\/\/pracek.si\/daljinci-za-tv\/wp-json\/wp\/v2\/media?parent=99"}],"curies":[{"name":"wp","href":"https:\/\/api.w.org\/{rel}","templated":true}]}}