{"id":7174,"date":"2024-08-08T12:29:41","date_gmt":"2024-08-08T12:29:41","guid":{"rendered":"https:\/\/pracek.si\/ekrani-za-prenosnike\/?page_id=7174"},"modified":"2024-08-08T12:30:14","modified_gmt":"2024-08-08T12:30:14","slug":"kontakt","status":"publish","type":"page","link":"https:\/\/pracek.si\/ekrani-za-prenosnike\/kontakt\/","title":{"rendered":"Kontakt"},"content":{"rendered":"<p>V kolikor potrebujete pomo\u010d pri nakupu oz i\u0161\u010dete ekran, ki ga nimamo na zalogi, nas lahko kontaktirate preko emaila ali telefona. Omogo\u010damo tudi menjave ekranov po konkuren\u010dnih cenah.<\/p>\n<p>Email: bostjan@pracek.si<\/p>\n<p>Telefon: 031 810 468<\/p>\n<p>&nbsp;<\/p>\n","protected":false},"excerpt":{"rendered":"<p>V kolikor potrebujete pomo\u010d pri nakupu oz i\u0161\u010dete ekran, ki ga nimamo na zalogi, nas lahko kontaktirate preko emaila ali telefona. Omogo\u010damo tudi menjave ekranov po konkuren\u010dnih cenah. Email: bostjan@pracek.si Telefon: 031 810 468 &nbsp;<\/p>\n","protected":false},"author":1,"featured_media":0,"parent":0,"menu_order":0,"comment_status":"closed","ping_status":"closed","template":"","meta":{"footnotes":""},"class_list":["post-7174","page","type-page","status-publish","hentry"],"_links":{"self":[{"href":"https:\/\/pracek.si\/ekrani-za-prenosnike\/wp-json\/wp\/v2\/pages\/7174","targetHints":{"allow":["GET"]}}],"collection":[{"href":"https:\/\/pracek.si\/ekrani-za-prenosnike\/wp-json\/wp\/v2\/pages"}],"about":[{"href":"https:\/\/pracek.si\/ekrani-za-prenosnike\/wp-json\/wp\/v2\/types\/page"}],"author":[{"embeddable":true,"href":"https:\/\/pracek.si\/ekrani-za-prenosnike\/wp-json\/wp\/v2\/users\/1"}],"replies":[{"embeddable":true,"href":"https:\/\/pracek.si\/ekrani-za-prenosnike\/wp-json\/wp\/v2\/comments?post=7174"}],"version-history":[{"count":3,"href":"https:\/\/pracek.si\/ekrani-za-prenosnike\/wp-json\/wp\/v2\/pages\/7174\/revisions"}],"predecessor-version":[{"id":7177,"href":"https:\/\/pracek.si\/ekrani-za-prenosnike\/wp-json\/wp\/v2\/pages\/7174\/revisions\/7177"}],"wp:attachment":[{"href":"https:\/\/pracek.si\/ekrani-za-prenosnike\/wp-json\/wp\/v2\/media?parent=7174"}],"curies":[{"name":"wp","href":"https:\/\/api.w.org\/{rel}","templated":true}]}}