{"id":7327,"date":"2024-08-13T13:03:05","date_gmt":"2024-08-13T13:03:05","guid":{"rendered":"https:\/\/pracek.si\/ekrani-za-prenosnike\/?post_type=product&#038;p=7327"},"modified":"2024-11-11T12:43:51","modified_gmt":"2024-11-11T12:43:51","slug":"173-fhd-ips-mat-ekran-za-prenosnik-b173han01-0-b173han01-1-b173han01-3-nov","status":"publish","type":"product","link":"https:\/\/pracek.si\/ekrani-za-prenosnike\/product\/173-fhd-ips-mat-ekran-za-prenosnik-b173han01-0-b173han01-1-b173han01-3-nov\/","title":{"rendered":"17,3&#8243; FHD IPS mat ekran za prenosnik B173HAN01.0 B173HAN01.1 B173HAN01.3 Nov"},"content":{"rendered":"<p><strong>Dejanski model zaslona: N173HCE-E31 Rev. C2 \/ NV173FHM-N41 v8.0 &#8211; popolnoma zdru\u017eljiv z B173HAN01.0, B173HAN01.1 in B173HAN01.3<\/strong><\/p>\n<p>Izbolj\u0161ajte zmogljivost in vizualno privla\u010dnost va\u0161ega prenosnika z na\u0161imi vrhunskimi 17,3&#8243; FHD IPS mat LCD zasloni, oblikovanimi za modele B173HAN01.0, B173HAN01.1 in B173HAN01.3. Z lo\u010dljivostjo Full HD 1920&#215;1080 pikslov ti zasloni ponujajo jasne in \u017eivahne slike, kar jih naredi idealne tako za delo kot zabavo.<\/p>\n<p>Tehnologija In-Plane Switching (IPS) zagotavlja dosledne in natan\u010dne barve iz katerega koli vidnega kota, kar omogo\u010da poglobljeno izku\u0161njo, ne glede na to, ali gledate videoposnetke, igrate igre ali urejate fotografije. Mat premaz zmanj\u0161uje odseve in ble\u0161\u010danje, kar vam omogo\u010da udobno delo tudi v svetlih okoljih.<\/p>\n<p><strong>Klju\u010dne zna\u010dilnosti:<\/strong><\/p>\n<p>Velikost: 17,3 palcev<br \/>\nLo\u010dljivost: Full HD 1920&#215;1080<br \/>\nVrsta panela: IPS<br \/>\nPremaz: Mat (proti ble\u0161\u010danju)<br \/>\nPriklju\u010dek: 30-pinski eDP<br \/>\nStanje: Popolnoma nov<\/p>\n<p>Ti ekrani so izdelani po najvi\u0161jih standardih, kar zagotavlja zanesljivo zmogljivost in dolgo \u017eivljenjsko dobo. Namestitev je preprosta, zahvaljujo\u010d standardnemu 30-pinskemu eDP priklju\u010dku. Ne glede na to, ali zamenjujete po\u0161kodovan zaslon ali nadgrajujete za bolj\u0161e vizualne u\u010dinke, na\u0161i LCD zasloni ponujajo izjemno vrednost in kakovost.<\/p>\n<p>Naro\u010dite danes in u\u017eivajte v hitri dostavi ter odli\u010dni podpori strankam. Preobrazite svoj prenosnik z zaslonom, ki izbolj\u0161a va\u0161o izku\u0161njo gledanja in ustreza va\u0161im potrebam.<\/p>\n","protected":false},"excerpt":{"rendered":"<p>Nadgradite svoj prenosnik z na\u0161imi visokokakovostnimi 17,3&#8243; FHD IPS mat ekrani, zdru\u017eljivimi z modeli B173HAN01.0, B173HAN01.1 in B173HAN01.3. U\u017eivajte v osupljivih vizualnih u\u010dinkih s Full HD lo\u010dljivostjo in \u0161irokimi vidnimi koti. Zahvaljujo\u010d trpe\u017enemu mat premazu, ki zmanj\u0161uje ble\u0161\u010danje, ti ekrani zagotavljajo udobno izku\u0161njo gledanja. Enostavna namestitev s 30-pinskim eDP priklju\u010dkom, ti popolnoma novi zasloni so idealni za zamenjavo po\u0161kodovanih ali zastarelih ekranov. Naro\u010dite zdaj in prejmite hitro dostavo!<\/p>\n","protected":false},"featured_media":7341,"template":"","meta":[],"product_brand":[],"product_cat":[52],"product_tag":[],"class_list":{"0":"post-7327","1":"product","2":"type-product","3":"status-publish","4":"has-post-thumbnail","6":"product_cat-17-3","8":"first","9":"instock","10":"taxable","11":"shipping-taxable","12":"purchasable","13":"product-type-simple"},"_links":{"self":[{"href":"https:\/\/pracek.si\/ekrani-za-prenosnike\/wp-json\/wp\/v2\/product\/7327","targetHints":{"allow":["GET"]}}],"collection":[{"href":"https:\/\/pracek.si\/ekrani-za-prenosnike\/wp-json\/wp\/v2\/product"}],"about":[{"href":"https:\/\/pracek.si\/ekrani-za-prenosnike\/wp-json\/wp\/v2\/types\/product"}],"wp:featuredmedia":[{"embeddable":true,"href":"https:\/\/pracek.si\/ekrani-za-prenosnike\/wp-json\/wp\/v2\/media\/7341"}],"wp:attachment":[{"href":"https:\/\/pracek.si\/ekrani-za-prenosnike\/wp-json\/wp\/v2\/media?parent=7327"}],"wp:term":[{"taxonomy":"product_brand","embeddable":true,"href":"https:\/\/pracek.si\/ekrani-za-prenosnike\/wp-json\/wp\/v2\/product_brand?post=7327"},{"taxonomy":"product_cat","embeddable":true,"href":"https:\/\/pracek.si\/ekrani-za-prenosnike\/wp-json\/wp\/v2\/product_cat?post=7327"},{"taxonomy":"product_tag","embeddable":true,"href":"https:\/\/pracek.si\/ekrani-za-prenosnike\/wp-json\/wp\/v2\/product_tag?post=7327"}],"curies":[{"name":"wp","href":"https:\/\/api.w.org\/{rel}","templated":true}]}}