{"id":7364,"date":"2024-08-14T08:55:58","date_gmt":"2024-08-14T08:55:58","guid":{"rendered":"https:\/\/pracek.si\/ekrani-za-prenosnike\/?post_type=product&#038;p=7364"},"modified":"2025-08-26T07:34:40","modified_gmt":"2025-08-26T07:34:40","slug":"14-nv140fhm-n46-fhd-ips-mat-lcd-zaslon-30-pinski-edp-zaslon-za-prenosnik-nov","status":"publish","type":"product","link":"https:\/\/pracek.si\/ekrani-za-prenosnike\/product\/14-nv140fhm-n46-fhd-ips-mat-lcd-zaslon-30-pinski-edp-zaslon-za-prenosnik-nov\/","title":{"rendered":"14&#8243; NV140FHM-N46 FHD IPS Mat LCD zaslon, 30-pinski eDP, zaslon za prenosnik &#8211; Nov"},"content":{"rendered":"<p><strong>Dejanski model ekrana za prenosnik: LP140WF8-SPFA \/ B140HAN01.1 \/ B140HAN04.0 \/ NV140FHM-N46 s pritrdilnimi nosilci \u2013 Popolnoma zdru\u017eljiv z modelom NV140FHM-N46<br \/>\n<\/strong><\/p>\n<p>Nadgradite zaslon va\u0161ega prenosnika z <strong>NV140FHM-N46 14\u2033 LCD zaslonom<\/strong>. Ta visokokakovostni nadomestni zaslon ponuja <strong>Full HD lo\u010dljivost (1920\u00d71080)<\/strong> in <strong>tehnologijo IPS<\/strong> (In-Plane Switching), kar zagotavlja \u017eivahne barve in \u0161iroke vidne kote za izbolj\u0161ano vizualno izku\u0161njo. Zaslon je opremljen z <strong>mat povr\u0161ino<\/strong>, ki zmanj\u0161uje ble\u0161\u010danje, kar je idealno za uporabo v notranjih in zunanjih prostorih. <strong>30-pinski eDP priklju\u010dek<\/strong> zagotavlja zdru\u017eljivost s \u0161irokim naborom modelov prenosnikov. Ne glede na to, ali zamenjujete po\u0161kodovan zaslon ali nadgrajujete za bolj\u0161e delovanje, je ta povsem nov LCD zaslon odli\u010dna izbira za jasen, \u010dist in udoben prikaz.<\/p>\n<p>\u00a0<\/p>\n","protected":false},"excerpt":{"rendered":"<p>Izbolj\u0161ajte zaslon va\u0161ega prenosnika z NV140FHM-N46 14&#8243; LCD zaslonom. Ta FHD IPS zaslon ponuja \u017eivahne barve, \u0161iroke vidne kote in mat povr\u0161ino za zmanj\u0161anje ble\u0161\u010danja. Zdru\u017eljiv je z razli\u010dnimi modeli prek 30-pinskega eDP priklju\u010dka, ta nov zaslon pa zagotavlja jasen in \u010dist prikaz.<\/p>\n","protected":false},"featured_media":7354,"template":"","meta":[],"product_brand":[],"product_cat":[51],"product_tag":[],"class_list":{"0":"post-7364","1":"product","2":"type-product","3":"status-publish","4":"has-post-thumbnail","6":"product_cat-51","8":"first","9":"instock","10":"taxable","11":"shipping-taxable","12":"purchasable","13":"product-type-simple"},"_links":{"self":[{"href":"https:\/\/pracek.si\/ekrani-za-prenosnike\/wp-json\/wp\/v2\/product\/7364","targetHints":{"allow":["GET"]}}],"collection":[{"href":"https:\/\/pracek.si\/ekrani-za-prenosnike\/wp-json\/wp\/v2\/product"}],"about":[{"href":"https:\/\/pracek.si\/ekrani-za-prenosnike\/wp-json\/wp\/v2\/types\/product"}],"wp:featuredmedia":[{"embeddable":true,"href":"https:\/\/pracek.si\/ekrani-za-prenosnike\/wp-json\/wp\/v2\/media\/7354"}],"wp:attachment":[{"href":"https:\/\/pracek.si\/ekrani-za-prenosnike\/wp-json\/wp\/v2\/media?parent=7364"}],"wp:term":[{"taxonomy":"product_brand","embeddable":true,"href":"https:\/\/pracek.si\/ekrani-za-prenosnike\/wp-json\/wp\/v2\/product_brand?post=7364"},{"taxonomy":"product_cat","embeddable":true,"href":"https:\/\/pracek.si\/ekrani-za-prenosnike\/wp-json\/wp\/v2\/product_cat?post=7364"},{"taxonomy":"product_tag","embeddable":true,"href":"https:\/\/pracek.si\/ekrani-za-prenosnike\/wp-json\/wp\/v2\/product_tag?post=7364"}],"curies":[{"name":"wp","href":"https:\/\/api.w.org\/{rel}","templated":true}]}}