{"id":7375,"date":"2024-08-14T10:46:55","date_gmt":"2024-08-14T10:46:55","guid":{"rendered":"https:\/\/pracek.si\/ekrani-za-prenosnike\/?post_type=product&#038;p=7375"},"modified":"2025-08-26T07:35:40","modified_gmt":"2025-08-26T07:35:40","slug":"hp-chromebook-14-db-14-fhd-ips-matiran-lcd-zaslon-30-pin-edp-konektor-nov","status":"publish","type":"product","link":"https:\/\/pracek.si\/ekrani-za-prenosnike\/product\/hp-chromebook-14-db-14-fhd-ips-matiran-lcd-zaslon-30-pin-edp-konektor-nov\/","title":{"rendered":"HP Chromebook 14-db 14&#8243; FHD IPS matiran LCD zaslon 30-pin eDp konektor nov"},"content":{"rendered":"<p><strong>Dejanski model ekrana za prenosnik: LP140WF8-SPFA \/ B140HAN01.1 \/ B140HAN04.0 \/ NV140FHM-N46 s pritrdilnimi nosilci &#8211; Popolnoma zdru\u017eljiv s prenosniki iz serije HP Chromebook 14-db<br \/>\n<\/strong><\/p>\n<p>Izbolj\u0161ajte svojo izku\u0161njo gledanja z na\u0161im visokokakovostnim 14-pal\u010dnim zaslonom, zasnovanim posebej za HP Chromebook 14-db Series. Ta Full HD (FHD) IPS ekran ponuja osupljivo jasnost in \u017eivahne barve, kar zagotavlja, da je vsaka slika in video ostri in realisti\u010dni. Matiran zaklju\u010dek ne le zagotavlja eleganten, profesionalen videz, ampak tudi znatno zmanj\u0161uje ble\u0161\u010danje, kar je idealno za uporabo v razli\u010dnih svetlobnih pogojih.<\/p>\n<p>Z eDp konektorjem s 30 pini je ta zaslon zasnovan za enostavno namestitev, kar zagotavlja zdru\u017eljivost z va\u0161o napravo brez potrebe po zapletenih postopkih. Ne glede na to, ali zamenjujete po\u0161kodovan ekran ali nadgrajujete prikaz na svojem Chromebooku, ta povsem nov zaslon za prenosnik zagotavlja zmogljivost in zanesljivost, ki jo pri\u010dakujete. O\u017eivite svoj HP Chromebook 14-db Series z zamenjavo tega visokokakovostnega LCD zaslona.<\/p>\n<p>&nbsp;<\/p>\n<p>&nbsp;<\/p>\n","protected":false},"excerpt":{"rendered":"<p>Nadgradite svoj HP Chromebook 14-db Series z vrhunskim 14-pal\u010dnim FHD IPS LCD zaslonom. U\u017eivajte v kristalno \u010disti sliki z matiranim zaklju\u010dkom, ki zmanj\u0161uje ble\u0161\u010danje. eDp konektor s 30 pini omogo\u010da enostavno in hitro namestitev. Ta povsem nov zaslon za prenosnik je popolna zamenjava za povrnitev kakovosti prikaza va\u0161ega ra\u010dunalnika.<\/p>\n","protected":false},"featured_media":7354,"template":"","meta":[],"product_brand":[],"product_cat":[51],"product_tag":[62],"class_list":{"0":"post-7375","1":"product","2":"type-product","3":"status-publish","4":"has-post-thumbnail","6":"product_cat-51","7":"product_tag-hp","9":"first","10":"instock","11":"taxable","12":"shipping-taxable","13":"purchasable","14":"product-type-simple"},"_links":{"self":[{"href":"https:\/\/pracek.si\/ekrani-za-prenosnike\/wp-json\/wp\/v2\/product\/7375","targetHints":{"allow":["GET"]}}],"collection":[{"href":"https:\/\/pracek.si\/ekrani-za-prenosnike\/wp-json\/wp\/v2\/product"}],"about":[{"href":"https:\/\/pracek.si\/ekrani-za-prenosnike\/wp-json\/wp\/v2\/types\/product"}],"wp:featuredmedia":[{"embeddable":true,"href":"https:\/\/pracek.si\/ekrani-za-prenosnike\/wp-json\/wp\/v2\/media\/7354"}],"wp:attachment":[{"href":"https:\/\/pracek.si\/ekrani-za-prenosnike\/wp-json\/wp\/v2\/media?parent=7375"}],"wp:term":[{"taxonomy":"product_brand","embeddable":true,"href":"https:\/\/pracek.si\/ekrani-za-prenosnike\/wp-json\/wp\/v2\/product_brand?post=7375"},{"taxonomy":"product_cat","embeddable":true,"href":"https:\/\/pracek.si\/ekrani-za-prenosnike\/wp-json\/wp\/v2\/product_cat?post=7375"},{"taxonomy":"product_tag","embeddable":true,"href":"https:\/\/pracek.si\/ekrani-za-prenosnike\/wp-json\/wp\/v2\/product_tag?post=7375"}],"curies":[{"name":"wp","href":"https:\/\/api.w.org\/{rel}","templated":true}]}}