{"id":7386,"date":"2024-08-14T13:22:06","date_gmt":"2024-08-14T13:22:06","guid":{"rendered":"https:\/\/pracek.si\/ekrani-za-prenosnike\/?post_type=product&#038;p=7386"},"modified":"2025-09-11T08:33:53","modified_gmt":"2025-09-11T08:33:53","slug":"14-fhd-ips-ekran-za-dell-latitude-5400-5420-5440-7468-0hn4tm-0d5mvf","status":"publish","type":"product","link":"https:\/\/pracek.si\/ekrani-za-prenosnike\/product\/14-fhd-ips-ekran-za-dell-latitude-5400-5420-5440-7468-0hn4tm-0d5mvf\/","title":{"rendered":"14&#8243; FHD IPS ekran za Dell Latitude 5400  5410 5420 5440 7468 0hn4tm 0D5MVF"},"content":{"rendered":"<p><strong>Dejanski model ekrana: B140HAN04.D \/ B140HA07.1 \/NV140FHM-N4T V8.2 \/ N140HCA-EEK \u2013 popolnoma zdru\u017eljiv z Dell Latitude 5400 5410 5420 5440 7468 \/ 0hn4tm 0D5MVF. Kovinski nosilci se lahko lo\u010dijo od originalnega ekrana.<\/strong><\/p>\n<p>Nadgradite svoj Dell Latitude s posebej prilagojenim 14-pal\u010dnim LED FHD IPS mat zaslonom, ki se popolnoma prilega modelom 5400, 5401, 5410, 5420, 5440 in 7468 (Dell del \u0161tevilke: 0hn4tm 0D5MVF). Z impresivno Full HD lo\u010dljivostjo 1920&#215;1080 ta zaslon o\u017eivi va\u0161o vsebino z \u017eivahnimi barvami in ostrimi detajli. Tehnologija IPS zagotavlja \u0161iroke vidne kote in dosledno barvno natan\u010dnost, kar je idealno za grafi\u010dne oblikovalce, fotografe in vse, ki pri svojem delu potrebujejo natan\u010dnost.<\/p>\n<p>Klju\u010dne prednosti:<\/p>\n<ul>\n<li><strong>FHD lo\u010dljivost<\/strong>: Do\u017eivite globino in jasnost FHD z \u017eivahnimi barvami in ostrimi slikami, kar izbolj\u0161a va\u0161o produktivnost in zabavo.<\/li>\n<li><strong>Tehnologija IPS<\/strong>: U\u017eivajte v doslednih barvah in \u0161irokih vidnih kotih, kar zagotavlja popolne vizualne u\u010dinke iz katerega koli kota.<\/li>\n<li><strong>Mat zaklju\u010dek<\/strong>: Mat protible\u0161\u010dni zaklju\u010dek omogo\u010da dolgotrajno uporabo brez naprezanja o\u010di, idealno za svetla okolja.<\/li>\n<li><strong>30-pinski konektor<\/strong>: Zasnovan za enostavno integracijo z modeli Dell Latitude 5400, 5401, 5410,\u00a0 5420, 5440 in 7468, ta zaslon zagotavlja nemoteno nadgradnjo brez te\u017eav z zdru\u017eljivostjo.<\/li>\n<\/ul>\n<p>Ne glede na to, ali delate na podrobnih oblikovanjih, analizirate podatke ali u\u017eivate v svojih najljub\u0161ih filmih in igrah, vam bo ta zaslon izbolj\u0161al izku\u0161njo gledanja. Njegova protible\u0161\u010dna lastnost omogo\u010da udobno gledanje v katerem koli svetlobnem pogojem, kar zmanj\u0161a naprezanje o\u010di med dolgimi delovnimi sejami ali maratoni zabave. Nadgradite na ta 14-pal\u010dni LED FHD IPS mat ekran in ob\u010dutite razliko v svojem vsakdanjem delu na va\u0161em Dell Latitude.<\/p>\n","protected":false},"excerpt":{"rendered":"<p>Nadgradite svojo izku\u0161njo z Dell Latitude s 14-pal\u010dnim LED FHD IPS mat ekranom, posebej zasnovanim za modele 5400, 5401, 5410, 5420, 5440 in 7468. Ta 30-pinski, visoko lo\u010dljivostni zaslon z 1920&#215;1080 ne le ponuja kristalno \u010disto sliko, temve\u010d tudi zmanj\u0161a ble\u0161\u010danje za udobno gledanje, kar je idealno tako za profesionalce kot za ljubitelje zabave.<\/p>\n","protected":false},"featured_media":7382,"template":"","meta":[],"product_brand":[],"product_cat":[51],"product_tag":[64],"class_list":{"0":"post-7386","1":"product","2":"type-product","3":"status-publish","4":"has-post-thumbnail","6":"product_cat-51","7":"product_tag-dell","9":"first","10":"instock","11":"taxable","12":"shipping-taxable","13":"purchasable","14":"product-type-simple"},"_links":{"self":[{"href":"https:\/\/pracek.si\/ekrani-za-prenosnike\/wp-json\/wp\/v2\/product\/7386","targetHints":{"allow":["GET"]}}],"collection":[{"href":"https:\/\/pracek.si\/ekrani-za-prenosnike\/wp-json\/wp\/v2\/product"}],"about":[{"href":"https:\/\/pracek.si\/ekrani-za-prenosnike\/wp-json\/wp\/v2\/types\/product"}],"wp:featuredmedia":[{"embeddable":true,"href":"https:\/\/pracek.si\/ekrani-za-prenosnike\/wp-json\/wp\/v2\/media\/7382"}],"wp:attachment":[{"href":"https:\/\/pracek.si\/ekrani-za-prenosnike\/wp-json\/wp\/v2\/media?parent=7386"}],"wp:term":[{"taxonomy":"product_brand","embeddable":true,"href":"https:\/\/pracek.si\/ekrani-za-prenosnike\/wp-json\/wp\/v2\/product_brand?post=7386"},{"taxonomy":"product_cat","embeddable":true,"href":"https:\/\/pracek.si\/ekrani-za-prenosnike\/wp-json\/wp\/v2\/product_cat?post=7386"},{"taxonomy":"product_tag","embeddable":true,"href":"https:\/\/pracek.si\/ekrani-za-prenosnike\/wp-json\/wp\/v2\/product_tag?post=7386"}],"curies":[{"name":"wp","href":"https:\/\/api.w.org\/{rel}","templated":true}]}}