{"id":7391,"date":"2024-08-14T13:22:07","date_gmt":"2024-08-14T13:22:07","guid":{"rendered":"https:\/\/pracek.si\/ekrani-za-prenosnike\/?post_type=product&#038;p=7391"},"modified":"2025-09-11T08:34:15","modified_gmt":"2025-09-11T08:34:15","slug":"14-led-fhd-mat-ips-ekran-n140hca-e5b-1920x1080-30-pin-visoka-jasnost","status":"publish","type":"product","link":"https:\/\/pracek.si\/ekrani-za-prenosnike\/product\/14-led-fhd-mat-ips-ekran-n140hca-e5b-1920x1080-30-pin-visoka-jasnost\/","title":{"rendered":"14&#8221; LED FHD Mat IPS Ekran N140HCA-E5B, 1920&#215;1080, 30-Pin, Visoka Jasnost"},"content":{"rendered":"<p><strong>Dejanski model zaslona: B140HAN04.D \/ B140HA07.1 \/NV140FHM-N4T V8.2 \/ N140HCA-EEK &#8211; popolnoma zdru\u017eljiv z N140HCA-E5B.<\/strong><\/p>\n<p>Odkrijte vrhunsko vizualno izku\u0161njo z N140HCA-E5B, vrhunskim 14-pal\u010dnim LED Full HD IPS zaslonom, zasnovanim, da va\u0161e digitalno okolje o\u017eivi. Z lo\u010dljivostjo 1920&#215;1080 ta ekran ponuja ostro in jasno sliko ter briljantne barve, zaradi \u010desar je vsak trenutek na va\u0161em zaslonu prava vizualna poslastica. IPS tehnologija zagotavlja dosledne barve iz \u0161irokih kotov gledanja, kar je idealno za kreativne strokovnjake in ljubitelje multimedije, ki i\u0161\u010dejo natan\u010dnost in podrobnosti v svojem vizualnem prikazu.<\/p>\n<p>Izjemne lastnosti vklju\u010dujejo:<\/p>\n<p><strong>Full HD lo\u010dljivost:<\/strong> Izbolj\u0161ajte svojo izku\u0161njo gledanja z ostrimi in podrobnimi slikami, ki izstopajo z \u017eivahnostjo. Ne glede na to, ali gre za natan\u010dno oblikovanje, podrobne analize ali u\u017eivanje v va\u0161ih najljub\u0161ih filmih in igrah, jasnost in globina tega LCD zaslona sta neprimerljivi.<\/p>\n<p><strong>IPS tehnologija:<\/strong> U\u017eivajte v resni\u010dnih barvah in \u0161irokih kotih gledanja. IPS panel zaslona ohranja barvno integriteto in doslednost.<\/p>\n<p><strong>Mat protiodsevna povr\u0161ina:<\/strong> Poslovite se od mote\u010dih odsevov. Mat zaklju\u010dek ne le zmanj\u0161uje ble\u0161\u010danje, kar olaj\u0161a gledanje v svetlih okoljih, temve\u010d tudi izbolj\u0161uje celotno izku\u0161njo gledanja z bolj\u0161o vidljivostjo.<\/p>\n<p><strong>30-pinski priklju\u010dek:<\/strong> Zasnovan za brezhibno zdru\u017eljivost in enostavno namestitev, 30-pinski priklju\u010dek zagotavlja, da je nadgradnja va\u0161e naprave enostavna in brez te\u017eav, kar \u0161iri spekter zdru\u017eljivih naprav.<\/p>\n<p>Ekran N140HCA-E5B presega obi\u010dajne zmogljivosti zaslona za prenosnik in ponuja ne le pogled, temve\u010d vizijo. To je idealna nadgradnja za vse, ki i\u0161\u010dejo vrhunsko vizualno kakovost, od profesionalcev, ki se zana\u0161ajo na natan\u010dnost barv za svoje projekte, do igralcev in ljubiteljev filmov, ki i\u0161\u010dejo poglobljeno zabavo. Nadgradite svojo napravo z N140HCA-E5B in stopite v svetlej\u0161i, bolj barvit svet.<\/p>\n","protected":false},"excerpt":{"rendered":"<p>Izkusite neprekosljivo jasnost z N140HCA-E5B, 14-pal\u010dnim LED FHD IPS mat ekranom. Ta zaslon z lo\u010dljivostjo 1920&#215;1080 in 30-pinskim priklju\u010dkom prina\u0161a \u017eivahne barve in \u0161iroke kote gledanja, kar je idealno tako za zahtevne profesionalne naloge kot za visoko kakovostno zabavo.<\/p>\n","protected":false},"featured_media":7382,"template":"","meta":[],"product_brand":[],"product_cat":[51],"product_tag":[],"class_list":{"0":"post-7391","1":"product","2":"type-product","3":"status-publish","4":"has-post-thumbnail","6":"product_cat-51","8":"first","9":"instock","10":"taxable","11":"shipping-taxable","12":"purchasable","13":"product-type-simple"},"_links":{"self":[{"href":"https:\/\/pracek.si\/ekrani-za-prenosnike\/wp-json\/wp\/v2\/product\/7391","targetHints":{"allow":["GET"]}}],"collection":[{"href":"https:\/\/pracek.si\/ekrani-za-prenosnike\/wp-json\/wp\/v2\/product"}],"about":[{"href":"https:\/\/pracek.si\/ekrani-za-prenosnike\/wp-json\/wp\/v2\/types\/product"}],"wp:featuredmedia":[{"embeddable":true,"href":"https:\/\/pracek.si\/ekrani-za-prenosnike\/wp-json\/wp\/v2\/media\/7382"}],"wp:attachment":[{"href":"https:\/\/pracek.si\/ekrani-za-prenosnike\/wp-json\/wp\/v2\/media?parent=7391"}],"wp:term":[{"taxonomy":"product_brand","embeddable":true,"href":"https:\/\/pracek.si\/ekrani-za-prenosnike\/wp-json\/wp\/v2\/product_brand?post=7391"},{"taxonomy":"product_cat","embeddable":true,"href":"https:\/\/pracek.si\/ekrani-za-prenosnike\/wp-json\/wp\/v2\/product_cat?post=7391"},{"taxonomy":"product_tag","embeddable":true,"href":"https:\/\/pracek.si\/ekrani-za-prenosnike\/wp-json\/wp\/v2\/product_tag?post=7391"}],"curies":[{"name":"wp","href":"https:\/\/api.w.org\/{rel}","templated":true}]}}