{"id":7393,"date":"2024-08-14T13:22:07","date_gmt":"2024-08-14T13:22:07","guid":{"rendered":"https:\/\/pracek.si\/ekrani-za-prenosnike\/?post_type=product&#038;p=7393"},"modified":"2025-09-11T08:34:22","modified_gmt":"2025-09-11T08:34:22","slug":"14-fhd-ips-mat-led-zaslon-za-prenosnik-nv140fhm-serije-1920x1080-30-pinski","status":"publish","type":"product","link":"https:\/\/pracek.si\/ekrani-za-prenosnike\/product\/14-fhd-ips-mat-led-zaslon-za-prenosnik-nv140fhm-serije-1920x1080-30-pinski\/","title":{"rendered":"14&#8221; FHD IPS mat LED zaslon za prenosnik NV140FHM serije, 1920&#215;1080, 30-pinski"},"content":{"rendered":"<p><strong>Dejansko ime modela ekrana za prenosnik: B140HAN04.D \/ B140HA07.1 \/NV140FHM-N4T V8.2 \/ N140HCA-EEK \u2013 popolnoma zdru\u017eljiv z NV140FHM-N4U \/ NV140FHM-N4T \/ NV140FHM-N4N.<\/strong><\/p>\n<p>Potopite se v vizualno do\u017eivetje z NV140FHM serijo (N4U \/ N4T \/ N4N) \u2013 trio vrhunskih 14-pal\u010dnih LED Full HD IPS zaslonov, ki na novo opredeljujejo jasnost in natan\u010dnost barv. Ti zasloni so zasnovani za izpolnitev zahtev strokovnjakov in navdu\u0161encev, saj ponujajo osupljivo lo\u010dljivost 1920\u00d71080, ki zagotavlja, da je vsak detajl oster in vsaka barva \u017eiva. Mat premaz proti ble\u0161\u010danju prepre\u010duje odseve in zmanj\u0161uje obremenitev o\u010di, kar omogo\u010da udobno gledanje v vseh pogojih.<\/p>\n<p><strong>Izjemne lastnosti:<\/strong><\/p>\n<ul>\n<li><strong>Full HD lo\u010dljivost:<\/strong> U\u017eivajte v ostrini in globini Full HD na zaslonu, ki poskrbi, da vsak piksel \u0161teje, kar izbolj\u0161uje va\u0161o produktivnost in zabavo.<\/li>\n<li><strong>IPS tehnologija:<\/strong> S tehnologijo IPS u\u017eivajte v pristnih barvah in \u0161irokih kotih gledanja, kar zagotavlja, da va\u0161a vsebina izgleda spektakularno iz vsakega zornega kota.<\/li>\n<li><strong>Mat premaz proti ble\u0161\u010danju:<\/strong> Mat povr\u0161ina zmanj\u0161uje ble\u0161\u010danje in odseve, kar zagotavlja bolj udobno gledanje, \u0161e posebej v svetlih pogojih.<\/li>\n<li><strong>30-pinski priklju\u010dek:<\/strong> Zdru\u017eljivost je brezhibna z vklju\u010ditvijo 30-pinskega priklju\u010dka, zaradi \u010desar so ti LCD zasloni vsestranska izbira za nadgradnjo \u0161irokega spektra naprav.<\/li>\n<\/ul>\n<p>Ne glede na to, ali ste grafi\u010dni oblikovalec, ki i\u0161\u010de natan\u010dnost, igralec, ki hrepeni po potopitvi v vizualne svetove, ali ljubitelj filmov, ki si \u017eeli kinematografske kakovosti, so zasloni NV140FHM serije (N4U \/ N4T \/ N4N) zasnovani tako, da prese\u017eejo va\u0161a pri\u010dakovanja. Njihov eleganten dizajn in vrhunska tehnologija ne le izbolj\u0161ata va\u0161o izku\u0161njo gledanja, temve\u010d tudi preobrazita va\u0161e delovno okolje ali zabavni prostor v sredi\u0161\u010de ustvarjalnosti in u\u017eitka. Nadgradite svoj ekran \u017ee danes in stopite v svet, kjer se jasnost, barve in udobje zdru\u017eujejo.<\/p>\n","protected":false},"excerpt":{"rendered":"<p>Do\u017eivite vrhunec tehnologije zaslonov z NV140FHM serijo (N4U \/ N4T \/ N4N), 14-pal\u010dnim LED FHD IPS mat ekranom. Z lo\u010dljivostjo 1920&#215;1080 in 30-pinskim priklju\u010dkom ta zaslon zagotavlja neprimerljivo jasnost, \u017eivahne barve in \u0161iroke kote gledanja \u2013 idealno za zahtevno profesionalno delo ali privla\u010dno zabavo.<\/p>\n","protected":false},"featured_media":7382,"template":"","meta":[],"product_brand":[],"product_cat":[51],"product_tag":[],"class_list":{"0":"post-7393","1":"product","2":"type-product","3":"status-publish","4":"has-post-thumbnail","6":"product_cat-51","8":"first","9":"instock","10":"taxable","11":"shipping-taxable","12":"purchasable","13":"product-type-simple"},"_links":{"self":[{"href":"https:\/\/pracek.si\/ekrani-za-prenosnike\/wp-json\/wp\/v2\/product\/7393","targetHints":{"allow":["GET"]}}],"collection":[{"href":"https:\/\/pracek.si\/ekrani-za-prenosnike\/wp-json\/wp\/v2\/product"}],"about":[{"href":"https:\/\/pracek.si\/ekrani-za-prenosnike\/wp-json\/wp\/v2\/types\/product"}],"wp:featuredmedia":[{"embeddable":true,"href":"https:\/\/pracek.si\/ekrani-za-prenosnike\/wp-json\/wp\/v2\/media\/7382"}],"wp:attachment":[{"href":"https:\/\/pracek.si\/ekrani-za-prenosnike\/wp-json\/wp\/v2\/media?parent=7393"}],"wp:term":[{"taxonomy":"product_brand","embeddable":true,"href":"https:\/\/pracek.si\/ekrani-za-prenosnike\/wp-json\/wp\/v2\/product_brand?post=7393"},{"taxonomy":"product_cat","embeddable":true,"href":"https:\/\/pracek.si\/ekrani-za-prenosnike\/wp-json\/wp\/v2\/product_cat?post=7393"},{"taxonomy":"product_tag","embeddable":true,"href":"https:\/\/pracek.si\/ekrani-za-prenosnike\/wp-json\/wp\/v2\/product_tag?post=7393"}],"curies":[{"name":"wp","href":"https:\/\/api.w.org\/{rel}","templated":true}]}}