{"id":7394,"date":"2024-08-14T13:22:07","date_gmt":"2024-08-14T13:22:07","guid":{"rendered":"https:\/\/pracek.si\/ekrani-za-prenosnike\/?post_type=product&#038;p=7394"},"modified":"2025-09-11T08:34:19","modified_gmt":"2025-09-11T08:34:19","slug":"14-fhd-ips-mat-led-zaslon-za-prenosnik-lenovo-yoga-c740-14iml-fhd","status":"publish","type":"product","link":"https:\/\/pracek.si\/ekrani-za-prenosnike\/product\/14-fhd-ips-mat-led-zaslon-za-prenosnik-lenovo-yoga-c740-14iml-fhd\/","title":{"rendered":"14&#8243; FHD IPS mat LED zaslon za prenosnik Lenovo Yoga C740-14IML, FHD"},"content":{"rendered":"<p><strong>Dejanski model zaslona: B140HAN04.D \/ B140HA07.1 \/NV140FHM-N4T V8.2 \/ N140HCA-EEK &#8211; popolnoma zdru\u017eljiv z Lenovo Yoga C740-14IML (brez dotika)!<\/strong><\/p>\n<p>Preoblikujte svoj Lenovo Yoga C740-14IML (brez dotika) v vizualno zmogljivo napravo z na\u0161im vrhunskim 14-pal\u010dnim LED Full HD IPS mat zaslonom. Zasnovan je tako, da ustreza natan\u010dnosti in briljantnosti va\u0161e naprave, ta zaslon z osupljivo lo\u010dljivostjo 1920&#215;1080 prina\u0161a vsebine v \u017eivljenje z ostrimi detajli in \u017eivahnimi barvami. Tehnologija IPS zagotavlja \u0161iroke vidne kote in dosledno reprodukcijo barv, zaradi \u010desar je ekran za prenosnik idealen za profesionalno grafi\u010dno oblikovanje, urejanje fotografij in u\u017eivanje v multimedijskih vsebinah.<\/p>\n<p><strong>Lastnosti:<\/strong><\/p>\n<p><strong>Full HD lo\u010dljivost:<\/strong> Do\u017eivite jasnost in podrobnosti v Full HD lo\u010dljivosti, ki izbolj\u0161a vsako nalogo, od produktivnih aplikacij do pretakanja va\u0161ih najljub\u0161ih oddaj.<br \/>\n<strong>IPS tehnologija:<\/strong> S preciznimi barvami in \u0161irokimi vidnimi koti ekran zagotavlja, da bo va\u0161 prikaz izjemen iz katerega koli zornega kota, kar je popolno za deljenje zaslona z drugimi.<br \/>\n<strong>Mat povr\u0161ina proti ble\u0161\u010danju:<\/strong> Mat premaz znatno zmanj\u0161a ble\u0161\u010danje in odseve zaslona, kar vam omogo\u010da udobno delo v svetlih okoljih ter zmanj\u0161uje utrujenost o\u010di med dalj\u0161o uporabo.<br \/>\n<strong>30-pinski priklju\u010dek:<\/strong> Zasnovan posebej za Lenovo Yoga C740-14IML, ta zaslon za prenosnik ponuja brezhibno zdru\u017eljivost in enostavno namestitev, kar zagotavlja popolno prileganje va\u0161i napravi.<\/p>\n<p>Ne glede na to, ali nadgrajujete zaradi izbolj\u0161ane delovne u\u010dinkovitosti ali za bolj\u0161o zabavo, je ta LCD zaslon pravi preboj za va\u0161 Lenovo Yoga C740-14IML. Njegove lastnosti proti ble\u0161\u010danju in vrhunska natan\u010dnost barv ga naredijo vsestransko izbiro za vse va\u0161e potrebe. Izbolj\u0161ajte svojo vizualno izku\u0161njo z na\u0161im 14-pal\u010dnim LED FHD IPS mat zaslonom in u\u017eivajte v neprimerljivi vizualni kakovosti, ki dopolnjuje va\u0161 \u017eivljenjski slog.<\/p>\n","protected":false},"excerpt":{"rendered":"<p>Izbolj\u0161ajte svoj Lenovo Yoga C740-14IML z na\u0161im 14-pal\u010dnim LED FHD IPS mat zaslonom. Z lo\u010dljivostjo 1920&#215;1080 in 30-pinskim priklju\u010dkom ta zaslon ponuja \u017eive barve in \u0161iroke vidne kote ter zagotavlja brez ble\u0161\u010danja, kar je popolno tako za delo kot zabavo.<\/p>\n","protected":false},"featured_media":7382,"template":"","meta":[],"product_brand":[],"product_cat":[51],"product_tag":[60],"class_list":{"0":"post-7394","1":"product","2":"type-product","3":"status-publish","4":"has-post-thumbnail","6":"product_cat-51","7":"product_tag-lenovo","9":"first","10":"instock","11":"taxable","12":"shipping-taxable","13":"purchasable","14":"product-type-simple"},"_links":{"self":[{"href":"https:\/\/pracek.si\/ekrani-za-prenosnike\/wp-json\/wp\/v2\/product\/7394","targetHints":{"allow":["GET"]}}],"collection":[{"href":"https:\/\/pracek.si\/ekrani-za-prenosnike\/wp-json\/wp\/v2\/product"}],"about":[{"href":"https:\/\/pracek.si\/ekrani-za-prenosnike\/wp-json\/wp\/v2\/types\/product"}],"wp:featuredmedia":[{"embeddable":true,"href":"https:\/\/pracek.si\/ekrani-za-prenosnike\/wp-json\/wp\/v2\/media\/7382"}],"wp:attachment":[{"href":"https:\/\/pracek.si\/ekrani-za-prenosnike\/wp-json\/wp\/v2\/media?parent=7394"}],"wp:term":[{"taxonomy":"product_brand","embeddable":true,"href":"https:\/\/pracek.si\/ekrani-za-prenosnike\/wp-json\/wp\/v2\/product_brand?post=7394"},{"taxonomy":"product_cat","embeddable":true,"href":"https:\/\/pracek.si\/ekrani-za-prenosnike\/wp-json\/wp\/v2\/product_cat?post=7394"},{"taxonomy":"product_tag","embeddable":true,"href":"https:\/\/pracek.si\/ekrani-za-prenosnike\/wp-json\/wp\/v2\/product_tag?post=7394"}],"curies":[{"name":"wp","href":"https:\/\/api.w.org\/{rel}","templated":true}]}}