{"id":7398,"date":"2024-08-14T13:22:08","date_gmt":"2024-08-14T13:22:08","guid":{"rendered":"https:\/\/pracek.si\/ekrani-za-prenosnike\/?post_type=product&#038;p=7398"},"modified":"2026-02-04T15:11:18","modified_gmt":"2026-02-04T15:11:18","slug":"14-fhd-mat-lcd-zaslon-za-hp-elitebook-840-g7-845-g7-30-pin-nov","status":"publish","type":"product","link":"https:\/\/pracek.si\/ekrani-za-prenosnike\/product\/14-fhd-mat-lcd-zaslon-za-hp-elitebook-840-g7-845-g7-30-pin-nov\/","title":{"rendered":"14&#8243; FHD mat LCD zaslon za HP EliteBook 840 G7\/845 G7, 30 pin, nov"},"content":{"rendered":"<p><strong>Dejanski model zaslona: N140HCG-GE1 \u2013 popolnoma zdru\u017eljiv z prenosniki HP EliteBook 840 G7 in 845 G7<\/strong><\/p>\n<p>Nadgradite svoj HP EliteBook 840 G7 ali 845 G7 s tem novim 14-pal\u010dnim FHD LCD zaslonom, zasnovanim za zagotavljanje kristalno jasnih vizualnih prikazov in \u017eivahnih barv. Ta zaslon se pona\u0161a s tehnologijo IPS, ki zagotavlja \u0161iroke kote gledanja in izjemno kakovost slike. Mat zaklju\u010dek zmanj\u0161uje ble\u0161\u010danje, kar ga naredi idealnega za uporabo v razli\u010dnih svetlobnih pogojih. Z 30-pinskim eDp priklju\u010dkom je namestitev enostavna, prilo\u017eeni samolepilni trakovi pa poskrbijo za enostavno monta\u017eo. Popoln za zamenjavo po\u0161kodovanega ali nedelujo\u010dega zaslona, ta ekran nudi brezhibno prileganje brez potrebe po zgornjih in spodnjih nosilcih. Obojestranski lepilni trak za monta\u017eo je prilo\u017een! Izbolj\u0161ajte svojo produktivnost in zabavo s tem visokokakovostnim nadomestnim zaslonom za prenosnik.<\/p>\n","protected":false},"excerpt":{"rendered":"<p>Nov 14&#8243; FHD mat LCD zaslon za HP EliteBook 840 G7 in 845 G7. Pona\u0161a se s tehnologijo IPS, 30-pinskim eDp priklju\u010dkom ter vklju\u010duje samolepilne trakove za enostavno namestitev. Idealen za zamenjavo po\u0161kodovanih zaslonov, ta ekran nudi jasne vizualne prikaze z zmanj\u0161anim ble\u0161\u010danjem.<\/p>\n","protected":false},"featured_media":8086,"template":"","meta":[],"product_brand":[],"product_cat":[51],"product_tag":[72,62],"class_list":{"0":"post-7398","1":"product","2":"type-product","3":"status-publish","4":"has-post-thumbnail","6":"product_cat-51","7":"product_tag-elitebook","8":"product_tag-hp","10":"first","11":"instock","12":"taxable","13":"shipping-taxable","14":"purchasable","15":"product-type-simple"},"_links":{"self":[{"href":"https:\/\/pracek.si\/ekrani-za-prenosnike\/wp-json\/wp\/v2\/product\/7398","targetHints":{"allow":["GET"]}}],"collection":[{"href":"https:\/\/pracek.si\/ekrani-za-prenosnike\/wp-json\/wp\/v2\/product"}],"about":[{"href":"https:\/\/pracek.si\/ekrani-za-prenosnike\/wp-json\/wp\/v2\/types\/product"}],"wp:featuredmedia":[{"embeddable":true,"href":"https:\/\/pracek.si\/ekrani-za-prenosnike\/wp-json\/wp\/v2\/media\/8086"}],"wp:attachment":[{"href":"https:\/\/pracek.si\/ekrani-za-prenosnike\/wp-json\/wp\/v2\/media?parent=7398"}],"wp:term":[{"taxonomy":"product_brand","embeddable":true,"href":"https:\/\/pracek.si\/ekrani-za-prenosnike\/wp-json\/wp\/v2\/product_brand?post=7398"},{"taxonomy":"product_cat","embeddable":true,"href":"https:\/\/pracek.si\/ekrani-za-prenosnike\/wp-json\/wp\/v2\/product_cat?post=7398"},{"taxonomy":"product_tag","embeddable":true,"href":"https:\/\/pracek.si\/ekrani-za-prenosnike\/wp-json\/wp\/v2\/product_tag?post=7398"}],"curies":[{"name":"wp","href":"https:\/\/api.w.org\/{rel}","templated":true}]}}