{"id":7412,"date":"2024-08-21T16:56:46","date_gmt":"2024-08-21T16:56:46","guid":{"rendered":"https:\/\/pracek.si\/ekrani-za-prenosnike\/?post_type=product&#038;p=7412"},"modified":"2024-09-10T19:25:03","modified_gmt":"2024-09-10T19:25:03","slug":"15-6-lcd-zaslon-b156xtn07-0-mat-30pin-wxga-nov","status":"publish","type":"product","link":"https:\/\/pracek.si\/ekrani-za-prenosnike\/product\/15-6-lcd-zaslon-b156xtn07-0-mat-30pin-wxga-nov\/","title":{"rendered":"15.6&#8243; LCD zaslon B156XTN07.0 mat 30pin WXGA nov"},"content":{"rendered":"<p><strong>Dejanski model ekrana: N156BGA-EA2 REV C1 ali B156XT07.1 \u2013 popolnoma zdru\u017eljiv z LCD zaslonom B156XTN07.0<\/strong><\/p>\n<p>B156XTN07.0 je vrhunski 15,6-pal\u010dni LCD zaslon, zasnovan za izbolj\u0161anje kakovosti prikaza na va\u0161em prenosniku. Mat povr\u0161ina tega ekrana u\u010dinkovito zmanj\u0161uje ble\u0161\u010danje, kar omogo\u010da uporabo v razli\u010dnih svetlobnih pogojih, bodisi v zaprtih prostorih ali na prostem. WXGA lo\u010dljivost (1366&#215;768) zagotavlja ostro in jasno sliko, ki je idealna za naloge, kot so brskanje po spletu, gledanje medijev in pisarni\u0161ko delo.<\/p>\n<p>Ta LCD zaslon je opremljen s 30-pinskim eDP priklju\u010dkom, kar zagotavlja brezhibno povezavo z va\u0161im prenosnikom. Vklju\u010denost zgornjih in spodnjih nosilcev omogo\u010da enostavno in varno namestitev, kar zagotavlja stabilnost med uporabo. \u010ceprav ni IPS zaslon, \u0161e vedno ponuja dobro barvno natan\u010dnost in kote gledanja, kar ga naredi zanesljivo izbiro za ve\u010dino uporabnikov.<\/p>\n<p>Popolnoma nov in v brezhibnem stanju je LCD zaslon B156XTN07.0 popolna zamenjava ali nadgradnja za obstoje\u010di ekran va\u0161ega prenosnika. Ne glede na to, ali ste \u0161tudent, profesionalec ali prilo\u017enostni uporabnik, je ta zaslon zasnovan tako, da zagotavlja dosledno delovanje in jasno vizualno izku\u0161njo.<\/p>\n","protected":false},"excerpt":{"rendered":"<p>Nadgradite prikaz na svojem prenosniku z LCD zaslonom B156XTN07.0. Ta 15,6-pal\u010dni mat ekran ponuja WXGA lo\u010dljivost in je opremljen s 30-pinskim eDP priklju\u010dkom. Z zgornjimi in spodnjimi nosilci zagotavlja varno prileganje. Popolnoma nov, ne-IPS zaslon prina\u0161a zanesljive in ostre vizualne prikaze za vsakodnevno uporabo.<\/p>\n","protected":false},"featured_media":7407,"template":"","meta":[],"product_brand":[],"product_cat":[50],"product_tag":[],"class_list":{"0":"post-7412","1":"product","2":"type-product","3":"status-publish","4":"has-post-thumbnail","6":"product_cat-15-6","8":"first","9":"instock","10":"taxable","11":"shipping-taxable","12":"purchasable","13":"product-type-simple"},"_links":{"self":[{"href":"https:\/\/pracek.si\/ekrani-za-prenosnike\/wp-json\/wp\/v2\/product\/7412","targetHints":{"allow":["GET"]}}],"collection":[{"href":"https:\/\/pracek.si\/ekrani-za-prenosnike\/wp-json\/wp\/v2\/product"}],"about":[{"href":"https:\/\/pracek.si\/ekrani-za-prenosnike\/wp-json\/wp\/v2\/types\/product"}],"wp:featuredmedia":[{"embeddable":true,"href":"https:\/\/pracek.si\/ekrani-za-prenosnike\/wp-json\/wp\/v2\/media\/7407"}],"wp:attachment":[{"href":"https:\/\/pracek.si\/ekrani-za-prenosnike\/wp-json\/wp\/v2\/media?parent=7412"}],"wp:term":[{"taxonomy":"product_brand","embeddable":true,"href":"https:\/\/pracek.si\/ekrani-za-prenosnike\/wp-json\/wp\/v2\/product_brand?post=7412"},{"taxonomy":"product_cat","embeddable":true,"href":"https:\/\/pracek.si\/ekrani-za-prenosnike\/wp-json\/wp\/v2\/product_cat?post=7412"},{"taxonomy":"product_tag","embeddable":true,"href":"https:\/\/pracek.si\/ekrani-za-prenosnike\/wp-json\/wp\/v2\/product_tag?post=7412"}],"curies":[{"name":"wp","href":"https:\/\/api.w.org\/{rel}","templated":true}]}}