{"id":7415,"date":"2024-08-21T17:20:16","date_gmt":"2024-08-21T17:20:16","guid":{"rendered":"https:\/\/pracek.si\/ekrani-za-prenosnike\/?post_type=product&#038;p=7415"},"modified":"2024-09-14T13:10:56","modified_gmt":"2024-09-14T13:10:56","slug":"15-6-lcd-zaslon-b156xtn04-0-mat-30pin-wxga-nov","status":"publish","type":"product","link":"https:\/\/pracek.si\/ekrani-za-prenosnike\/product\/15-6-lcd-zaslon-b156xtn04-0-mat-30pin-wxga-nov\/","title":{"rendered":"15.6&#8243; LCD zaslon B156XTN04.0 mat 30pin WXGA nov"},"content":{"rendered":"<p><strong>Dejanski model ekrana: N156BGA-EA2 REV C1 ali B156XT07.1 \u2013 popolnoma zdru\u017eljiv z LCD zaslonom B156XTN04.0<\/strong><\/p>\n<p>B156XTN04.0 je 15,6-pal\u010dni LCD zaslon, zasnovan za izbolj\u0161anje vizualne zmogljivosti va\u0161ega prenosnika. Z mat povr\u0161ino ta ekran u\u010dinkovito zmanj\u0161uje ble\u0161\u010danje, kar je idealno za uporabo v razli\u010dnih svetlobnih pogojih. WXGA lo\u010dljivost (1366&#215;768) zagotavlja, da so va\u0161i vizualni prikazi ostri in podrobni, ne glede na to, ali delate, brskate po spletu ali u\u017eivate v multimedijskih vsebinah.<\/p>\n<p>Ta zaslon je opremljen s 30-pinskim eDP priklju\u010dkom, ki omogo\u010da brezhibno povezavo z va\u0161im prenosnikom. Zgornji in spodnji nosilci zagotavljajo varno in preprosto namestitev, kar zagotavlja, da ekran popolnoma ustreza va\u0161i napravi. \u010ceprav je ne-IPS zaslon, B156XTN04.0 \u0161e vedno ponuja dobro barvno natan\u010dnost in kote gledanja, zaradi \u010desar je zanesljiva izbira za vsakodnevno uporabo.<\/p>\n<p>Popolnoma nov in v brezhibnem stanju, je LCD zaslon B156XTN04.0 odli\u010dna zamenjava ali nadgradnja za va\u0161 prenosnik. Ne glede na to, ali ste profesionalec, \u0161tudent ali prilo\u017enostni uporabnik, bo ta zaslon zagotavljal dosledno zmogljivost, kar vam omogo\u010da jasno in udobno vizualno izku\u0161njo, prilagojeno va\u0161im potrebam.<\/p>\n","protected":false},"excerpt":{"rendered":"<p>Nadgradite prikaz na svojem prenosniku z LCD zaslonom B156XTN04.0. Ta 15,6-pal\u010dni mat ekran ima WXGA lo\u010dljivost in 30-pinski eDP priklju\u010dek, kar omogo\u010da enostavno namestitev z zgornjimi in spodnjimi nosilci. Popolnoma nov in ne-IPS, ponuja jasne in zanesljive vizualne prikaze za vsakodnevna opravila.<\/p>\n","protected":false},"featured_media":7407,"template":"","meta":[],"product_brand":[],"product_cat":[50],"product_tag":[],"class_list":{"0":"post-7415","1":"product","2":"type-product","3":"status-publish","4":"has-post-thumbnail","6":"product_cat-15-6","8":"first","9":"instock","10":"taxable","11":"shipping-taxable","12":"purchasable","13":"product-type-simple"},"_links":{"self":[{"href":"https:\/\/pracek.si\/ekrani-za-prenosnike\/wp-json\/wp\/v2\/product\/7415","targetHints":{"allow":["GET"]}}],"collection":[{"href":"https:\/\/pracek.si\/ekrani-za-prenosnike\/wp-json\/wp\/v2\/product"}],"about":[{"href":"https:\/\/pracek.si\/ekrani-za-prenosnike\/wp-json\/wp\/v2\/types\/product"}],"wp:featuredmedia":[{"embeddable":true,"href":"https:\/\/pracek.si\/ekrani-za-prenosnike\/wp-json\/wp\/v2\/media\/7407"}],"wp:attachment":[{"href":"https:\/\/pracek.si\/ekrani-za-prenosnike\/wp-json\/wp\/v2\/media?parent=7415"}],"wp:term":[{"taxonomy":"product_brand","embeddable":true,"href":"https:\/\/pracek.si\/ekrani-za-prenosnike\/wp-json\/wp\/v2\/product_brand?post=7415"},{"taxonomy":"product_cat","embeddable":true,"href":"https:\/\/pracek.si\/ekrani-za-prenosnike\/wp-json\/wp\/v2\/product_cat?post=7415"},{"taxonomy":"product_tag","embeddable":true,"href":"https:\/\/pracek.si\/ekrani-za-prenosnike\/wp-json\/wp\/v2\/product_tag?post=7415"}],"curies":[{"name":"wp","href":"https:\/\/api.w.org\/{rel}","templated":true}]}}