{"id":7420,"date":"2024-08-21T18:16:23","date_gmt":"2024-08-21T18:16:23","guid":{"rendered":"https:\/\/pracek.si\/ekrani-za-prenosnike\/?post_type=product&#038;p=7420"},"modified":"2024-09-10T19:25:03","modified_gmt":"2024-09-10T19:25:03","slug":"15-6-lcd-zaslon-b156xtn04-6-mat-30pin-wxga-nov","status":"publish","type":"product","link":"https:\/\/pracek.si\/ekrani-za-prenosnike\/product\/15-6-lcd-zaslon-b156xtn04-6-mat-30pin-wxga-nov\/","title":{"rendered":"15.6&#8243; LCD zaslon za prenosnik B156XTN04.6 mat 30pin WXGA nov"},"content":{"rendered":"<p><strong>Dejanski model ekrana: N156BGA-EA2 REV C1 ali B156XT07.1 \u2013 popolnoma zdru\u017eljiv z LCD zaslonom B156XTN04.6<\/strong><\/p>\n<p>B156XTN04.6 je vrhunski 15,6-pal\u010dni LCD zaslon, zasnovan za zagotavljanje ostre in jasne vizualne izku\u0161nje na va\u0161em prenosniku. Mat povr\u0161ina tega ekrana u\u010dinkovito zmanj\u0161uje ble\u0161\u010danje, kar omogo\u010da uporabo v razli\u010dnih svetlobnih pogojih, bodisi v zaprtih prostorih ali na prostem. Z WXGA lo\u010dljivostjo (1366&#215;768) boste u\u017eivali v ostrih in podrobnih vizualnih prikazih, ki so idealni za vse, od brskanja po spletu do multimedijskih opravil.<\/p>\n<p>Ta LCD zaslon je opremljen s 30-pinskim eDP priklju\u010dkom, ki omogo\u010da preprosto in zanesljivo povezavo z va\u0161im prenosnikom. Vklju\u010deni zgornji in spodnji nosilci zagotavljajo stabilno in brezskrbno namestitev. \u010ceprav zaslon ni IPS, \u0161e vedno nudi dobro barvno natan\u010dnost in kote gledanja, kar ga naredi odli\u010dnega za ve\u010dino vsakodnevnih nalog.<\/p>\n<p>Popolnoma nov in v popolnem stanju je B156XTN04.6 idealna zamenjava ali nadgradnja za obstoje\u010di ekran va\u0161ega prenosnika. Ne glede na to, ali ste \u0161tudent, profesionalec ali prilo\u017enostni uporabnik, je ta LCD zaslon zasnovan tako, da ponuja dosledno zmogljivost in udobno vizualno izku\u0161njo, ki izbolj\u0161uje va\u0161o dnevno produktivnost in zabavo.<\/p>\n","protected":false},"excerpt":{"rendered":"<p>Nadgradite zaslon svojega prenosnika z LCD zaslonom B156XTN04.6. Ta 15,6-pal\u010dni mat ekran ponuja WXGA lo\u010dljivost in vklju\u010duje 30-pinski eDP priklju\u010dek. Zgornji in spodnji nosilci omogo\u010dajo enostavno namestitev. Popolnoma nov, ne-IPS ekran zagotavlja jasne in zanesljive vizualne prikaze za vsakodnevno uporabo.<\/p>\n","protected":false},"featured_media":7407,"template":"","meta":[],"product_brand":[],"product_cat":[50],"product_tag":[],"class_list":{"0":"post-7420","1":"product","2":"type-product","3":"status-publish","4":"has-post-thumbnail","6":"product_cat-15-6","8":"first","9":"instock","10":"taxable","11":"shipping-taxable","12":"purchasable","13":"product-type-simple"},"_links":{"self":[{"href":"https:\/\/pracek.si\/ekrani-za-prenosnike\/wp-json\/wp\/v2\/product\/7420","targetHints":{"allow":["GET"]}}],"collection":[{"href":"https:\/\/pracek.si\/ekrani-za-prenosnike\/wp-json\/wp\/v2\/product"}],"about":[{"href":"https:\/\/pracek.si\/ekrani-za-prenosnike\/wp-json\/wp\/v2\/types\/product"}],"wp:featuredmedia":[{"embeddable":true,"href":"https:\/\/pracek.si\/ekrani-za-prenosnike\/wp-json\/wp\/v2\/media\/7407"}],"wp:attachment":[{"href":"https:\/\/pracek.si\/ekrani-za-prenosnike\/wp-json\/wp\/v2\/media?parent=7420"}],"wp:term":[{"taxonomy":"product_brand","embeddable":true,"href":"https:\/\/pracek.si\/ekrani-za-prenosnike\/wp-json\/wp\/v2\/product_brand?post=7420"},{"taxonomy":"product_cat","embeddable":true,"href":"https:\/\/pracek.si\/ekrani-za-prenosnike\/wp-json\/wp\/v2\/product_cat?post=7420"},{"taxonomy":"product_tag","embeddable":true,"href":"https:\/\/pracek.si\/ekrani-za-prenosnike\/wp-json\/wp\/v2\/product_tag?post=7420"}],"curies":[{"name":"wp","href":"https:\/\/api.w.org\/{rel}","templated":true}]}}