{"id":7421,"date":"2024-08-21T18:19:43","date_gmt":"2024-08-21T18:19:43","guid":{"rendered":"https:\/\/pracek.si\/ekrani-za-prenosnike\/?post_type=product&#038;p=7421"},"modified":"2024-09-10T19:25:02","modified_gmt":"2024-09-10T19:25:02","slug":"15-6-lcd-zaslon-n156bge-e32-eb1-mat-30pin-wxga-nov","status":"publish","type":"product","link":"https:\/\/pracek.si\/ekrani-za-prenosnike\/product\/15-6-lcd-zaslon-n156bge-e32-eb1-mat-30pin-wxga-nov\/","title":{"rendered":"15.6&#8243; LCD zaslon N156BGE-E32 \/ EB1 mat 30pin WXGA nov"},"content":{"rendered":"<p><strong>Dejanski model ekrana: N156BGA-EA2 REV C1 ali B156XT07.1 \u2013 popolnoma zdru\u017eljiv z LCD zaslonom N156BGE-E32 \/ EB1<\/strong><\/p>\n<p>N156BGE-E32 \/ EB1 je vrhunski 15,6-pal\u010dni LCD zaslon, zasnovan za izbolj\u0161anje kakovosti prikaza na va\u0161em prenosniku. Z mat povr\u0161ino ta zaslon u\u010dinkovito zmanj\u0161uje ble\u0161\u010danje, zaradi \u010desar je primeren za uporabo v razli\u010dnih svetlobnih pogojih, tako v zaprtih prostorih kot na prostem. WXGA lo\u010dljivost (1366&#215;768) zagotavlja ostro in \u017eivahno sliko, idealno za opravila, kot so brskanje po spletu, gledanje videoposnetkov in pisarni\u0161ko delo.<\/p>\n<p>Ta LCD zaslon je opremljen s 30-pinskim eDP priklju\u010dkom, kar omogo\u010da enostavno in varno namestitev v va\u0161 prenosnik. Zgornji in spodnji nosilci dodatno zagotavljajo stabilno prileganje, kar prina\u0161a dodatno zanesljivost med monta\u017eo. \u010ceprav je ta ekran ne-IPS, \u0161e vedno ponuja dobro reprodukcijo barv in \u0161iroke kote gledanja, kar ga naredi odli\u010dnega za vsakodnevno uporabo.<\/p>\n<p>Popolnoma nov in v brezhibnem stanju je N156BGE-E32 \/ EB1 odli\u010dna zamenjava ali nadgradnja za zaslon va\u0161ega prenosnika. Ne glede na to, ali ste profesionalec, \u0161tudent ali prilo\u017enostni uporabnik, je ta zaslon zasnovan tako, da zagotavlja dosledno, zanesljivo delovanje in jasen, udoben vizualni prikaz.<\/p>\n","protected":false},"excerpt":{"rendered":"<p>Nadgradite prikaz na svojem prenosniku z LCD zaslonom N156BGE-E32 \/ EB1. Ta 15,6-pal\u010dni mat ekran ponuja jasno WXGA lo\u010dljivost in je opremljen s 30-pinskim eDP priklju\u010dkom. Zgornji in spodnji nosilci zagotavljajo varno namestitev. Popolnoma nov, ne-IPS zaslon zagotavlja zanesljive in ostre vizualne prikaze za vsakodnevno uporabo.<\/p>\n","protected":false},"featured_media":7407,"template":"","meta":[],"product_brand":[],"product_cat":[50],"product_tag":[],"class_list":{"0":"post-7421","1":"product","2":"type-product","3":"status-publish","4":"has-post-thumbnail","6":"product_cat-15-6","8":"first","9":"instock","10":"taxable","11":"shipping-taxable","12":"purchasable","13":"product-type-simple"},"_links":{"self":[{"href":"https:\/\/pracek.si\/ekrani-za-prenosnike\/wp-json\/wp\/v2\/product\/7421","targetHints":{"allow":["GET"]}}],"collection":[{"href":"https:\/\/pracek.si\/ekrani-za-prenosnike\/wp-json\/wp\/v2\/product"}],"about":[{"href":"https:\/\/pracek.si\/ekrani-za-prenosnike\/wp-json\/wp\/v2\/types\/product"}],"wp:featuredmedia":[{"embeddable":true,"href":"https:\/\/pracek.si\/ekrani-za-prenosnike\/wp-json\/wp\/v2\/media\/7407"}],"wp:attachment":[{"href":"https:\/\/pracek.si\/ekrani-za-prenosnike\/wp-json\/wp\/v2\/media?parent=7421"}],"wp:term":[{"taxonomy":"product_brand","embeddable":true,"href":"https:\/\/pracek.si\/ekrani-za-prenosnike\/wp-json\/wp\/v2\/product_brand?post=7421"},{"taxonomy":"product_cat","embeddable":true,"href":"https:\/\/pracek.si\/ekrani-za-prenosnike\/wp-json\/wp\/v2\/product_cat?post=7421"},{"taxonomy":"product_tag","embeddable":true,"href":"https:\/\/pracek.si\/ekrani-za-prenosnike\/wp-json\/wp\/v2\/product_tag?post=7421"}],"curies":[{"name":"wp","href":"https:\/\/api.w.org\/{rel}","templated":true}]}}