{"id":7452,"date":"2024-08-22T13:33:11","date_gmt":"2024-08-22T13:33:11","guid":{"rendered":"https:\/\/pracek.si\/ekrani-za-prenosnike\/?post_type=product&#038;p=7452"},"modified":"2024-09-10T19:14:16","modified_gmt":"2024-09-10T19:14:16","slug":"15-6-lcd-zaslon-za-lenovo-ideapad-320-330-mat-30pin-wxga-nov","status":"publish","type":"product","link":"https:\/\/pracek.si\/ekrani-za-prenosnike\/product\/15-6-lcd-zaslon-za-lenovo-ideapad-320-330-mat-30pin-wxga-nov\/","title":{"rendered":"15.6&#8243; LCD zaslon za Lenovo IdeaPad 320\/330 mat 30pin WXGA nov"},"content":{"rendered":"<p><strong>Dejanski model ekrana: N156BGA-EA2 REV C1 ali B156XT07.1 \u2013 popolnoma zdru\u017eljiv z LCD zaslonom za prenosnike Lenovo IdeaPad 320-15ISK, 320-15IAP, 330-15IGM<\/strong><\/p>\n<p>Ta 15,6-pal\u010dni mat LCD zaslon je popolna zamenjava za va\u0161 Lenovo IdeaPad 320-15ISK, 320-15IAP ali 330-15IGM prenosnik. Zasnovan je tako, da nudi ostro in jasno sliko, saj ima WXGA lo\u010dljivost (1366&#215;768), ki je idealna za razli\u010dne naloge, od brskanja po spletu do gledanja videov in dela z dokumenti.<\/p>\n<p>Zaslon je opremljen s 30-pinskim eDP priklju\u010dkom, ki zagotavlja brezhibno povezavo z va\u0161im prenosnikom. Poleg tega vklju\u010duje zgornje in spodnje nosilce, ki omogo\u010dajo varno in enostavno namestitev, kar vam daje mirnost, saj je va\u0161 ekran trdno name\u0161\u010den. \u010ceprav gre za ne-IPS zaslon, \u0161e vedno ponuja dobro barvno natan\u010dnost in kote gledanja, zaradi \u010desar je prakti\u010dna izbira za vsakodnevno uporabo.<\/p>\n<p>Ta LCD zaslon je popolnoma nov in v brezhibnem stanju, kar ga naredi odli\u010dno mo\u017enost za tiste, ki i\u0161\u010dejo zamenjavo ali nadgradnjo obstoje\u010dega zaslona na prenosniku. Ne glede na to, ali uporabljate svoj Lenovo IdeaPad za delo, \u0161tudij ali zabavo, ta zaslon nudi zanesljivo in vizualno privla\u010dno izku\u0161njo, ki izbolj\u0161a splo\u0161no delovanje va\u0161ega prenosnika.<\/p>\n","protected":false},"excerpt":{"rendered":"<p>Nadgradite svoj Lenovo IdeaPad 320-15ISK, 320-15IAP ali 330-15IGM s tem 15,6-pal\u010dnim mat LCD zaslonom. Z WXGA lo\u010dljivostjo in 30-pinskim eDP priklju\u010dkom ta zaslon vklju\u010duje zgornje in spodnje nosilce za varno namestitev. Popolnoma nov, ne-IPS ekran zagotavlja jasne in zanesljive vizualne prikaze za vsakodnevna opravila.<\/p>\n","protected":false},"featured_media":7407,"template":"","meta":[],"product_brand":[],"product_cat":[50],"product_tag":[],"class_list":{"0":"post-7452","1":"product","2":"type-product","3":"status-publish","4":"has-post-thumbnail","6":"product_cat-15-6","8":"first","9":"instock","10":"taxable","11":"shipping-taxable","12":"purchasable","13":"product-type-simple"},"_links":{"self":[{"href":"https:\/\/pracek.si\/ekrani-za-prenosnike\/wp-json\/wp\/v2\/product\/7452","targetHints":{"allow":["GET"]}}],"collection":[{"href":"https:\/\/pracek.si\/ekrani-za-prenosnike\/wp-json\/wp\/v2\/product"}],"about":[{"href":"https:\/\/pracek.si\/ekrani-za-prenosnike\/wp-json\/wp\/v2\/types\/product"}],"wp:featuredmedia":[{"embeddable":true,"href":"https:\/\/pracek.si\/ekrani-za-prenosnike\/wp-json\/wp\/v2\/media\/7407"}],"wp:attachment":[{"href":"https:\/\/pracek.si\/ekrani-za-prenosnike\/wp-json\/wp\/v2\/media?parent=7452"}],"wp:term":[{"taxonomy":"product_brand","embeddable":true,"href":"https:\/\/pracek.si\/ekrani-za-prenosnike\/wp-json\/wp\/v2\/product_brand?post=7452"},{"taxonomy":"product_cat","embeddable":true,"href":"https:\/\/pracek.si\/ekrani-za-prenosnike\/wp-json\/wp\/v2\/product_cat?post=7452"},{"taxonomy":"product_tag","embeddable":true,"href":"https:\/\/pracek.si\/ekrani-za-prenosnike\/wp-json\/wp\/v2\/product_tag?post=7452"}],"curies":[{"name":"wp","href":"https:\/\/api.w.org\/{rel}","templated":true}]}}