{"id":7461,"date":"2024-08-22T14:02:35","date_gmt":"2024-08-22T14:02:35","guid":{"rendered":"https:\/\/pracek.si\/ekrani-za-prenosnike\/?post_type=product&#038;p=7461"},"modified":"2025-09-11T09:06:49","modified_gmt":"2025-09-11T09:06:49","slug":"17-3-lcd-zaslon-b173han05-1-0-4-mat-144hz-fhd-ips-40pin-nov","status":"publish","type":"product","link":"https:\/\/pracek.si\/ekrani-za-prenosnike\/product\/17-3-lcd-zaslon-b173han05-1-0-4-mat-144hz-fhd-ips-40pin-nov\/","title":{"rendered":"17.3&#8243; LCD zaslon B173HAN05.1\/0\/4 mat 144Hz FHD IPS 40pin nov"},"content":{"rendered":"<p><strong>Dejanski model ekrana: N173HCE-G33 REV C1 \/ NV173FHM-NY2 v8.1 \u2013 popolnoma zdru\u017eljiv z LCD zasloni B173HAN05.1 B173HAN05.0 B173HAN05.4<\/strong><\/p>\n<p>Do\u017eivite vrhunsko vizualno izku\u0161njo z LCD zaslonom serije B173HAN05, ki je zasnovan za tiste, ki zahtevajo najbolj\u0161e. Ta zaslon, ki je na voljo v modelih B173HAN05.1, B173HAN05.0 in B173HAN05.4, ponuja Full HD (1920&#215;1080) lo\u010dljivost z \u017eivahnim IPS panelom, ki zagotavlja \u0161iroke kote gledanja in resni\u010dne barve.<\/p>\n<p>Ena izmed izstopajo\u010dih lastnosti tega zaslona je njegova 144Hz osve\u017eevalna frekvenca, ki omogo\u010da izjemno gladko gibanje, kar je idealno za igranje iger, urejanje videoposnetkov in druge visoko zmogljive naloge. Mat povr\u0161ina zmanj\u0161a ble\u0161\u010danje, kar omogo\u010da udobno uporabo v razli\u010dnih svetlobnih pogojih.<\/p>\n<p>Ta LCD zaslon je opremljen s 40-pinskim eDP priklju\u010dkom, kar ga naredi zdru\u017eljivega s \u0161irokim naborom prenosnikov. \u010ceprav nima zgornjih in spodnjih nosilcev, so prilo\u017eeni dvostranski lepilni trakovi za varno in enostavno namestitev. Ne glede na to, ali ste igralec, kreativni profesionalec ali nekdo, ki ceni vrhunske zaslone, je ta ekran zasnovan, da ustreza va\u0161im potrebam.<\/p>\n<p>Popolnoma nov in zasnovan za vrhunsko delovanje, je LCD zaslon serije B173HAN05 popolna zamenjava ali nadgradnja za zaslon va\u0161ega prenosnika, ki ponuja tako zmogljivost kot zanesljivost. Izbolj\u0161ajte svojo ra\u010dunalni\u0161ko izku\u0161njo s kristalno \u010distimi vizualnimi u\u010dinki, gladkim delovanjem in vzdr\u017eljivostjo, ki jo pri\u010dakujete od vrhunskega ekrana.<\/p>\n","protected":false},"excerpt":{"rendered":"<p>Nadgradite svoj prenosnik z LCD zaslonom serije B173HAN05. Ta visokozmogljivi 17,3-pal\u010dni mat ekran ponuja Full HD IPS panel, 144Hz osve\u017eevalno frekvenco in 40-pinski eDP priklju\u010dek. Prilo\u017eeni so dvostranski lepilni trakovi za enostavno namestitev. Idealen za igralce in profesionalce, ki i\u0161\u010dejo gladko in poglobljeno vizualno izku\u0161njo. Popolnoma nov in pripravljen za izbolj\u0161anje va\u0161ih vizualnih u\u017eitkov.<\/p>\n<h3><\/h3>\n","protected":false},"featured_media":7459,"template":"","meta":[],"product_brand":[],"product_cat":[52],"product_tag":[],"class_list":{"0":"post-7461","1":"product","2":"type-product","3":"status-publish","4":"has-post-thumbnail","6":"product_cat-17-3","8":"first","9":"instock","10":"taxable","11":"shipping-taxable","12":"purchasable","13":"product-type-simple"},"_links":{"self":[{"href":"https:\/\/pracek.si\/ekrani-za-prenosnike\/wp-json\/wp\/v2\/product\/7461","targetHints":{"allow":["GET"]}}],"collection":[{"href":"https:\/\/pracek.si\/ekrani-za-prenosnike\/wp-json\/wp\/v2\/product"}],"about":[{"href":"https:\/\/pracek.si\/ekrani-za-prenosnike\/wp-json\/wp\/v2\/types\/product"}],"wp:featuredmedia":[{"embeddable":true,"href":"https:\/\/pracek.si\/ekrani-za-prenosnike\/wp-json\/wp\/v2\/media\/7459"}],"wp:attachment":[{"href":"https:\/\/pracek.si\/ekrani-za-prenosnike\/wp-json\/wp\/v2\/media?parent=7461"}],"wp:term":[{"taxonomy":"product_brand","embeddable":true,"href":"https:\/\/pracek.si\/ekrani-za-prenosnike\/wp-json\/wp\/v2\/product_brand?post=7461"},{"taxonomy":"product_cat","embeddable":true,"href":"https:\/\/pracek.si\/ekrani-za-prenosnike\/wp-json\/wp\/v2\/product_cat?post=7461"},{"taxonomy":"product_tag","embeddable":true,"href":"https:\/\/pracek.si\/ekrani-za-prenosnike\/wp-json\/wp\/v2\/product_tag?post=7461"}],"curies":[{"name":"wp","href":"https:\/\/api.w.org\/{rel}","templated":true}]}}