{"id":7465,"date":"2024-08-22T18:47:49","date_gmt":"2024-08-22T18:47:49","guid":{"rendered":"https:\/\/pracek.si\/ekrani-za-prenosnike\/?post_type=product&#038;p=7465"},"modified":"2025-09-11T09:07:48","modified_gmt":"2025-09-11T09:07:48","slug":"17-3-lcd-zaslon-b173han04-9-mat-144hz-fhd-ips-40pin-nov","status":"publish","type":"product","link":"https:\/\/pracek.si\/ekrani-za-prenosnike\/product\/17-3-lcd-zaslon-b173han04-9-mat-144hz-fhd-ips-40pin-nov\/","title":{"rendered":"17.3&#8243; LCD zaslon B173HAN04.9 mat 144Hz FHD IPS 40Pin nov"},"content":{"rendered":"<p><strong>Dejanski model ekrana: N173HCE-G33 REV C1 \/ NV173FHM-NY2 v8.1 \u2013 popolnoma zdru\u017eljiv z LCD zaslonom B173HAN04.9<\/strong><\/p>\n<p>B173HAN04.9 je vrhunski 17,3-pal\u010dni LCD zaslon, zasnovan za izbolj\u0161anje vizualne zmogljivosti va\u0161ega prenosnika. Z mat povr\u0161ino ta ekran zmanj\u0161uje ble\u0161\u010danje in zagotavlja udobno vizualno izku\u0161njo, ne glede na to, ali igrate igre, delate ali gledate filme. Full HD (1920&#215;1080) lo\u010dljivost v kombinaciji z IPS tehnologijo prina\u0161a \u017eivahne barve in \u0161iroke kote gledanja, kar zagotavlja, da je vsaka slika jasna in ostra.<\/p>\n<p>Ena izmed izstopajo\u010dih lastnosti tega ekrana je 144Hz hitrost osve\u017eevanja, ki omogo\u010da izjemno gladko gibanje in je popolna za igre ali druge hitre aplikacije. Ekran se enostavno pove\u017ee preko 40-pinskega eDP priklju\u010dka, in \u010deprav ne vklju\u010duje zgornjih in spodnjih nosilcev, so prilo\u017eeni dvostranski lepilni trakovi za varno namestitev, kar zagotavlja popolno prileganje v va\u0161 prenosnik.<\/p>\n<p>Popolnoma nov in v odli\u010dnem stanju je B173HAN04.9 idealna nadgradnja za vse, ki \u017eelite izbolj\u0161ati zaslon svojega prenosnika z visokokakovostnimi vizualnimi elementi in teko\u010do zmogljivostjo. Ne glede na to, ali ste igralec, profesionalec ali prilo\u017enostni uporabnik, je ta LCD zaslon zasnovan tako, da izpolnjuje va\u0161e potrebe z vrhunsko zmogljivostjo in zanesljivostjo.<\/p>\n","protected":false},"excerpt":{"rendered":"<p>Nadgradite prikaz na svojem prenosniku z LCD zaslonom B173HAN04.9. Ta 17,3-pal\u010dni mat ekran ponuja osupljivo FHD lo\u010dljivost z IPS tehnologijo in gladko 144Hz osve\u017eevanje. Opremljen je s 40-pinskim eDP priklju\u010dkom in prilo\u017eenimi dvostranskimi lepilnimi trakovi za enostavno namestitev. Popolnoma nov, idealen za igralce in profesionalce.<\/p>\n<h3><\/h3>\n","protected":false},"featured_media":7459,"template":"","meta":[],"product_brand":[],"product_cat":[52],"product_tag":[],"class_list":{"0":"post-7465","1":"product","2":"type-product","3":"status-publish","4":"has-post-thumbnail","6":"product_cat-17-3","8":"first","9":"instock","10":"taxable","11":"shipping-taxable","12":"purchasable","13":"product-type-simple"},"_links":{"self":[{"href":"https:\/\/pracek.si\/ekrani-za-prenosnike\/wp-json\/wp\/v2\/product\/7465","targetHints":{"allow":["GET"]}}],"collection":[{"href":"https:\/\/pracek.si\/ekrani-za-prenosnike\/wp-json\/wp\/v2\/product"}],"about":[{"href":"https:\/\/pracek.si\/ekrani-za-prenosnike\/wp-json\/wp\/v2\/types\/product"}],"wp:featuredmedia":[{"embeddable":true,"href":"https:\/\/pracek.si\/ekrani-za-prenosnike\/wp-json\/wp\/v2\/media\/7459"}],"wp:attachment":[{"href":"https:\/\/pracek.si\/ekrani-za-prenosnike\/wp-json\/wp\/v2\/media?parent=7465"}],"wp:term":[{"taxonomy":"product_brand","embeddable":true,"href":"https:\/\/pracek.si\/ekrani-za-prenosnike\/wp-json\/wp\/v2\/product_brand?post=7465"},{"taxonomy":"product_cat","embeddable":true,"href":"https:\/\/pracek.si\/ekrani-za-prenosnike\/wp-json\/wp\/v2\/product_cat?post=7465"},{"taxonomy":"product_tag","embeddable":true,"href":"https:\/\/pracek.si\/ekrani-za-prenosnike\/wp-json\/wp\/v2\/product_tag?post=7465"}],"curies":[{"name":"wp","href":"https:\/\/api.w.org\/{rel}","templated":true}]}}