{"id":7483,"date":"2024-08-22T19:48:07","date_gmt":"2024-08-22T19:48:07","guid":{"rendered":"https:\/\/pracek.si\/ekrani-za-prenosnike\/?post_type=product&#038;p=7483"},"modified":"2025-09-11T09:09:52","modified_gmt":"2025-09-11T09:09:52","slug":"17-3-lcd-zaslon-msi-pulse-17-b13vgk-mat-fhd-ips-144hz-40pin-nov","status":"publish","type":"product","link":"https:\/\/pracek.si\/ekrani-za-prenosnike\/product\/17-3-lcd-zaslon-msi-pulse-17-b13vgk-mat-fhd-ips-144hz-40pin-nov\/","title":{"rendered":"17.3&#8243; LCD zaslon MSI Pulse 17 B13VGK mat FHD IPS 144Hz 40Pin nov"},"content":{"rendered":"<p><strong>Dejanski model ekrana: N173HCE-G33 REV C1 \/ NV173FHM-NY2 v8.1 \u2013 popolnoma zdru\u017eljiv z LCD zaslonom za prenosnik MSI Pulse 17 B13VGK<\/strong><\/p>\n<p>Preoblikujte svoj prenosnik MSI Pulse 17 B13VGK s tem vrhunskim 17,3-pal\u010dnim LCD zaslonom. Zasnovan za vrhunsko zmogljivost, ta ekran ponuja polno HD (1920&#215;1080) lo\u010dljivost, ki prina\u0161a va\u0161e igre in medije v \u017eivljenje z \u017eivahnimi podrobnostmi in ostrino. IPS tehnologija zagotavlja \u0161iroke kote gledanja in natan\u010dno reprodukcijo barv, kar je idealno tako za igranje iger kot za ustvarjalno delo.<\/p>\n<p>Ta zaslon je opremljen s 40-pinskim eDP priklju\u010dkom in ponuja gladko osve\u017eevanje s 144Hz, kar vam zagotavlja teko\u010d in odziven prikaz, idealen za hitre igre. Mat povr\u0161ina zmanj\u0161uje ble\u0161\u010danje in zagotavlja jasno vidljivost tudi v mo\u010dno osvetljenih okoljih.<\/p>\n<p>\u010ceprav ta ekran ne vklju\u010duje zgornjih in spodnjih nosilcev, so prilo\u017eeni dvostranski lepilni trakovi za varno in preprosto namestitev. Popolnoma nov in v popolnem stanju, je ta LCD zaslon vrhunska nadgradnja, ki bo izbolj\u0161ala zmogljivost prikaza va\u0161ega prenosnika in izbolj\u0161ala va\u0161o celotno izku\u0161njo.<\/p>\n<p>Ne glede na to, ali ste profesionalni igralec ali ustvarjalec vsebin, vam bo LCD zaslon MSI Pulse 17 B13VGK zagotovil kakovost in zanesljivost, ki ju potrebujete za poglobljene in produktivne seje.<\/p>\n","protected":false},"excerpt":{"rendered":"<p>Nadgradite svoj MSI Pulse 17 B13VGK z 17,3-pal\u010dnim mat LCD zaslonom. Zaslon ima 40-pinski eDP priklju\u010dek, FHD lo\u010dljivost in IPS tehnologijo, kar zagotavlja osupljive vizualne prikaze pri 144Hz. Dvostranski lepilni trakovi so prilo\u017eeni za enostavno namestitev. Popolnoma nov in pripravljen na izbolj\u0161anje va\u0161e igralne izku\u0161nje.<\/p>\n","protected":false},"featured_media":7459,"template":"","meta":[],"product_brand":[],"product_cat":[52],"product_tag":[63],"class_list":{"0":"post-7483","1":"product","2":"type-product","3":"status-publish","4":"has-post-thumbnail","6":"product_cat-17-3","7":"product_tag-msi","9":"first","10":"instock","11":"taxable","12":"shipping-taxable","13":"purchasable","14":"product-type-simple"},"_links":{"self":[{"href":"https:\/\/pracek.si\/ekrani-za-prenosnike\/wp-json\/wp\/v2\/product\/7483","targetHints":{"allow":["GET"]}}],"collection":[{"href":"https:\/\/pracek.si\/ekrani-za-prenosnike\/wp-json\/wp\/v2\/product"}],"about":[{"href":"https:\/\/pracek.si\/ekrani-za-prenosnike\/wp-json\/wp\/v2\/types\/product"}],"wp:featuredmedia":[{"embeddable":true,"href":"https:\/\/pracek.si\/ekrani-za-prenosnike\/wp-json\/wp\/v2\/media\/7459"}],"wp:attachment":[{"href":"https:\/\/pracek.si\/ekrani-za-prenosnike\/wp-json\/wp\/v2\/media?parent=7483"}],"wp:term":[{"taxonomy":"product_brand","embeddable":true,"href":"https:\/\/pracek.si\/ekrani-za-prenosnike\/wp-json\/wp\/v2\/product_brand?post=7483"},{"taxonomy":"product_cat","embeddable":true,"href":"https:\/\/pracek.si\/ekrani-za-prenosnike\/wp-json\/wp\/v2\/product_cat?post=7483"},{"taxonomy":"product_tag","embeddable":true,"href":"https:\/\/pracek.si\/ekrani-za-prenosnike\/wp-json\/wp\/v2\/product_tag?post=7483"}],"curies":[{"name":"wp","href":"https:\/\/api.w.org\/{rel}","templated":true}]}}