{"id":7495,"date":"2024-08-28T09:07:47","date_gmt":"2024-08-28T09:07:47","guid":{"rendered":"https:\/\/pracek.si\/ekrani-za-prenosnike\/?post_type=product&#038;p=7495"},"modified":"2025-03-31T12:12:09","modified_gmt":"2025-03-31T12:12:09","slug":"mb140sc01-4-ver-1-3-lcd-zaslon-14-fhd-ips-edp-30pin-z-lepilom-nov","status":"publish","type":"product","link":"https:\/\/pracek.si\/ekrani-za-prenosnike\/product\/mb140sc01-4-ver-1-3-lcd-zaslon-14-fhd-ips-edp-30pin-z-lepilom-nov\/","title":{"rendered":"MB140SC01-4 VER 1.3 LCD zaslon 14&#8243; FHD IPS eDP 30pin z lepilom Nov"},"content":{"rendered":"<p><strong>Dejanski model ekrana: MB140SC01-4 VER 1.3 ali <span data-sheets-root=\"1\">N140HCA-EAC REV. C4 <\/span>\u2013 popolnoma zdru\u017eljiv z LCD zaslonom za prenosnik MB140SC01-4 VER 1.3<br \/>\n<\/strong><\/p>\n<p>Izbolj\u0161ajte prikaz va\u0161ega prenosnika z MB140SC01-4 VER 1.3 14\u2033 LCD zaslonom, ki je zasnovan za vrhunsko zmogljivost in vizualno jasnost. Ta ekran ponuja Full HD (1920\u00d71080) lo\u010dljivost, kar omogo\u010da ostre in \u017eive slike ter poglobljeno izku\u0161njo gledanja. Tehnologija IPS zagotavlja enakomerne barve in \u0161iroke kote gledanja, medtem ko matirana povr\u0161ina zmanj\u0161uje ble\u0161\u010danje, kar je idealno za razli\u010dne svetlobne pogoje.<\/p>\n<p>Povezava z eDP 30-pinskimi konektorji zagotavlja varno in stabilno povezavo z va\u0161o napravo, prilo\u017eeni obojestranski lepilni trakovi pa olaj\u0161ajo namestitev. Ne glede na to, ali zamenjujete po\u0161kodovan zaslon ali nadgrajujete za bolj\u0161o vizualno izku\u0161njo, je ta LCD zaslon zanesljiva izbira.<\/p>\n<p>Prosimo, upo\u0161tevajte, da ta ekran prihaja brez zgornjih in spodnjih nosilcev. Zaslon je v popolnoma novem stanju, kar zagotavlja, da prejmete brezhiben izdelek, pripravljen za uporabo.<\/p>\n","protected":false},"excerpt":{"rendered":"<p>Nadgradite svoj prenosnik z MB140SC01-4 VER 1.3 14&#8243; LCD zaslonom. Z FHD IPS lo\u010dljivostjo, matiranim premazom in eDP 30-pinsko povezavo ponuja jasne in \u017eive slike. Vklju\u010deni so obojestranski lepilni trakovi za enostavno namestitev. Stanje: novo.<\/p>\n","protected":false},"featured_media":8110,"template":"","meta":[],"product_brand":[],"product_cat":[51],"product_tag":[],"class_list":{"0":"post-7495","1":"product","2":"type-product","3":"status-publish","4":"has-post-thumbnail","6":"product_cat-51","8":"first","9":"instock","10":"taxable","11":"shipping-taxable","12":"purchasable","13":"product-type-simple"},"_links":{"self":[{"href":"https:\/\/pracek.si\/ekrani-za-prenosnike\/wp-json\/wp\/v2\/product\/7495","targetHints":{"allow":["GET"]}}],"collection":[{"href":"https:\/\/pracek.si\/ekrani-za-prenosnike\/wp-json\/wp\/v2\/product"}],"about":[{"href":"https:\/\/pracek.si\/ekrani-za-prenosnike\/wp-json\/wp\/v2\/types\/product"}],"wp:featuredmedia":[{"embeddable":true,"href":"https:\/\/pracek.si\/ekrani-za-prenosnike\/wp-json\/wp\/v2\/media\/8110"}],"wp:attachment":[{"href":"https:\/\/pracek.si\/ekrani-za-prenosnike\/wp-json\/wp\/v2\/media?parent=7495"}],"wp:term":[{"taxonomy":"product_brand","embeddable":true,"href":"https:\/\/pracek.si\/ekrani-za-prenosnike\/wp-json\/wp\/v2\/product_brand?post=7495"},{"taxonomy":"product_cat","embeddable":true,"href":"https:\/\/pracek.si\/ekrani-za-prenosnike\/wp-json\/wp\/v2\/product_cat?post=7495"},{"taxonomy":"product_tag","embeddable":true,"href":"https:\/\/pracek.si\/ekrani-za-prenosnike\/wp-json\/wp\/v2\/product_tag?post=7495"}],"curies":[{"name":"wp","href":"https:\/\/api.w.org\/{rel}","templated":true}]}}