{"id":7499,"date":"2024-08-28T10:11:52","date_gmt":"2024-08-28T10:11:52","guid":{"rendered":"https:\/\/pracek.si\/ekrani-za-prenosnike\/?post_type=product&#038;p=7499"},"modified":"2025-03-31T12:12:23","modified_gmt":"2025-03-31T12:12:23","slug":"lp140wf6-spg1-lcd-zaslon-14-fhd-ips-edp-30pin-z-lepilom-nov","status":"publish","type":"product","link":"https:\/\/pracek.si\/ekrani-za-prenosnike\/product\/lp140wf6-spg1-lcd-zaslon-14-fhd-ips-edp-30pin-z-lepilom-nov\/","title":{"rendered":"LP140WF6-SPG1 LCD zaslon 14&#8243; FHD IPS eDP 30pin z lepilom Nov"},"content":{"rendered":"<p><strong>Dejanski model ekrana: MB140SC01-4 VER 1.3 ali <span data-sheets-root=\"1\">N140HCA-EAC REV. C4<\/span> \u2013 popolnoma zdru\u017eljiv z LCD zaslonom za prenosnik LP140WF6-SPG1<\/strong><\/p>\n<p>Izbolj\u0161ajte prikaz va\u0161ega prenosnika z LCD zaslonom LP140WF6-SPG1 velikosti 14\u2033, zasnovanim za vrhunsko kakovost slike in zmogljivost. Ta ekran ponuja Full HD (1920\u00d71080) lo\u010dljivost, ki zagotavlja jasne in podrobne slike, ki o\u017eivijo va\u0161o vsebino. Tehnologija IPS zagotavlja dosledno reprodukcijo barv in \u0161iroke kote gledanja, medtem ko matirana povr\u0161ina zmanj\u0161uje ble\u0161\u010danje, kar je idealno za razli\u010dne svetlobne pogoje.<\/p>\n<p>Povezava z 30-pinskim eDP konektorjem zagotavlja zanesljivo in varno povezavo z va\u0161o napravo, kar omogo\u010da nemoteno delovanje. Paket vklju\u010duje obojestranske lepilne trakove, ki omogo\u010dajo enostavno in brezskrbno namestitev. Ne glede na to, ali zamenjujete po\u0161kodovan ekran ali nadgrajujete za bolj\u0161o vizualno izku\u0161njo, je ta LCD zaslon zanesljiva izbira.<\/p>\n<p>Upo\u0161tevajte, da ta ekran prihaja brez zgornjih in spodnjih nosilcev. Je popolnoma nov, kar zagotavlja, da boste prejeli brezhiben izdelek, pripravljen za uporabo.<\/p>\n","protected":false},"excerpt":{"rendered":"<p>Nadgradite svoj prenosnik z LCD zaslonom LP140WF6-SPG1 velikosti 14&#8243;. Z lo\u010dljivostjo FHD IPS, matiranim premazom in 30-pinsko eDP povezavo ta ekran zagotavlja ostre in \u017eive slike. Vklju\u010dene so obojestranske lepilne trakove za enostavno namestitev. Stanje: novo.<\/p>\n","protected":false},"featured_media":8110,"template":"","meta":[],"product_brand":[],"product_cat":[51],"product_tag":[],"class_list":{"0":"post-7499","1":"product","2":"type-product","3":"status-publish","4":"has-post-thumbnail","6":"product_cat-51","8":"first","9":"instock","10":"taxable","11":"shipping-taxable","12":"purchasable","13":"product-type-simple"},"_links":{"self":[{"href":"https:\/\/pracek.si\/ekrani-za-prenosnike\/wp-json\/wp\/v2\/product\/7499","targetHints":{"allow":["GET"]}}],"collection":[{"href":"https:\/\/pracek.si\/ekrani-za-prenosnike\/wp-json\/wp\/v2\/product"}],"about":[{"href":"https:\/\/pracek.si\/ekrani-za-prenosnike\/wp-json\/wp\/v2\/types\/product"}],"wp:featuredmedia":[{"embeddable":true,"href":"https:\/\/pracek.si\/ekrani-za-prenosnike\/wp-json\/wp\/v2\/media\/8110"}],"wp:attachment":[{"href":"https:\/\/pracek.si\/ekrani-za-prenosnike\/wp-json\/wp\/v2\/media?parent=7499"}],"wp:term":[{"taxonomy":"product_brand","embeddable":true,"href":"https:\/\/pracek.si\/ekrani-za-prenosnike\/wp-json\/wp\/v2\/product_brand?post=7499"},{"taxonomy":"product_cat","embeddable":true,"href":"https:\/\/pracek.si\/ekrani-za-prenosnike\/wp-json\/wp\/v2\/product_cat?post=7499"},{"taxonomy":"product_tag","embeddable":true,"href":"https:\/\/pracek.si\/ekrani-za-prenosnike\/wp-json\/wp\/v2\/product_tag?post=7499"}],"curies":[{"name":"wp","href":"https:\/\/api.w.org\/{rel}","templated":true}]}}