{"id":7503,"date":"2024-08-28T13:27:28","date_gmt":"2024-08-28T13:27:28","guid":{"rendered":"https:\/\/pracek.si\/ekrani-za-prenosnike\/?post_type=product&#038;p=7503"},"modified":"2025-03-31T12:12:38","modified_gmt":"2025-03-31T12:12:38","slug":"b140han03-2-lcd-zaslon-14-fhd-ips-matte-edp-30pin-z-lepilom-novi","status":"publish","type":"product","link":"https:\/\/pracek.si\/ekrani-za-prenosnike\/product\/b140han03-2-lcd-zaslon-14-fhd-ips-matte-edp-30pin-z-lepilom-novi\/","title":{"rendered":"B140HAN03.2 LCD zaslon 14&#8243; FHD IPS Matte eDP 30pin z lepilom Novi"},"content":{"rendered":"<p><strong>Dejanski model ekrana: MB140SC01-4 VER 1.3 ali <span data-sheets-root=\"1\">N140HCA-EAC REV. C4<\/span> \u2013 popolnoma zdru\u017eljiv z LCD zaslonom za prenosnik B140HAN03.2<\/strong><\/p>\n<p>Izbolj\u0161ajte kakovost prikaza na va\u0161em prenosniku z LCD zaslonom B140HAN03.2 14\u2033. Zasnovan za vrhunsko jasnost in zmogljivost, ta zaslon ponuja Full HD (1920\u00d71080) lo\u010dljivost, kar zagotavlja jasne in \u017eivahne slike ter izbolj\u0161ano izku\u0161njo gledanja. Tehnologija IPS zagotavlja enakomerno reprodukcijo barv in \u0161iroke kote gledanja, medtem ko matirana povr\u0161ina zmanj\u0161uje ble\u0161\u010danje, kar je idealno za uporabo v razli\u010dnih svetlobnih pogojih.<\/p>\n<p>Zaslon se pove\u017ee preko eDP 30-pinskega priklju\u010dka, kar zagotavlja zanesljivo in stabilno povezavo. Da bi olaj\u0161ali postopek namestitve, so prilo\u017eene obojestranske lepilne trakove, ki omogo\u010dajo la\u017ejo pritrditev zaslona na mesto. Ta zaslon je odli\u010dna izbira za tiste, ki \u017eelijo zamenjati po\u0161kodovan zaslon ali nadgraditi na kakovostnej\u0161i panel.<\/p>\n<p>Prosimo, upo\u0161tevajte, da ta LCD zaslon prihaja brez zgornjih in spodnjih nosilcev. Zaslon je popolnoma nov, kar zagotavlja, da prejmete izdelek, ki je pripravljen za uporabo brez napak.<\/p>\n","protected":false},"excerpt":{"rendered":"<p>Nadgradite svoj prenosnik z LCD zaslonom B140HAN03.2 14&#8243;. Z FHD IPS tehnologijo in matiranim premazom ponuja ostre slike. eDP 30-pinski priklju\u010dek zagotavlja varno namestitev, vklju\u010dene so tudi obojestranske lepilne trakove. Stanje: novo.<\/p>\n","protected":false},"featured_media":8110,"template":"","meta":[],"product_brand":[],"product_cat":[51],"product_tag":[],"class_list":{"0":"post-7503","1":"product","2":"type-product","3":"status-publish","4":"has-post-thumbnail","6":"product_cat-51","8":"first","9":"instock","10":"taxable","11":"shipping-taxable","12":"purchasable","13":"product-type-simple"},"_links":{"self":[{"href":"https:\/\/pracek.si\/ekrani-za-prenosnike\/wp-json\/wp\/v2\/product\/7503","targetHints":{"allow":["GET"]}}],"collection":[{"href":"https:\/\/pracek.si\/ekrani-za-prenosnike\/wp-json\/wp\/v2\/product"}],"about":[{"href":"https:\/\/pracek.si\/ekrani-za-prenosnike\/wp-json\/wp\/v2\/types\/product"}],"wp:featuredmedia":[{"embeddable":true,"href":"https:\/\/pracek.si\/ekrani-za-prenosnike\/wp-json\/wp\/v2\/media\/8110"}],"wp:attachment":[{"href":"https:\/\/pracek.si\/ekrani-za-prenosnike\/wp-json\/wp\/v2\/media?parent=7503"}],"wp:term":[{"taxonomy":"product_brand","embeddable":true,"href":"https:\/\/pracek.si\/ekrani-za-prenosnike\/wp-json\/wp\/v2\/product_brand?post=7503"},{"taxonomy":"product_cat","embeddable":true,"href":"https:\/\/pracek.si\/ekrani-za-prenosnike\/wp-json\/wp\/v2\/product_cat?post=7503"},{"taxonomy":"product_tag","embeddable":true,"href":"https:\/\/pracek.si\/ekrani-za-prenosnike\/wp-json\/wp\/v2\/product_tag?post=7503"}],"curies":[{"name":"wp","href":"https:\/\/api.w.org\/{rel}","templated":true}]}}