{"id":7504,"date":"2024-08-28T13:34:36","date_gmt":"2024-08-28T13:34:36","guid":{"rendered":"https:\/\/pracek.si\/ekrani-za-prenosnike\/?post_type=product&#038;p=7504"},"modified":"2025-03-31T12:14:39","modified_gmt":"2025-03-31T12:14:39","slug":"lp140wfa-spd1-lcd-zaslon-14-fhd-ips-edp-340pin-z-lepilom-nov","status":"publish","type":"product","link":"https:\/\/pracek.si\/ekrani-za-prenosnike\/product\/lp140wfa-spd1-lcd-zaslon-14-fhd-ips-edp-340pin-z-lepilom-nov\/","title":{"rendered":"LP140WFA-SPD1 LCD zaslon 14&#8243; FHD IPS eDP 30pin z lepilom Nov"},"content":{"rendered":"<p><strong>Dejanski model ekrana: MB140SC01-4 VER 1.3 ali <span data-sheets-root=\"1\">N140HCA-EAC REV. C4<\/span> \u2013 popolnoma zdru\u017eljiv z LCD zaslonom za prenosnik LP140WFA-SPD1 (SP)(D1)<\/strong><\/p>\n<p>Izbolj\u0161ajte prikaz va\u0161ega prenosnika z LCD zaslonom LP140WFA-SPD1 (SP)(D1) velikosti 14\u2033, ki je zasnovan za vrhunsko zmogljivost in izjemno vizualno jasnost. Ta zaslon ponuja Full HD (1920\u00d71080) lo\u010dljivost, kar omogo\u010da ostre in \u017eivahne slike, ki o\u017eivijo va\u0161o vsebino. Tehnologija IPS zagotavlja dosledno natan\u010dnost barv in \u0161iroke kote gledanja, medtem ko mat premaz zmanj\u0161uje ble\u0161\u010danje ter omogo\u010da udobno gledanje v razli\u010dnih svetlobnih pogojih.<\/p>\n<p>Povezava z eDP 30-pinskim konektorjem zagotavlja varno in stabilno povezavo z va\u0161o napravo, kar zagotavlja brezhibno delovanje. V paketu so vklju\u010deni tudi obojestranski lepilni trakovi, kar omogo\u010da enostavno in hitro namestitev. Ta LCD zaslon je idealen za zamenjavo po\u0161kodovanega zaslona ali nadgradnjo va\u0161ega prikaza za bolj\u0161o vizualno izku\u0161njo.<\/p>\n<p>Prosimo, upo\u0161tevajte, da je ta zaslon prodan brez zgornjih in spodnjih nosilcev. Zaslon je v popolnoma novem stanju, kar zagotavlja brezhiben izdelek, pripravljen za uporabo.<\/p>\n","protected":false},"excerpt":{"rendered":"<p>Nadgradite svoj prenosnik z LCD zaslonom LP140WFA-SPD1 (SP)(D1) velikosti 14&#8243;. U\u017eivajte v FHD IPS jasnosti, mat premazu in zanesljivi eDP 30-pinski povezavi. Vklju\u010deni so obojestranski lepilni trakovi za enostavno namestitev. Stanje: novo.<\/p>\n","protected":false},"featured_media":8110,"template":"","meta":[],"product_brand":[],"product_cat":[51],"product_tag":[],"class_list":{"0":"post-7504","1":"product","2":"type-product","3":"status-publish","4":"has-post-thumbnail","6":"product_cat-51","8":"first","9":"instock","10":"taxable","11":"shipping-taxable","12":"purchasable","13":"product-type-simple"},"_links":{"self":[{"href":"https:\/\/pracek.si\/ekrani-za-prenosnike\/wp-json\/wp\/v2\/product\/7504","targetHints":{"allow":["GET"]}}],"collection":[{"href":"https:\/\/pracek.si\/ekrani-za-prenosnike\/wp-json\/wp\/v2\/product"}],"about":[{"href":"https:\/\/pracek.si\/ekrani-za-prenosnike\/wp-json\/wp\/v2\/types\/product"}],"wp:featuredmedia":[{"embeddable":true,"href":"https:\/\/pracek.si\/ekrani-za-prenosnike\/wp-json\/wp\/v2\/media\/8110"}],"wp:attachment":[{"href":"https:\/\/pracek.si\/ekrani-za-prenosnike\/wp-json\/wp\/v2\/media?parent=7504"}],"wp:term":[{"taxonomy":"product_brand","embeddable":true,"href":"https:\/\/pracek.si\/ekrani-za-prenosnike\/wp-json\/wp\/v2\/product_brand?post=7504"},{"taxonomy":"product_cat","embeddable":true,"href":"https:\/\/pracek.si\/ekrani-za-prenosnike\/wp-json\/wp\/v2\/product_cat?post=7504"},{"taxonomy":"product_tag","embeddable":true,"href":"https:\/\/pracek.si\/ekrani-za-prenosnike\/wp-json\/wp\/v2\/product_tag?post=7504"}],"curies":[{"name":"wp","href":"https:\/\/api.w.org\/{rel}","templated":true}]}}