{"id":7506,"date":"2024-08-28T15:42:08","date_gmt":"2024-08-28T15:42:08","guid":{"rendered":"https:\/\/pracek.si\/ekrani-za-prenosnike\/?post_type=product&#038;p=7506"},"modified":"2025-03-31T12:14:51","modified_gmt":"2025-03-31T12:14:51","slug":"n140hca-eba-nv140fhm-n62-n61-14-fhd-ips-lcd-mat-edp-30pin-nov-z-lepilom","status":"publish","type":"product","link":"https:\/\/pracek.si\/ekrani-za-prenosnike\/product\/n140hca-eba-nv140fhm-n62-n61-14-fhd-ips-lcd-mat-edp-30pin-nov-z-lepilom\/","title":{"rendered":"N140HCA-EBA NV140FHM-N62\/N61 14&#8243; FHD IPS LCD mat eDP 30pin nov z lepilom"},"content":{"rendered":"<p><strong>Dejanski MB140SC01-4 VER 1.3 \u2013 popolnoma zdru\u017eljiv z LCD zaslonom za prenosnik N140HCA-EBA NV140FHM-N62 N61 N3B N47 N4C<\/strong><\/p>\n<p>Izbolj\u0161ajte zmogljivost in izku\u0161njo gledanja na svojem prenosniku z LCD zaslonom N140HCA-EBA, NV140FHM-N62\/N61\/N3B\/N47\/N4C 14\u2033. Ta zaslon je zasnovan za vrhunsko jasnost in \u017eive barve, saj ponuja Full HD (1920\u00d71080) lo\u010dljivost in IPS tehnologijo, ki zagotavlja enakomerno reprodukcijo barv in \u0161iroke kote gledanja. Matirana povr\u0161ina pomaga zmanj\u0161ati ble\u0161\u010danje, kar je idealno za uporabo v razli\u010dnih svetlobnih pogojih.<\/p>\n<p>Ta LCD zaslon je opremljen z 30-pinskim eDP konektorjem, ki zagotavlja varno in stabilno povezavo z va\u0161o napravo. Namestitev je enostavna s prilo\u017eenimi obojestranskimi lepilnimi trakovi, kar omogo\u010da hitro in u\u010dinkovito zamenjavo zaslona.<\/p>\n<p>Prosimo, upo\u0161tevajte, da je ta zaslon brez zgornjih in spodnjih nosilcev. Izdelek je v popolnoma novem stanju, kar zagotavlja, da prejmete brezhiben zaslon, pripravljen za namestitev.<\/p>\n","protected":false},"excerpt":{"rendered":"<p>Nadgradite zaslon svojega prenosnika z LCD zaslonom N140HCA-EBA, NV140FHM-N62\/N61\/N3B\/N47\/N4C 14&#8243;. Ta Full HD IPS panel ponuja osupljivo vizualno izku\u0161njo z matiranim premazom za zmanj\u0161anje ble\u0161\u010danja. Z eDP 30-pinskim konektorjem je namestitev enostavna s prilo\u017eenimi obojestranskimi lepilnimi trakovi. Stanje: novo.<\/p>\n","protected":false},"featured_media":8110,"template":"","meta":[],"product_brand":[],"product_cat":[51],"product_tag":[],"class_list":{"0":"post-7506","1":"product","2":"type-product","3":"status-publish","4":"has-post-thumbnail","6":"product_cat-51","8":"first","9":"instock","10":"taxable","11":"shipping-taxable","12":"purchasable","13":"product-type-simple"},"_links":{"self":[{"href":"https:\/\/pracek.si\/ekrani-za-prenosnike\/wp-json\/wp\/v2\/product\/7506","targetHints":{"allow":["GET"]}}],"collection":[{"href":"https:\/\/pracek.si\/ekrani-za-prenosnike\/wp-json\/wp\/v2\/product"}],"about":[{"href":"https:\/\/pracek.si\/ekrani-za-prenosnike\/wp-json\/wp\/v2\/types\/product"}],"wp:featuredmedia":[{"embeddable":true,"href":"https:\/\/pracek.si\/ekrani-za-prenosnike\/wp-json\/wp\/v2\/media\/8110"}],"wp:attachment":[{"href":"https:\/\/pracek.si\/ekrani-za-prenosnike\/wp-json\/wp\/v2\/media?parent=7506"}],"wp:term":[{"taxonomy":"product_brand","embeddable":true,"href":"https:\/\/pracek.si\/ekrani-za-prenosnike\/wp-json\/wp\/v2\/product_brand?post=7506"},{"taxonomy":"product_cat","embeddable":true,"href":"https:\/\/pracek.si\/ekrani-za-prenosnike\/wp-json\/wp\/v2\/product_cat?post=7506"},{"taxonomy":"product_tag","embeddable":true,"href":"https:\/\/pracek.si\/ekrani-za-prenosnike\/wp-json\/wp\/v2\/product_tag?post=7506"}],"curies":[{"name":"wp","href":"https:\/\/api.w.org\/{rel}","templated":true}]}}