{"id":7507,"date":"2024-08-28T15:52:47","date_gmt":"2024-08-28T15:52:47","guid":{"rendered":"https:\/\/pracek.si\/ekrani-za-prenosnike\/?post_type=product&#038;p=7507"},"modified":"2025-03-31T12:14:49","modified_gmt":"2025-03-31T12:14:49","slug":"dell-inspiron-14-7460-lcd-zaslon-14-fhd-ips-edp-30pin-matte-nov-z-lepilom","status":"publish","type":"product","link":"https:\/\/pracek.si\/ekrani-za-prenosnike\/product\/dell-inspiron-14-7460-lcd-zaslon-14-fhd-ips-edp-30pin-matte-nov-z-lepilom\/","title":{"rendered":"Dell Inspiron 14 7460 LCD zaslon 14&#8243; FHD IPS eDP 30pin Matte Nov z lepilom"},"content":{"rendered":"<p><strong>Dejanski model ekrana: MB140SC01-4 VER 1.3 ali <span data-sheets-root=\"1\">N140HCA-EAC REV. C4<\/span> \u2013 popolnoma zdru\u017eljiv z LCD zaslonom za prenosnik Dell Inspiron 14 7460 7GTH4 07GTH4<\/strong><\/p>\n<p>Izbolj\u0161ajte svoj Dell Inspiron 14 7460 prenosnik z novim 14&#8243; LCD zaslonom, zasnovanim za vrhunsko zmogljivost in izjemno vizualno jasnost. Ta zaslon ponuja Full HD (1920&#215;1080) lo\u010dljivost, ki zagotavlja ostre, podrobne slike in \u017eivahne barve. S tehnologijo IPS boste u\u017eivali v dosledni barvni natan\u010dnosti in \u0161irokih kotih gledanja, kar je idealno tako za delo kot za zabavo.<\/p>\n<p>Matirana povr\u0161ina zmanj\u0161a ble\u0161\u010danje in omogo\u010da udobno gledanje v razli\u010dnih svetlobnih pogojih. Zaslon se povezuje preko zanesljivega eDP 30-pinskega vmesnika, kar zagotavlja stabilno in zanesljivo povezavo. Namestitev je enostavna z vklju\u010denimi obojestranskimi lepilnimi trakovi, kar omogo\u010da hitro zamenjavo starega ali po\u0161kodovanega zaslona.<\/p>\n<p>Prosimo, upo\u0161tevajte, da ta zaslon ne vklju\u010duje zgornjih in spodnjih nosilcev. Zaslon je v novem stanju, kar zagotavlja, da prejmete izdelek brez napak, pripravljen za namestitev.<\/p>\n","protected":false},"excerpt":{"rendered":"<p>Dejanski model ekrana: MB140SC01-4 VER 1.3 ali N140HCA-EAC REV. C4 \u2013 popolnoma zdru\u017eljiv z LCD zaslonom za prenosnik Dell Inspiron 14 7460 7GTH4 07GTH4 Izbolj\u0161ajte svoj Dell Inspiron 14 7460 prenosnik z novim 14&#8243; LCD zaslonom, zasnovanim za vrhunsko zmogljivost in izjemno vizualno jasnost. Ta zaslon ponuja Full HD (1920&#215;1080) lo\u010dljivost, ki zagotavlja ostre, podrobne [&hellip;]<\/p>\n","protected":false},"featured_media":8110,"template":"","meta":[],"product_brand":[],"product_cat":[51],"product_tag":[64],"class_list":{"0":"post-7507","1":"product","2":"type-product","3":"status-publish","4":"has-post-thumbnail","6":"product_cat-51","7":"product_tag-dell","9":"first","10":"instock","11":"taxable","12":"shipping-taxable","13":"purchasable","14":"product-type-simple"},"_links":{"self":[{"href":"https:\/\/pracek.si\/ekrani-za-prenosnike\/wp-json\/wp\/v2\/product\/7507","targetHints":{"allow":["GET"]}}],"collection":[{"href":"https:\/\/pracek.si\/ekrani-za-prenosnike\/wp-json\/wp\/v2\/product"}],"about":[{"href":"https:\/\/pracek.si\/ekrani-za-prenosnike\/wp-json\/wp\/v2\/types\/product"}],"wp:featuredmedia":[{"embeddable":true,"href":"https:\/\/pracek.si\/ekrani-za-prenosnike\/wp-json\/wp\/v2\/media\/8110"}],"wp:attachment":[{"href":"https:\/\/pracek.si\/ekrani-za-prenosnike\/wp-json\/wp\/v2\/media?parent=7507"}],"wp:term":[{"taxonomy":"product_brand","embeddable":true,"href":"https:\/\/pracek.si\/ekrani-za-prenosnike\/wp-json\/wp\/v2\/product_brand?post=7507"},{"taxonomy":"product_cat","embeddable":true,"href":"https:\/\/pracek.si\/ekrani-za-prenosnike\/wp-json\/wp\/v2\/product_cat?post=7507"},{"taxonomy":"product_tag","embeddable":true,"href":"https:\/\/pracek.si\/ekrani-za-prenosnike\/wp-json\/wp\/v2\/product_tag?post=7507"}],"curies":[{"name":"wp","href":"https:\/\/api.w.org\/{rel}","templated":true}]}}