{"id":7508,"date":"2024-08-28T16:26:48","date_gmt":"2024-08-28T16:26:48","guid":{"rendered":"https:\/\/pracek.si\/ekrani-za-prenosnike\/?post_type=product&#038;p=7508"},"modified":"2025-03-31T12:14:49","modified_gmt":"2025-03-31T12:14:49","slug":"lenovo-v14-g1-g2-g3-14-fhd-ips-mat-lcd-edp-30pin-z-lepilom-novi","status":"publish","type":"product","link":"https:\/\/pracek.si\/ekrani-za-prenosnike\/product\/lenovo-v14-g1-g2-g3-14-fhd-ips-mat-lcd-edp-30pin-z-lepilom-novi\/","title":{"rendered":"Lenovo V14 G1\/G2\/G3 14&#8243; FHD IPS mat LCD eDP 30pin z lepilom Novi"},"content":{"rendered":"<p><strong>Dejanski model ekrana: MB140SC01-4 VER 1.3 ali <span data-sheets-root=\"1\">N140HCA-EAC REV. C4<\/span> \u2013 popolnoma zdru\u017eljiv z LCD zaslonom za prenosnik Lenovo V14 G1 \/ V14 G2 \/ V14 G3<\/strong><\/p>\n<p>Izbolj\u0161ajte svoj prenosnik Lenovo V14 G1\/G2\/G3 s tem vrhunskim 14&#8243; LCD zaslonom, zasnovanim za izjemno vizualno jasnost in zmogljivost. Z lo\u010dljivostjo Full HD (1920&#215;1080) in IPS tehnologijo ta zaslon ponuja ostre, \u017eive slike s \u0161irokimi koti gledanja, kar je idealno tako za delo kot za zabavo.<\/p>\n<p>Matirana povr\u0161ina zmanj\u0161uje ble\u0161\u010danje in zagotavlja udobno gledanje v razli\u010dnih svetlobnih pogojih. Ta zaslon se povezuje prek 30-pinskega eDP vmesnika, kar zagotavlja stabilno in zanesljivo povezavo z va\u0161o napravo. Namestitev je enostavna s prilo\u017eenimi obojestranskimi lepilnimi trakovi, ki omogo\u010dajo varen pritrditev.<\/p>\n<p>Prosimo, upo\u0161tevajte, da ta zaslon prihaja brez zgornjih in spodnjih nosilcev. Je popolnoma nov, kar zagotavlja, da prejmete izdelek brez napak in pripravljen za uporabo.<\/p>\n<p>&nbsp;<\/p>\n","protected":false},"excerpt":{"rendered":"<p>Nadgradite svoj Lenovo V14 G1\/G2\/G3 z 14&#8243; FHD IPS LCD zaslonom. Matirana povr\u0161ina, eDP 30-pinska povezava in obojestranski lepilni trakovi so vklju\u010deni za enostavno namestitev. Stanje: novo.<\/p>\n","protected":false},"featured_media":8110,"template":"","meta":[],"product_brand":[],"product_cat":[51],"product_tag":[],"class_list":{"0":"post-7508","1":"product","2":"type-product","3":"status-publish","4":"has-post-thumbnail","6":"product_cat-51","8":"first","9":"instock","10":"taxable","11":"shipping-taxable","12":"purchasable","13":"product-type-simple"},"_links":{"self":[{"href":"https:\/\/pracek.si\/ekrani-za-prenosnike\/wp-json\/wp\/v2\/product\/7508","targetHints":{"allow":["GET"]}}],"collection":[{"href":"https:\/\/pracek.si\/ekrani-za-prenosnike\/wp-json\/wp\/v2\/product"}],"about":[{"href":"https:\/\/pracek.si\/ekrani-za-prenosnike\/wp-json\/wp\/v2\/types\/product"}],"wp:featuredmedia":[{"embeddable":true,"href":"https:\/\/pracek.si\/ekrani-za-prenosnike\/wp-json\/wp\/v2\/media\/8110"}],"wp:attachment":[{"href":"https:\/\/pracek.si\/ekrani-za-prenosnike\/wp-json\/wp\/v2\/media?parent=7508"}],"wp:term":[{"taxonomy":"product_brand","embeddable":true,"href":"https:\/\/pracek.si\/ekrani-za-prenosnike\/wp-json\/wp\/v2\/product_brand?post=7508"},{"taxonomy":"product_cat","embeddable":true,"href":"https:\/\/pracek.si\/ekrani-za-prenosnike\/wp-json\/wp\/v2\/product_cat?post=7508"},{"taxonomy":"product_tag","embeddable":true,"href":"https:\/\/pracek.si\/ekrani-za-prenosnike\/wp-json\/wp\/v2\/product_tag?post=7508"}],"curies":[{"name":"wp","href":"https:\/\/api.w.org\/{rel}","templated":true}]}}