{"id":7512,"date":"2024-08-28T17:29:59","date_gmt":"2024-08-28T17:29:59","guid":{"rendered":"https:\/\/pracek.si\/ekrani-za-prenosnike\/?post_type=product&#038;p=7512"},"modified":"2025-03-31T12:14:50","modified_gmt":"2025-03-31T12:14:50","slug":"dell-inspiron-14-5401-lcd-zaslon-14-fhd-ips-edp-30pin-mat-nov","status":"publish","type":"product","link":"https:\/\/pracek.si\/ekrani-za-prenosnike\/product\/dell-inspiron-14-5401-lcd-zaslon-14-fhd-ips-edp-30pin-mat-nov\/","title":{"rendered":"Dell Inspiron 14 5401 LCD zaslon 14&#8243; FHD IPS eDP 30pin mat nov"},"content":{"rendered":"<p><strong>Dejanski model ekrana: MB140SC01-4 VER 1.3 ali <span data-sheets-root=\"1\">N140HCA-EAC REV. C4<\/span> \u2013 popolnoma zdru\u017eljiv z LCD zaslonom za prenosnik Dell Inspiron 14 5401<\/strong><\/p>\n<p>Izbolj\u0161ajte svoj Dell Inspiron 14 5401 z visokokakovostnim 14&#8243; LCD zaslonom, zasnovanim za izjemno zmogljivost in jasnost. S Full HD (1920&#215;1080) lo\u010dljivostjo in IPS tehnologijo ta zaslon ponuja \u017eive barve in \u0161iroke kote gledanja, kar ga naredi idealnega tako za delo kot za zabavo. Matirana povr\u0161ina zmanj\u0161uje ble\u0161\u010danje, kar zagotavlja udobno gledanje v razli\u010dnih svetlobnih pogojih.<\/p>\n<p>Ta LCD zaslon je opremljen s 30-pinsko eDP povezavo, ki zagotavlja stabilno in zanesljivo povezavo z va\u0161im prenosnikom. Paket vklju\u010duje obojestranske lepilne trakove za enostavno in brezskrbno namestitev. Prosimo, upo\u0161tevajte, da ta zaslon ne vklju\u010duje zgornjih in spodnjih nosilcev, zaradi \u010desar je popolna zamenjava ali nadgradnja za va\u0161o napravo.<\/p>\n<p>Stanje: novo, kar zagotavlja, da prejmete brezhiben izdelek, pripravljen za takoj\u0161njo uporabo in vrhunsko zmogljivost.<\/p>\n","protected":false},"excerpt":{"rendered":"<p>Nadgradite svoj Dell Inspiron 14 5401 s 14&#8243; mat FHD IPS LCD zaslonom. S 30-pinsko eDP povezavo zagotavlja ostre vizualne u\u010dinke in \u0161iroke kote gledanja. Prilo\u017eeni so obojestranski lepilni trakovi za enostavno namestitev. Stanje: novo.<\/p>\n","protected":false},"featured_media":8110,"template":"","meta":[],"product_brand":[],"product_cat":[51],"product_tag":[64],"class_list":{"0":"post-7512","1":"product","2":"type-product","3":"status-publish","4":"has-post-thumbnail","6":"product_cat-51","7":"product_tag-dell","9":"first","10":"instock","11":"taxable","12":"shipping-taxable","13":"purchasable","14":"product-type-simple"},"_links":{"self":[{"href":"https:\/\/pracek.si\/ekrani-za-prenosnike\/wp-json\/wp\/v2\/product\/7512","targetHints":{"allow":["GET"]}}],"collection":[{"href":"https:\/\/pracek.si\/ekrani-za-prenosnike\/wp-json\/wp\/v2\/product"}],"about":[{"href":"https:\/\/pracek.si\/ekrani-za-prenosnike\/wp-json\/wp\/v2\/types\/product"}],"wp:featuredmedia":[{"embeddable":true,"href":"https:\/\/pracek.si\/ekrani-za-prenosnike\/wp-json\/wp\/v2\/media\/8110"}],"wp:attachment":[{"href":"https:\/\/pracek.si\/ekrani-za-prenosnike\/wp-json\/wp\/v2\/media?parent=7512"}],"wp:term":[{"taxonomy":"product_brand","embeddable":true,"href":"https:\/\/pracek.si\/ekrani-za-prenosnike\/wp-json\/wp\/v2\/product_brand?post=7512"},{"taxonomy":"product_cat","embeddable":true,"href":"https:\/\/pracek.si\/ekrani-za-prenosnike\/wp-json\/wp\/v2\/product_cat?post=7512"},{"taxonomy":"product_tag","embeddable":true,"href":"https:\/\/pracek.si\/ekrani-za-prenosnike\/wp-json\/wp\/v2\/product_tag?post=7512"}],"curies":[{"name":"wp","href":"https:\/\/api.w.org\/{rel}","templated":true}]}}