{"id":7515,"date":"2024-08-29T17:55:57","date_gmt":"2024-08-29T17:55:57","guid":{"rendered":"https:\/\/pracek.si\/ekrani-za-prenosnike\/?post_type=product&#038;p=7515"},"modified":"2025-03-31T12:14:50","modified_gmt":"2025-03-31T12:14:50","slug":"lenovo-thinkbook-14-g2-itl-gen-2-lcd-zaslon-14-fhd-ips-edp-30pin-mat-nov","status":"publish","type":"product","link":"https:\/\/pracek.si\/ekrani-za-prenosnike\/product\/lenovo-thinkbook-14-g2-itl-gen-2-lcd-zaslon-14-fhd-ips-edp-30pin-mat-nov\/","title":{"rendered":"Lenovo ThinkBook 14 G2 ITL Gen 2 LCD zaslon 14&#8243; FHD IPS eDP 30pin mat Nov"},"content":{"rendered":"<p><strong>Dejanski model ekrana: MB140SC01-4 VER 1.3 ali <span data-sheets-root=\"1\">N140HCA-EAC REV. C4<\/span> \u2013 popolnoma zdru\u017eljiv z LCD zaslonom za prenosnik Lenovo ThinkBook 14 G2 ITL 20VD (Gen 2)<\/strong><\/p>\n<p>Izbolj\u0161ajte svoj Lenovo ThinkBook 14 G2 ITL (Gen 2) z visokokakovostnim nadomestnim LCD zaslonom. Ta 14&#8243; zaslon ponuja Full HD (1920&#215;1080) lo\u010dljivost, kar zagotavlja ostre in \u017eive slike za izbolj\u0161ano izku\u0161njo gledanja. IPS tehnologija zagotavlja enakomerne barve in \u0161iroke kote gledanja, medtem ko matirana povr\u0161ina zmanj\u0161uje ble\u0161\u010danje, kar je idealno za razli\u010dne svetlobne pogoje.<\/p>\n<p>Zaslon ima 30-pinsko eDP povezavo, ki zagotavlja varno in stabilno povezavo z va\u0161o napravo. Namestitev je enostavna z uporabo prilo\u017eenih obojestranskih lepilnih trakov. Ne glede na to, ali zamenjujete po\u0161kodovan zaslon ali nadgrajujete za bolj\u0161o zmogljivost, je ta LCD zaslon zanesljiva izbira.<\/p>\n<p>Prosimo, upo\u0161tevajte, da je zaslon dobavljen brez zgornjih in spodnjih nosilcev. Je v popolnoma novem stanju, kar zagotavlja, da prejmete brezhiben izdelek, pripravljen za namestitev.<\/p>\n","protected":false},"excerpt":{"rendered":"<p>Nadgradite svoj Lenovo ThinkBook 14 G2 ITL (Gen 2) z 14&#8243; FHD IPS LCD zaslonom. Z matiranim premazom in eDP 30-pinsko povezavo ponuja jasne in \u017eive slike. Vklju\u010deni so obojestranski lepilni trakovi za enostavno namestitev. Stanje: novo.<\/p>\n","protected":false},"featured_media":8110,"template":"","meta":[],"product_brand":[],"product_cat":[51],"product_tag":[60],"class_list":{"0":"post-7515","1":"product","2":"type-product","3":"status-publish","4":"has-post-thumbnail","6":"product_cat-51","7":"product_tag-lenovo","9":"first","10":"instock","11":"taxable","12":"shipping-taxable","13":"purchasable","14":"product-type-simple"},"_links":{"self":[{"href":"https:\/\/pracek.si\/ekrani-za-prenosnike\/wp-json\/wp\/v2\/product\/7515","targetHints":{"allow":["GET"]}}],"collection":[{"href":"https:\/\/pracek.si\/ekrani-za-prenosnike\/wp-json\/wp\/v2\/product"}],"about":[{"href":"https:\/\/pracek.si\/ekrani-za-prenosnike\/wp-json\/wp\/v2\/types\/product"}],"wp:featuredmedia":[{"embeddable":true,"href":"https:\/\/pracek.si\/ekrani-za-prenosnike\/wp-json\/wp\/v2\/media\/8110"}],"wp:attachment":[{"href":"https:\/\/pracek.si\/ekrani-za-prenosnike\/wp-json\/wp\/v2\/media?parent=7515"}],"wp:term":[{"taxonomy":"product_brand","embeddable":true,"href":"https:\/\/pracek.si\/ekrani-za-prenosnike\/wp-json\/wp\/v2\/product_brand?post=7515"},{"taxonomy":"product_cat","embeddable":true,"href":"https:\/\/pracek.si\/ekrani-za-prenosnike\/wp-json\/wp\/v2\/product_cat?post=7515"},{"taxonomy":"product_tag","embeddable":true,"href":"https:\/\/pracek.si\/ekrani-za-prenosnike\/wp-json\/wp\/v2\/product_tag?post=7515"}],"curies":[{"name":"wp","href":"https:\/\/api.w.org\/{rel}","templated":true}]}}