{"id":7519,"date":"2024-08-29T18:38:43","date_gmt":"2024-08-29T18:38:43","guid":{"rendered":"https:\/\/pracek.si\/ekrani-za-prenosnike\/?post_type=product&#038;p=7519"},"modified":"2025-03-31T12:15:02","modified_gmt":"2025-03-31T12:15:02","slug":"asus-m415-m415d-m415da-lcd-zaslon-14-fhd-ips-edp-30pin-mat-nov","status":"publish","type":"product","link":"https:\/\/pracek.si\/ekrani-za-prenosnike\/product\/asus-m415-m415d-m415da-lcd-zaslon-14-fhd-ips-edp-30pin-mat-nov\/","title":{"rendered":"ASUS M415 M415D M415DA LCD zaslon 14&#8243; FHD IPS eDP 30pin Mat Nov"},"content":{"rendered":"<p><strong>Dejanski model ekrana: MB140SC01-4 VER 1.3 ali <span data-sheets-root=\"1\">N140HCA-EAC REV. C4<\/span> \u2013 popolnoma zdru\u017eljiv z LCD zaslonom za prenosnik ASUS M415 M415D M415DA<\/strong><\/p>\n<p>Izbolj\u0161ajte svoj prenosnik ASUS serije M415 s tem visokokakovostnim 14&#8243; LCD zaslonom, ki je posebej zasnovan za modele M415, M415D in M415DA. Ta zaslon ponuja Full HD (1920&#215;1080) lo\u010dljivost, kar omogo\u010da ostre in \u017eivahne vizualne u\u010dinke za poglobljeno izku\u0161njo gledanja. IPS tehnologija zagotavlja \u0161iroke kote gledanja in dosledno barvno natan\u010dnost, medtem ko matirana povr\u0161ina zmanj\u0161uje ble\u0161\u010danje, zaradi \u010desar je idealna za razli\u010dne svetlobne pogoje.<\/p>\n<p>Povezava z eDP 30-pinskim konektorjem zagotavlja varno in zanesljivo povezavo z va\u0161o napravo, prilo\u017eeni obojestranski lepilni trakovi pa omogo\u010dajo enostavno in brezskrbno namestitev. Ne glede na to, ali zamenjujete po\u0161kodovan zaslon ali nadgrajujete trenutni zaslon, je ta LCD zaslon popolna re\u0161itev.<\/p>\n<p>Prosimo, upo\u0161tevajte, da ta zaslon prihaja brez zgornjih in spodnjih nosilcev. Zaslon je v popolnoma novem stanju, kar zagotavlja, da prejmete izdelek brez napak, pripravljen za uporabo.<\/p>\n","protected":false},"excerpt":{"rendered":"<p>Nadgradite svoj prenosnik ASUS serije M415 s tem 14&#8243; mat LCD zaslonom. Z FHD IPS lo\u010dljivostjo, eDP 30-pinsko povezavo in prilo\u017eenimi obojestranskimi lepilnimi trakovi zagotavlja \u017eivahne vizualne u\u010dinke in enostavno namestitev. Stanje: novo.<\/p>\n","protected":false},"featured_media":8110,"template":"","meta":[],"product_brand":[],"product_cat":[51],"product_tag":[58],"class_list":{"0":"post-7519","1":"product","2":"type-product","3":"status-publish","4":"has-post-thumbnail","6":"product_cat-51","7":"product_tag-asus","9":"first","10":"instock","11":"taxable","12":"shipping-taxable","13":"purchasable","14":"product-type-simple"},"_links":{"self":[{"href":"https:\/\/pracek.si\/ekrani-za-prenosnike\/wp-json\/wp\/v2\/product\/7519","targetHints":{"allow":["GET"]}}],"collection":[{"href":"https:\/\/pracek.si\/ekrani-za-prenosnike\/wp-json\/wp\/v2\/product"}],"about":[{"href":"https:\/\/pracek.si\/ekrani-za-prenosnike\/wp-json\/wp\/v2\/types\/product"}],"wp:featuredmedia":[{"embeddable":true,"href":"https:\/\/pracek.si\/ekrani-za-prenosnike\/wp-json\/wp\/v2\/media\/8110"}],"wp:attachment":[{"href":"https:\/\/pracek.si\/ekrani-za-prenosnike\/wp-json\/wp\/v2\/media?parent=7519"}],"wp:term":[{"taxonomy":"product_brand","embeddable":true,"href":"https:\/\/pracek.si\/ekrani-za-prenosnike\/wp-json\/wp\/v2\/product_brand?post=7519"},{"taxonomy":"product_cat","embeddable":true,"href":"https:\/\/pracek.si\/ekrani-za-prenosnike\/wp-json\/wp\/v2\/product_cat?post=7519"},{"taxonomy":"product_tag","embeddable":true,"href":"https:\/\/pracek.si\/ekrani-za-prenosnike\/wp-json\/wp\/v2\/product_tag?post=7519"}],"curies":[{"name":"wp","href":"https:\/\/api.w.org\/{rel}","templated":true}]}}