{"id":7520,"date":"2024-08-29T19:09:45","date_gmt":"2024-08-29T19:09:45","guid":{"rendered":"https:\/\/pracek.si\/ekrani-za-prenosnike\/?post_type=product&#038;p=7520"},"modified":"2025-03-31T12:15:14","modified_gmt":"2025-03-31T12:15:14","slug":"lenovo-ideapad-s340-14-lcd-fhd-ips-edp-30pin-z-lepilnimi-trakovi-nov","status":"publish","type":"product","link":"https:\/\/pracek.si\/ekrani-za-prenosnike\/product\/lenovo-ideapad-s340-14-lcd-fhd-ips-edp-30pin-z-lepilnimi-trakovi-nov\/","title":{"rendered":"Lenovo IdeaPad S340 14&#8243; LCD FHD IPS eDP 30pin z lepilnimi trakovi Nov"},"content":{"rendered":"<p><strong>Dejanski model ekrana: MB140SC01-4 VER 1.3 ali <span data-sheets-root=\"1\">N140HCA-EAC REV. C4<\/span> \u2013 popolnoma zdru\u017eljiv z LCD zaslonom za prenosnik Lenovo ideapad S340-14IWL 14IML 14API 14IIL<\/strong><\/p>\n<p>Izbolj\u0161ajte zaslon svojega Lenovo IdeaPad S340 serije s tem visokokakovostnim 14&#8243; LCD zaslonom, ki je zdru\u017eljiv z modeli 14IWL, 14IML, 14API in 14IIL. Ta zaslon je zasnovan za vrhunsko zmogljivost in ponuja Full HD (1920&#215;1080) lo\u010dljivost, ki zagotavlja ostre in \u017eivahne slike za poglobljeno izku\u0161njo gledanja. IPS tehnologija zagotavlja natan\u010dnost barv in \u0161iroke kote gledanja, medtem ko matirana povr\u0161ina zmanj\u0161uje ble\u0161\u010danje, kar je idealno za razli\u010dne svetlobne pogoje.<\/p>\n<p>Ta zaslon je opremljen s 30-pinskim eDP konektorjem, ki zagotavlja stabilno in varno povezavo z va\u0161o napravo. V paketu so prilo\u017eeni obojestranski lepilni trakovi, ki olaj\u0161ajo postopek namestitve in zagotavljajo trdno pritrditev. Prosimo, upo\u0161tevajte, da ta zaslon ne vklju\u010duje zgornjih in spodnjih nosilcev.<\/p>\n<p>Idealen za zamenjavo po\u0161kodovanega zaslona ali nadgradnjo zaslona va\u0161e naprave, ta LCD zaslon je v popolnoma novem stanju, pripravljen za zagotavljanje visokokakovostnih vizualnih u\u010dinkov in izbolj\u0161anje va\u0161e ra\u010dunalni\u0161ke izku\u0161nje.<\/p>\n","protected":false},"excerpt":{"rendered":"<p>Nadgradite svoj Lenovo IdeaPad S340 s tem 14&#8243; LCD zaslonom. Z FHD IPS lo\u010dljivostjo, matiranim premazom in 30-pinsko eDP povezavo ponuja \u017eive slike. Vklju\u010dene so obojestranske lepilne trakove za enostavno namestitev. Stanje: novo.<\/p>\n","protected":false},"featured_media":8110,"template":"","meta":[],"product_brand":[],"product_cat":[51],"product_tag":[60],"class_list":{"0":"post-7520","1":"product","2":"type-product","3":"status-publish","4":"has-post-thumbnail","6":"product_cat-51","7":"product_tag-lenovo","9":"first","10":"instock","11":"taxable","12":"shipping-taxable","13":"purchasable","14":"product-type-simple"},"_links":{"self":[{"href":"https:\/\/pracek.si\/ekrani-za-prenosnike\/wp-json\/wp\/v2\/product\/7520","targetHints":{"allow":["GET"]}}],"collection":[{"href":"https:\/\/pracek.si\/ekrani-za-prenosnike\/wp-json\/wp\/v2\/product"}],"about":[{"href":"https:\/\/pracek.si\/ekrani-za-prenosnike\/wp-json\/wp\/v2\/types\/product"}],"wp:featuredmedia":[{"embeddable":true,"href":"https:\/\/pracek.si\/ekrani-za-prenosnike\/wp-json\/wp\/v2\/media\/8110"}],"wp:attachment":[{"href":"https:\/\/pracek.si\/ekrani-za-prenosnike\/wp-json\/wp\/v2\/media?parent=7520"}],"wp:term":[{"taxonomy":"product_brand","embeddable":true,"href":"https:\/\/pracek.si\/ekrani-za-prenosnike\/wp-json\/wp\/v2\/product_brand?post=7520"},{"taxonomy":"product_cat","embeddable":true,"href":"https:\/\/pracek.si\/ekrani-za-prenosnike\/wp-json\/wp\/v2\/product_cat?post=7520"},{"taxonomy":"product_tag","embeddable":true,"href":"https:\/\/pracek.si\/ekrani-za-prenosnike\/wp-json\/wp\/v2\/product_tag?post=7520"}],"curies":[{"name":"wp","href":"https:\/\/api.w.org\/{rel}","templated":true}]}}