{"id":7524,"date":"2024-08-29T20:24:49","date_gmt":"2024-08-29T20:24:49","guid":{"rendered":"https:\/\/pracek.si\/ekrani-za-prenosnike\/?post_type=product&#038;p=7524"},"modified":"2025-03-31T12:15:38","modified_gmt":"2025-03-31T12:15:38","slug":"lenovo-14w-gen-2-v14-14-lcd-mat-fhd-ips-edp-30pin-z-lepilom-novo","status":"publish","type":"product","link":"https:\/\/pracek.si\/ekrani-za-prenosnike\/product\/lenovo-14w-gen-2-v14-14-lcd-mat-fhd-ips-edp-30pin-z-lepilom-novo\/","title":{"rendered":"Lenovo 14W Gen 2 V14 14&#8243; LCD mat FHD IPS eDP 30pin z lepilom Novo"},"content":{"rendered":"<p><strong>Dejanski model ekrana: MB140SC01-4 VER 1.3 ali <span data-sheets-root=\"1\">N140HCA-EAC REV. C4<\/span> \u2013 popolnoma zdru\u017eljiv z LCD zaslonom za prenosnik Lenovo 14W Gen 2 V14-IIL V14-ADA V14 G1-IML<\/strong><\/p>\n<p>Izbolj\u0161ajte kakovost zaslona svojega Lenovo prenosnika s tem vrhunskim 14&#8243; LCD zaslonom, zasnovanim posebej za modele Lenovo 14W Gen 2, V14-IIL, V14-ADA in V14 G1-IML. Zaslon se pona\u0161a z lo\u010dljivostjo Full HD (1920&#215;1080), kar zagotavlja ostre in jasne slike z \u017eivimi barvami. Tehnologija IPS omogo\u010da \u0161iroke kote gledanja in dosledno barvno natan\u010dnost, kar je idealno tako za delo kot za zabavo.<\/p>\n<p>Matirana povr\u0161ina zmanj\u0161uje ble\u0161\u010danje, kar vam omogo\u010da udobno uporabo prenosnika v razli\u010dnih svetlobnih pogojih. Ta LCD zaslon ima eDP 30-pinski priklju\u010dek za varno in zanesljivo povezavo. Poleg tega paket vklju\u010duje obojestranske lepilne trakove, ki poenostavijo postopek namestitve.<\/p>\n<p>Prosimo, upo\u0161tevajte, da zaslon ne vsebuje zgornjih in spodnjih nosilcev, kar zagotavlja zdru\u017eljivost z va\u0161im prenosnikom. Zaslon je v popolnoma novem stanju, kar zagotavlja visokokakovostno zamenjavo, ki bo izpolnila va\u0161a pri\u010dakovanja.<\/p>\n","protected":false},"excerpt":{"rendered":"<p>Nadgradite svoj Lenovo prenosnik z 14&#8243; FHD IPS LCD zaslonom, zdru\u017eljivim z modeli Lenovo 14W Gen 2, V14-IIL, V14-ADA in V14 G1-IML. Mat povr\u0161ina, eDP 30-pinski priklju\u010dek, vklju\u010dene so obojestranske lepilne trakove za enostavno namestitev. Stanje: novo.<\/p>\n","protected":false},"featured_media":8110,"template":"","meta":[],"product_brand":[],"product_cat":[51],"product_tag":[60],"class_list":{"0":"post-7524","1":"product","2":"type-product","3":"status-publish","4":"has-post-thumbnail","6":"product_cat-51","7":"product_tag-lenovo","9":"first","10":"instock","11":"taxable","12":"shipping-taxable","13":"purchasable","14":"product-type-simple"},"_links":{"self":[{"href":"https:\/\/pracek.si\/ekrani-za-prenosnike\/wp-json\/wp\/v2\/product\/7524","targetHints":{"allow":["GET"]}}],"collection":[{"href":"https:\/\/pracek.si\/ekrani-za-prenosnike\/wp-json\/wp\/v2\/product"}],"about":[{"href":"https:\/\/pracek.si\/ekrani-za-prenosnike\/wp-json\/wp\/v2\/types\/product"}],"wp:featuredmedia":[{"embeddable":true,"href":"https:\/\/pracek.si\/ekrani-za-prenosnike\/wp-json\/wp\/v2\/media\/8110"}],"wp:attachment":[{"href":"https:\/\/pracek.si\/ekrani-za-prenosnike\/wp-json\/wp\/v2\/media?parent=7524"}],"wp:term":[{"taxonomy":"product_brand","embeddable":true,"href":"https:\/\/pracek.si\/ekrani-za-prenosnike\/wp-json\/wp\/v2\/product_brand?post=7524"},{"taxonomy":"product_cat","embeddable":true,"href":"https:\/\/pracek.si\/ekrani-za-prenosnike\/wp-json\/wp\/v2\/product_cat?post=7524"},{"taxonomy":"product_tag","embeddable":true,"href":"https:\/\/pracek.si\/ekrani-za-prenosnike\/wp-json\/wp\/v2\/product_tag?post=7524"}],"curies":[{"name":"wp","href":"https:\/\/api.w.org\/{rel}","templated":true}]}}