{"id":7549,"date":"2024-08-30T13:48:32","date_gmt":"2024-08-30T13:48:32","guid":{"rendered":"https:\/\/pracek.si\/ekrani-za-prenosnike\/?post_type=product&#038;p=7549"},"modified":"2025-03-31T12:15:48","modified_gmt":"2025-03-31T12:15:48","slug":"hp-pavilion-14-ce-lcd-14-mat-fhd-ips-edp-30pin-z-lepilom-novo","status":"publish","type":"product","link":"https:\/\/pracek.si\/ekrani-za-prenosnike\/product\/hp-pavilion-14-ce-lcd-14-mat-fhd-ips-edp-30pin-z-lepilom-novo\/","title":{"rendered":"HP Pavilion 14-CE LCD 14&#8243; Mat FHD IPS eDP 30pin z lepilom Novo"},"content":{"rendered":"<p><strong>Dejanski model ekrana: MB140SC01-4 VER 1.3 ali <span data-sheets-root=\"1\">N140HCA-EAC REV. C4<\/span> \u2013 popolnoma zdru\u017eljiv z LCD zaslonom za prenosnik HP Pavilion 14-CE<\/strong><\/p>\n<p>Nadgradite svoj HP Pavilion 14-CE z visokokakovostnim 14&#8243; LCD zaslonom, zasnovanim za izjemno vizualno izku\u0161njo in trpe\u017enost. Ta zaslon ponuja Full HD (1920&#215;1080) lo\u010dljivost, kar zagotavlja ostre in jasne slike, primerne tako za delo kot zabavo. IPS tehnologija zagotavlja dosledne in natan\u010dne barve z \u0161irokimi koti gledanja, medtem ko mat povr\u0161ina zmanj\u0161uje ble\u0161\u010danje, zaradi \u010desar je primeren za razli\u010dna svetlobna okolja.<\/p>\n<p>eDP 30-pinski priklju\u010dek omogo\u010da varno povezavo z va\u0161o napravo in zagotavlja stabilno delovanje. Prilo\u017eeni obojestranski lepilni trakovi poenostavijo postopek namestitve, kar omogo\u010da enostavno zamenjavo obstoje\u010dega zaslona.<\/p>\n<p>Ta LCD zaslon je brez zgornjih in spodnjih nosilcev, in je popolnoma nov, kar vam zagotavlja, da prejmete brezhiben izdelek, pripravljen za namestitev.<\/p>\n","protected":false},"excerpt":{"rendered":"<p>Izbolj\u0161ajte svoj HP Pavilion 14-CE z 14&#8243; matiranim LCD zaslonom. Ponuja FHD IPS jasnost, 30-pinsko eDP povezavo in enostavno namestitev z obojestranskimi lepilnimi trakovi. Stanje: novo.<\/p>\n","protected":false},"featured_media":8110,"template":"","meta":[],"product_brand":[],"product_cat":[51],"product_tag":[62],"class_list":{"0":"post-7549","1":"product","2":"type-product","3":"status-publish","4":"has-post-thumbnail","6":"product_cat-51","7":"product_tag-hp","9":"first","10":"instock","11":"taxable","12":"shipping-taxable","13":"purchasable","14":"product-type-simple"},"_links":{"self":[{"href":"https:\/\/pracek.si\/ekrani-za-prenosnike\/wp-json\/wp\/v2\/product\/7549","targetHints":{"allow":["GET"]}}],"collection":[{"href":"https:\/\/pracek.si\/ekrani-za-prenosnike\/wp-json\/wp\/v2\/product"}],"about":[{"href":"https:\/\/pracek.si\/ekrani-za-prenosnike\/wp-json\/wp\/v2\/types\/product"}],"wp:featuredmedia":[{"embeddable":true,"href":"https:\/\/pracek.si\/ekrani-za-prenosnike\/wp-json\/wp\/v2\/media\/8110"}],"wp:attachment":[{"href":"https:\/\/pracek.si\/ekrani-za-prenosnike\/wp-json\/wp\/v2\/media?parent=7549"}],"wp:term":[{"taxonomy":"product_brand","embeddable":true,"href":"https:\/\/pracek.si\/ekrani-za-prenosnike\/wp-json\/wp\/v2\/product_brand?post=7549"},{"taxonomy":"product_cat","embeddable":true,"href":"https:\/\/pracek.si\/ekrani-za-prenosnike\/wp-json\/wp\/v2\/product_cat?post=7549"},{"taxonomy":"product_tag","embeddable":true,"href":"https:\/\/pracek.si\/ekrani-za-prenosnike\/wp-json\/wp\/v2\/product_tag?post=7549"}],"curies":[{"name":"wp","href":"https:\/\/api.w.org\/{rel}","templated":true}]}}