{"id":7551,"date":"2024-08-30T16:43:03","date_gmt":"2024-08-30T16:43:03","guid":{"rendered":"https:\/\/pracek.si\/ekrani-za-prenosnike\/?post_type=product&#038;p=7551"},"modified":"2025-03-31T12:15:48","modified_gmt":"2025-03-31T12:15:48","slug":"hp-14-dk1032wm-14-dk1035wm-lcd-zaslon-14-fhd-ips-30pin-mat-nov","status":"publish","type":"product","link":"https:\/\/pracek.si\/ekrani-za-prenosnike\/product\/hp-14-dk1032wm-14-dk1035wm-lcd-zaslon-14-fhd-ips-30pin-mat-nov\/","title":{"rendered":"HP 14-DK1032WM 14-DK1035WM LCD zaslon 14&#8243; FHD IPS 30pin Mat Nov"},"content":{"rendered":"<p><strong>Dejanski model ekrana: MB140SC01-4 VER 1.3 ali <span data-sheets-root=\"1\">N140HCA-EAC REV. C4<\/span> \u2013 popolnoma zdru\u017eljiv z LCD zaslonom za prenosnik HP 14-DK1032WM 14-DK1035WM<\/strong><\/p>\n<p>Izbolj\u0161ajte prikaz na svojem prenosniku HP 14-DK1032WM ali 14-DK1035WM s 14&#8243; matiranim FHD IPS LCD zaslonom. Ta zaslon je zasnovan za visoko zmogljivost in ponuja Full HD (1920&#215;1080) lo\u010dljivost, kar zagotavlja ostre, jasne slike z \u017eivahnimi barvami. Tehnologija IPS omogo\u010da \u0161iroke kote gledanja in dosledno barvno natan\u010dnost, zaradi \u010desar bo va\u0161 zaslon videti odli\u010dno iz vseh zornih kotov.<\/p>\n<p>30-pinski eDP priklju\u010dek zagotavlja varno in stabilno povezavo z va\u0161o napravo, kar zagotavlja nemoteno delovanje. Ta zaslon prihaja brez zgornjih in spodnjih nosilcev, vendar vklju\u010duje obojestranske lepilne trakove, kar omogo\u010da enostavno in brezskrbno namestitev. Ne glede na to, ali zamenjujete po\u0161kodovan zaslon ali nadgrajujete za bolj\u0161o vizualno izku\u0161njo, je ta LCD zaslon odli\u010dna izbira za izbolj\u0161anje zmogljivosti va\u0161ega prenosnika.<\/p>\n","protected":false},"excerpt":{"rendered":"<p>Nadgradite svoj prenosnik HP 14-DK1032WM ali 14-DK1035WM z 14&#8243; matiranim FHD IPS LCD zaslonom. Ima 30-pinski eDP priklju\u010dek in vklju\u010duje obojestranske lepilne trakove za enostavno namestitev. Stanje: novo.<\/p>\n","protected":false},"featured_media":8110,"template":"","meta":[],"product_brand":[],"product_cat":[51],"product_tag":[62],"class_list":{"0":"post-7551","1":"product","2":"type-product","3":"status-publish","4":"has-post-thumbnail","6":"product_cat-51","7":"product_tag-hp","9":"first","10":"instock","11":"taxable","12":"shipping-taxable","13":"purchasable","14":"product-type-simple"},"_links":{"self":[{"href":"https:\/\/pracek.si\/ekrani-za-prenosnike\/wp-json\/wp\/v2\/product\/7551","targetHints":{"allow":["GET"]}}],"collection":[{"href":"https:\/\/pracek.si\/ekrani-za-prenosnike\/wp-json\/wp\/v2\/product"}],"about":[{"href":"https:\/\/pracek.si\/ekrani-za-prenosnike\/wp-json\/wp\/v2\/types\/product"}],"wp:featuredmedia":[{"embeddable":true,"href":"https:\/\/pracek.si\/ekrani-za-prenosnike\/wp-json\/wp\/v2\/media\/8110"}],"wp:attachment":[{"href":"https:\/\/pracek.si\/ekrani-za-prenosnike\/wp-json\/wp\/v2\/media?parent=7551"}],"wp:term":[{"taxonomy":"product_brand","embeddable":true,"href":"https:\/\/pracek.si\/ekrani-za-prenosnike\/wp-json\/wp\/v2\/product_brand?post=7551"},{"taxonomy":"product_cat","embeddable":true,"href":"https:\/\/pracek.si\/ekrani-za-prenosnike\/wp-json\/wp\/v2\/product_cat?post=7551"},{"taxonomy":"product_tag","embeddable":true,"href":"https:\/\/pracek.si\/ekrani-za-prenosnike\/wp-json\/wp\/v2\/product_tag?post=7551"}],"curies":[{"name":"wp","href":"https:\/\/api.w.org\/{rel}","templated":true}]}}