{"id":7553,"date":"2024-08-30T17:55:52","date_gmt":"2024-08-30T17:55:52","guid":{"rendered":"https:\/\/pracek.si\/ekrani-za-prenosnike\/?post_type=product&#038;p=7553"},"modified":"2026-01-14T11:44:22","modified_gmt":"2026-01-14T11:44:22","slug":"nt156fhm-n41-lcd-zaslon-156-fhd-mat-edp-30pin-z-nosilci-nov","status":"publish","type":"product","link":"https:\/\/pracek.si\/ekrani-za-prenosnike\/product\/nt156fhm-n41-lcd-zaslon-156-fhd-mat-edp-30pin-z-nosilci-nov\/","title":{"rendered":"NT156FHM-N41 LCD zaslon 15,6&#8243; FHD mat eDP 30pin z nosilci Nov"},"content":{"rendered":"<p><strong><p>Trenutno na zalogi zaslon: NT156FHM-N41 \/ B156XW04 v.5 (enake specifikacije \/ popolnoma zdru\u017eljiv!)<\/p>\n<\/strong><\/p>\n<p>Izbolj\u0161ajte prikaz na svojem prenosniku z LCD zaslonom NT156FHM-N41 velikosti 15,6&#8243;. Ta zaslon je zasnovan za uporabnike, ki i\u0161\u010dejo kakovost in vzdr\u017eljivost, saj ponuja Full HD (1920&#215;1080) lo\u010dljivost, ki zagotavlja ostre in podrobne slike. Matirana povr\u0161ina zmanj\u0161uje ble\u0161\u010danje, zaradi \u010desar je primerna za razli\u010dne svetlobne pogoje, bodisi v zaprtih prostorih bodisi na poti.<\/p>\n<p>Model je opremljen z eDP 30-pinskim konektorjem, ki zagotavlja zanesljivo in u\u010dinkovito povezavo z va\u0161im prenosnikom. \u010ceprav ta ne-IPS zaslon ne ponuja vseh funkcij, ki jih ima IPS, \u0161e vedno zagotavlja jasnost in svetlost brez dodatnih stro\u0161kov, kar ga naredi odli\u010dno izbiro za tiste, ki cenijo vrednost. Zaslon vklju\u010duje tudi zgornje in spodnje nosilce, kar omogo\u010da bolj varno in enostavno namestitev.<\/p>\n<p>Idealno za zamenjavo po\u0161kodovanega zaslona ali nadgradnjo z ni\u017eje lo\u010dljivosti, je LCD zaslon NT156FHM-N41 nov, visokokakovosten izdelek, pripravljen, da izbolj\u0161a va\u0161o izku\u0161njo s prenosnikom.<\/p>\n","protected":false},"excerpt":{"rendered":"<p>Nadgradite svoj prenosnik z LCD zaslonom NT156FHM-N41 velikosti 15,6&#8243;. Ta matiran FHD zaslon z eDP 30-pinsko povezavo vklju\u010duje zgornje in spodnje nosilce ter je v novem stanju. Ne-IPS tehnologija ponuja jasne in ostre slike.<\/p>\n","protected":false},"featured_media":7555,"template":"","meta":[],"product_brand":[],"product_cat":[50],"product_tag":[],"class_list":{"0":"post-7553","1":"product","2":"type-product","3":"status-publish","4":"has-post-thumbnail","6":"product_cat-15-6","8":"first","9":"instock","10":"taxable","11":"shipping-taxable","12":"purchasable","13":"product-type-simple"},"_links":{"self":[{"href":"https:\/\/pracek.si\/ekrani-za-prenosnike\/wp-json\/wp\/v2\/product\/7553","targetHints":{"allow":["GET"]}}],"collection":[{"href":"https:\/\/pracek.si\/ekrani-za-prenosnike\/wp-json\/wp\/v2\/product"}],"about":[{"href":"https:\/\/pracek.si\/ekrani-za-prenosnike\/wp-json\/wp\/v2\/types\/product"}],"wp:featuredmedia":[{"embeddable":true,"href":"https:\/\/pracek.si\/ekrani-za-prenosnike\/wp-json\/wp\/v2\/media\/7555"}],"wp:attachment":[{"href":"https:\/\/pracek.si\/ekrani-za-prenosnike\/wp-json\/wp\/v2\/media?parent=7553"}],"wp:term":[{"taxonomy":"product_brand","embeddable":true,"href":"https:\/\/pracek.si\/ekrani-za-prenosnike\/wp-json\/wp\/v2\/product_brand?post=7553"},{"taxonomy":"product_cat","embeddable":true,"href":"https:\/\/pracek.si\/ekrani-za-prenosnike\/wp-json\/wp\/v2\/product_cat?post=7553"},{"taxonomy":"product_tag","embeddable":true,"href":"https:\/\/pracek.si\/ekrani-za-prenosnike\/wp-json\/wp\/v2\/product_tag?post=7553"}],"curies":[{"name":"wp","href":"https:\/\/api.w.org\/{rel}","templated":true}]}}