{"id":7559,"date":"2024-08-30T19:32:52","date_gmt":"2024-08-30T19:32:52","guid":{"rendered":"https:\/\/pracek.si\/ekrani-za-prenosnike\/?post_type=product&#038;p=7559"},"modified":"2025-09-11T11:11:47","modified_gmt":"2025-09-11T11:11:47","slug":"nt156whm-n22-n32-n42-lcd-zaslon-156-fhd-mat-edp-30pin-z-nosilci-nov","status":"publish","type":"product","link":"https:\/\/pracek.si\/ekrani-za-prenosnike\/product\/nt156whm-n22-n32-n42-lcd-zaslon-156-fhd-mat-edp-30pin-z-nosilci-nov\/","title":{"rendered":"NT156WHM-N22\/N32\/N42 LCD zaslon 15,6&#8243; FHD mat eDP 30pin z nosilci Nov"},"content":{"rendered":"<p><strong><p>Trenutno na zalogi zaslon: NT156FHM-N41 \/ B156XW04 v.5 (enake specifikacije \/ popolnoma zdru\u017eljiv!)<\/p>\n<\/strong><\/p>\n<p>Izbolj\u0161ajte prikaz va\u0161ega prenosnika z LCD zaslonom NT156WHM-N22\/N32\/N42 15,6&#8243;, zasnovanim za jasne in ostre slike. Ta zaslon ima Full HD (1920&#215;1080) lo\u010dljivost, ki zagotavlja ostre slike in poglobljeno izku\u0161njo gledanja. Matirana povr\u0161ina zmanj\u0161uje ble\u0161\u010danje, kar je idealno za razli\u010dne svetlobne pogoje, medtem ko ne-IPS tehnologija zagotavlja zanesljivo delovanje.<\/p>\n<p>LCD zaslon ima eDP 30-pinski konektor, ki zagotavlja varno in stabilno povezavo z va\u0161o napravo. Poleg tega vklju\u010duje zgornje in spodnje nosilce za enostavno namestitev, kar ga naredi odli\u010dno izbiro za tiste, ki \u017eelijo zamenjati po\u0161kodovan zaslon ali nadgraditi prikaz.<\/p>\n<p>Zaslon je popolnoma nov, kar zagotavlja, da prejmete brezhiben izdelek, pripravljen za optimalno delovanje.<\/p>\n","protected":false},"excerpt":{"rendered":"<p>Nadgradite svoj prenosnik z LCD zaslonom NT156WHM-N22\/N32\/N42 15,6&#8243;. Z lo\u010dljivostjo FHD, matirano povr\u0161ino in eDP 30-pinsko povezavo ta ne-IPS zaslon ponuja ostre slike. Vklju\u010duje zgornje in spodnje nosilce za enostavno namestitev. Stanje: novo.<\/p>\n","protected":false},"featured_media":7555,"template":"","meta":[],"product_brand":[],"product_cat":[50],"product_tag":[],"class_list":{"0":"post-7559","1":"product","2":"type-product","3":"status-publish","4":"has-post-thumbnail","6":"product_cat-15-6","8":"first","9":"instock","10":"taxable","11":"shipping-taxable","12":"purchasable","13":"product-type-simple"},"_links":{"self":[{"href":"https:\/\/pracek.si\/ekrani-za-prenosnike\/wp-json\/wp\/v2\/product\/7559","targetHints":{"allow":["GET"]}}],"collection":[{"href":"https:\/\/pracek.si\/ekrani-za-prenosnike\/wp-json\/wp\/v2\/product"}],"about":[{"href":"https:\/\/pracek.si\/ekrani-za-prenosnike\/wp-json\/wp\/v2\/types\/product"}],"wp:featuredmedia":[{"embeddable":true,"href":"https:\/\/pracek.si\/ekrani-za-prenosnike\/wp-json\/wp\/v2\/media\/7555"}],"wp:attachment":[{"href":"https:\/\/pracek.si\/ekrani-za-prenosnike\/wp-json\/wp\/v2\/media?parent=7559"}],"wp:term":[{"taxonomy":"product_brand","embeddable":true,"href":"https:\/\/pracek.si\/ekrani-za-prenosnike\/wp-json\/wp\/v2\/product_brand?post=7559"},{"taxonomy":"product_cat","embeddable":true,"href":"https:\/\/pracek.si\/ekrani-za-prenosnike\/wp-json\/wp\/v2\/product_cat?post=7559"},{"taxonomy":"product_tag","embeddable":true,"href":"https:\/\/pracek.si\/ekrani-za-prenosnike\/wp-json\/wp\/v2\/product_tag?post=7559"}],"curies":[{"name":"wp","href":"https:\/\/api.w.org\/{rel}","templated":true}]}}