{"id":7561,"date":"2024-08-30T19:41:45","date_gmt":"2024-08-30T19:41:45","guid":{"rendered":"https:\/\/pracek.si\/ekrani-za-prenosnike\/?post_type=product&#038;p=7561"},"modified":"2025-09-11T11:13:27","modified_gmt":"2025-09-11T11:13:27","slug":"56whu-tp-b1-lp156whu-tpb1-lcd-156-fhd-mat-edp-30pin-z-nosilci-nov","status":"publish","type":"product","link":"https:\/\/pracek.si\/ekrani-za-prenosnike\/product\/56whu-tp-b1-lp156whu-tpb1-lcd-156-fhd-mat-edp-30pin-z-nosilci-nov\/","title":{"rendered":"56WHU TP B1 LP156WHU TPB1 LCD 15,6&#8243; FHD Mat eDP 30pin z nosilci Nov"},"content":{"rendered":"<p><strong><p>Trenutno na zalogi zaslon: NT156FHM-N41 \/ B156XW04 v.5 (enake specifikacije \/ popolnoma zdru\u017eljiv!)<\/p>\n<\/strong><\/p>\n<p>Nadgradite zaslon va\u0161ega prenosnika z LCD zaslonom 56WHU TP B1 LP156WHU TPB1 velikosti 15,6&#8243;. Ta zaslon ponuja jasne in ostre slike z lo\u010dljivostjo Full HD (1920&#215;1080), kar zagotavlja visoko kakovostno izku\u0161njo gledanja. Mat premaz zmanj\u0161uje ble\u0161\u010danje, kar je idealno za uporabo v razli\u010dnih svetlobnih pogojih. \u010ceprav ni IPS, ta zaslon \u0161e vedno zagotavlja zanesljivo delovanje za vsakodnevne naloge.<\/p>\n<p>Zaslon je opremljen z zgornjimi in spodnjimi nosilci, kar omogo\u010da enostavno in varno namestitev. Povezava preko eDP 30-pinskega priklju\u010dka zagotavlja zdru\u017eljivost z razli\u010dnimi prenosniki ter stabilno in u\u010dinkovito povezavo.<\/p>\n<p>Ne glede na to, ali zamenjujete po\u0161kodovan zaslon ali nadgrajujete za bolj\u0161o vizualno izku\u0161njo, je ta LCD zaslon popolna izbira. Zaslon je popolnoma nov, kar zagotavlja, da prejmete brezhiben izdelek, pripravljen za vrhunsko delovanje.<\/p>\n","protected":false},"excerpt":{"rendered":"<p>Izbolj\u0161ajte svoj prenosnik z LCD zaslonom 56WHU TP B1 LP156WHU TPB1 velikosti 15,6&#8243;. Zaslon ima mat premaz, FHD lo\u010dljivost in eDP 30-pinsko povezavo. Vklju\u010deni so zgornji in spodnji nosilci za enostavno namestitev. Stanje: novo.<\/p>\n","protected":false},"featured_media":7555,"template":"","meta":[],"product_brand":[],"product_cat":[50],"product_tag":[],"class_list":{"0":"post-7561","1":"product","2":"type-product","3":"status-publish","4":"has-post-thumbnail","6":"product_cat-15-6","8":"first","9":"instock","10":"taxable","11":"shipping-taxable","12":"purchasable","13":"product-type-simple"},"_links":{"self":[{"href":"https:\/\/pracek.si\/ekrani-za-prenosnike\/wp-json\/wp\/v2\/product\/7561","targetHints":{"allow":["GET"]}}],"collection":[{"href":"https:\/\/pracek.si\/ekrani-za-prenosnike\/wp-json\/wp\/v2\/product"}],"about":[{"href":"https:\/\/pracek.si\/ekrani-za-prenosnike\/wp-json\/wp\/v2\/types\/product"}],"wp:featuredmedia":[{"embeddable":true,"href":"https:\/\/pracek.si\/ekrani-za-prenosnike\/wp-json\/wp\/v2\/media\/7555"}],"wp:attachment":[{"href":"https:\/\/pracek.si\/ekrani-za-prenosnike\/wp-json\/wp\/v2\/media?parent=7561"}],"wp:term":[{"taxonomy":"product_brand","embeddable":true,"href":"https:\/\/pracek.si\/ekrani-za-prenosnike\/wp-json\/wp\/v2\/product_brand?post=7561"},{"taxonomy":"product_cat","embeddable":true,"href":"https:\/\/pracek.si\/ekrani-za-prenosnike\/wp-json\/wp\/v2\/product_cat?post=7561"},{"taxonomy":"product_tag","embeddable":true,"href":"https:\/\/pracek.si\/ekrani-za-prenosnike\/wp-json\/wp\/v2\/product_tag?post=7561"}],"curies":[{"name":"wp","href":"https:\/\/api.w.org\/{rel}","templated":true}]}}