{"id":7563,"date":"2024-08-31T12:21:03","date_gmt":"2024-08-31T12:21:03","guid":{"rendered":"https:\/\/pracek.si\/ekrani-za-prenosnike\/?post_type=product&#038;p=7563"},"modified":"2025-09-11T11:13:44","modified_gmt":"2025-09-11T11:13:44","slug":"n156bge-e32-rev-c1-lcd-zaslon-156-fhd-mat-edp-30pin-z-nosilci-nov","status":"publish","type":"product","link":"https:\/\/pracek.si\/ekrani-za-prenosnike\/product\/n156bge-e32-rev-c1-lcd-zaslon-156-fhd-mat-edp-30pin-z-nosilci-nov\/","title":{"rendered":"N156BGE E32 REV.C1 LCD zaslon 15,6&#8243; FHD mat eDP 30pin z nosilci Nov"},"content":{"rendered":"<p><strong><p>Trenutno na zalogi zaslon: NT156FHM-N41 \/ B156XW04 v.5 (enake specifikacije \/ popolnoma zdru\u017eljiv!)<\/p>\n<\/strong><\/p>\n<p>Izbolj\u0161ajte vizualno izku\u0161njo svojega prenosnika z LCD zaslonom N156BGE E32 REV.C1 15,6&#8243;. Ta zaslon ponuja Full HD (1920&#215;1080) lo\u010dljivost, kar zagotavlja ostre in jasne slike za vse va\u0161e naloge, od dela do zabave. Tehnologija brez IPS zagotavlja zanesljivo delovanje, matirana povr\u0161ina pa zmanj\u0161uje odseve, kar omogo\u010da udobno uporabo prenosnika v razli\u010dnih svetlobnih pogojih.<\/p>\n<p>Povezava prek eDP 30-pinskega konektorja zagotavlja varno in stabilno povezavo z va\u0161im prenosnikom, kar omogo\u010da dosledno delovanje. Poleg tega ta LCD zaslon vklju\u010duje zgornje in spodnje nosilce, kar olaj\u0161a namestitev in zagotavlja, da se zaslon varno prilega va\u0161i napravi.<\/p>\n<p>Ne glede na to, ali zamenjujete po\u0161kodovan zaslon ali preprosto \u017eelite nadgraditi svoj zaslon, je N156BGE E32 REV.C1 odli\u010dna izbira. Zaslon je v popolnoma novem stanju, kar zagotavlja, da prejmete brezhiben izdelek, pripravljen za vrhunsko delovanje.<\/p>\n","protected":false},"excerpt":{"rendered":"<p>Nadgradite zaslon svojega prenosnika z LCD zaslonom N156BGE E32 REV.C1 15,6&#8243;. Z lo\u010dljivostjo FHD, eDP 30-pinsko povezavo in zgornjimi ter spodnjimi nosilci za enostavno namestitev. Stanje: novo.<\/p>\n","protected":false},"featured_media":7555,"template":"","meta":[],"product_brand":[],"product_cat":[50],"product_tag":[],"class_list":{"0":"post-7563","1":"product","2":"type-product","3":"status-publish","4":"has-post-thumbnail","6":"product_cat-15-6","8":"first","9":"instock","10":"taxable","11":"shipping-taxable","12":"purchasable","13":"product-type-simple"},"_links":{"self":[{"href":"https:\/\/pracek.si\/ekrani-za-prenosnike\/wp-json\/wp\/v2\/product\/7563","targetHints":{"allow":["GET"]}}],"collection":[{"href":"https:\/\/pracek.si\/ekrani-za-prenosnike\/wp-json\/wp\/v2\/product"}],"about":[{"href":"https:\/\/pracek.si\/ekrani-za-prenosnike\/wp-json\/wp\/v2\/types\/product"}],"wp:featuredmedia":[{"embeddable":true,"href":"https:\/\/pracek.si\/ekrani-za-prenosnike\/wp-json\/wp\/v2\/media\/7555"}],"wp:attachment":[{"href":"https:\/\/pracek.si\/ekrani-za-prenosnike\/wp-json\/wp\/v2\/media?parent=7563"}],"wp:term":[{"taxonomy":"product_brand","embeddable":true,"href":"https:\/\/pracek.si\/ekrani-za-prenosnike\/wp-json\/wp\/v2\/product_brand?post=7563"},{"taxonomy":"product_cat","embeddable":true,"href":"https:\/\/pracek.si\/ekrani-za-prenosnike\/wp-json\/wp\/v2\/product_cat?post=7563"},{"taxonomy":"product_tag","embeddable":true,"href":"https:\/\/pracek.si\/ekrani-za-prenosnike\/wp-json\/wp\/v2\/product_tag?post=7563"}],"curies":[{"name":"wp","href":"https:\/\/api.w.org\/{rel}","templated":true}]}}