{"id":7564,"date":"2024-08-31T12:31:41","date_gmt":"2024-08-31T12:31:41","guid":{"rendered":"https:\/\/pracek.si\/ekrani-za-prenosnike\/?post_type=product&#038;p=7564"},"modified":"2025-09-11T11:13:31","modified_gmt":"2025-09-11T11:13:31","slug":"acer-aspire-es1-533-n16c1-lcd-zaslon-156-fhd-mat-30pin-nov-z-nosilci","status":"publish","type":"product","link":"https:\/\/pracek.si\/ekrani-za-prenosnike\/product\/acer-aspire-es1-533-n16c1-lcd-zaslon-156-fhd-mat-30pin-nov-z-nosilci\/","title":{"rendered":"Acer Aspire ES1-533 N16C1 LCD zaslon 15,6&#8243; FHD mat 30pin nov z nosilci"},"content":{"rendered":"<p><strong><p>Trenutno na zalogi zaslon: NT156FHM-N41 \/ B156XW04 v.5 (enake specifikacije \/ popolnoma zdru\u017eljiv!)<\/p>\n<\/strong><\/p>\n<p>Izbolj\u0161ajte prikaz na svojem Acer Aspire ES1-533 N16C1 z visokokakovostnim 15,6&#8243; LCD zaslonom. Zasnovan za jasne in ostre slike, ta zaslon z lo\u010dljivostjo Full HD (1920&#215;1080) ima mat zaklju\u010dek, ki zmanj\u0161uje ble\u0161\u010danje, kar je idealno tako za uporabo v zaprtih prostorih kot na prostem. Zaslon je opremljen z zgornjimi in spodnjimi nosilci, kar zagotavlja varno prileganje med namestitvijo.<\/p>\n<p>Ta zaslon je opremljen s 30-pinskim eDP priklju\u010dkom, ki zagotavlja zanesljivo povezavo z va\u0161o napravo. \u010ceprav gre za ne-IPS zaslon, \u0161e vedno zagotavlja \u017eivahne barve in dobre kote gledanja, kar je kot nala\u0161\u010d za vsakodnevne naloge, kot so brskanje, pretakanje in pisarni\u0161ko delo.<\/p>\n<p>Ne glede na to, ali zamenjujete po\u0161kodovan zaslon ali nadgrajujete za bolj\u0161o zmogljivost, vam ta novi LCD zaslon ponuja prakti\u010dno re\u0161itev za obnovitev zaslona va\u0161ega prenosnika na prvotno kakovost.<\/p>\n","protected":false},"excerpt":{"rendered":"<p>Nadgradite svoj Acer Aspire ES1-533 N16C1 z 15,6&#8243; FHD mat LCD zaslonom. Ima 30-pinski eDP priklju\u010dek in zgornje ter spodnje nosilce za enostavno namestitev. Ne-IPS zaslon za ostre vizualne u\u010dinke. Stanje: novo.<\/p>\n","protected":false},"featured_media":7555,"template":"","meta":[],"product_brand":[],"product_cat":[50],"product_tag":[59],"class_list":{"0":"post-7564","1":"product","2":"type-product","3":"status-publish","4":"has-post-thumbnail","6":"product_cat-15-6","7":"product_tag-acer","9":"first","10":"instock","11":"taxable","12":"shipping-taxable","13":"purchasable","14":"product-type-simple"},"_links":{"self":[{"href":"https:\/\/pracek.si\/ekrani-za-prenosnike\/wp-json\/wp\/v2\/product\/7564","targetHints":{"allow":["GET"]}}],"collection":[{"href":"https:\/\/pracek.si\/ekrani-za-prenosnike\/wp-json\/wp\/v2\/product"}],"about":[{"href":"https:\/\/pracek.si\/ekrani-za-prenosnike\/wp-json\/wp\/v2\/types\/product"}],"wp:featuredmedia":[{"embeddable":true,"href":"https:\/\/pracek.si\/ekrani-za-prenosnike\/wp-json\/wp\/v2\/media\/7555"}],"wp:attachment":[{"href":"https:\/\/pracek.si\/ekrani-za-prenosnike\/wp-json\/wp\/v2\/media?parent=7564"}],"wp:term":[{"taxonomy":"product_brand","embeddable":true,"href":"https:\/\/pracek.si\/ekrani-za-prenosnike\/wp-json\/wp\/v2\/product_brand?post=7564"},{"taxonomy":"product_cat","embeddable":true,"href":"https:\/\/pracek.si\/ekrani-za-prenosnike\/wp-json\/wp\/v2\/product_cat?post=7564"},{"taxonomy":"product_tag","embeddable":true,"href":"https:\/\/pracek.si\/ekrani-za-prenosnike\/wp-json\/wp\/v2\/product_tag?post=7564"}],"curies":[{"name":"wp","href":"https:\/\/api.w.org\/{rel}","templated":true}]}}