{"id":7565,"date":"2024-08-31T12:36:20","date_gmt":"2024-08-31T12:36:20","guid":{"rendered":"https:\/\/pracek.si\/ekrani-za-prenosnike\/?post_type=product&#038;p=7565"},"modified":"2025-09-11T11:13:47","modified_gmt":"2025-09-11T11:13:47","slug":"b156xtn07-1-lcd-zaslon-156-fhd-mat-edp-30pin-z-nosilci-nov","status":"publish","type":"product","link":"https:\/\/pracek.si\/ekrani-za-prenosnike\/product\/b156xtn07-1-lcd-zaslon-156-fhd-mat-edp-30pin-z-nosilci-nov\/","title":{"rendered":"B156XTN07.1 LCD zaslon 15,6&#8243; FHD mat eDP 30pin z nosilci Nov"},"content":{"rendered":"<p><strong><p>Trenutno na zalogi zaslon: NT156FHM-N41 \/ B156XW04 v.5 (enake specifikacije \/ popolnoma zdru\u017eljiv!)<\/p>\n<\/strong><\/p>\n<p>Izbolj\u0161ajte vizualno izku\u0161njo na svojem prenosniku z LCD zaslonom B156XTN07.1, velikosti 15,6&#8243;. Ta zaslon ponuja Full HD (1920&#215;1080) lo\u010dljivost, kar omogo\u010da ostre in jasne slike, idealne tako za delo kot zabavo. Matirana povr\u0161ina zmanj\u0161uje odseve in omogo\u010da udobno gledanje tudi v svetlej\u0161ih prostorih.<\/p>\n<p>Zaslon B156XTN07.1 ima 30-pinski eDP priklju\u010dek, ki zagotavlja zanesljivo in varno povezavo z va\u0161im prenosnikom. V nasprotju z mnogimi drugimi zasloni ta model vklju\u010duje zgornje in spodnje nosilce, kar omogo\u010da enostavno in brezskrbno namestitev.<\/p>\n<p>Ta zaslon ni IPS, vendar \u0161e vedno zagotavlja odli\u010dno kakovost slike z dobro barvno natan\u010dnostjo in svetlostjo. To je odli\u010dna izbira za tiste, ki potrebujejo zanesljivo in stro\u0161kovno u\u010dinkovito zamenjavo ali nadgradnjo.<\/p>\n<p>Opozoriti je treba, da je ta LCD zaslon popolnoma nov, kar zagotavlja, da prejmete izdelek brez napak, pripravljen za takoj\u0161njo uporabo.<\/p>\n","protected":false},"excerpt":{"rendered":"<p>Nadgradite zaslon svojega prenosnika z LCD zaslonom B156XTN07.1, velikosti 15,6&#8243;. Z matirano povr\u0161ino, FHD lo\u010dljivostjo, eDP 30-pinsko povezavo in vklju\u010denimi zgornjimi in spodnjimi nosilci je popoln za jasen in brezodseven prikaz. Stanje: novo.<\/p>\n","protected":false},"featured_media":7555,"template":"","meta":[],"product_brand":[],"product_cat":[50],"product_tag":[],"class_list":{"0":"post-7565","1":"product","2":"type-product","3":"status-publish","4":"has-post-thumbnail","6":"product_cat-15-6","8":"first","9":"instock","10":"taxable","11":"shipping-taxable","12":"purchasable","13":"product-type-simple"},"_links":{"self":[{"href":"https:\/\/pracek.si\/ekrani-za-prenosnike\/wp-json\/wp\/v2\/product\/7565","targetHints":{"allow":["GET"]}}],"collection":[{"href":"https:\/\/pracek.si\/ekrani-za-prenosnike\/wp-json\/wp\/v2\/product"}],"about":[{"href":"https:\/\/pracek.si\/ekrani-za-prenosnike\/wp-json\/wp\/v2\/types\/product"}],"wp:featuredmedia":[{"embeddable":true,"href":"https:\/\/pracek.si\/ekrani-za-prenosnike\/wp-json\/wp\/v2\/media\/7555"}],"wp:attachment":[{"href":"https:\/\/pracek.si\/ekrani-za-prenosnike\/wp-json\/wp\/v2\/media?parent=7565"}],"wp:term":[{"taxonomy":"product_brand","embeddable":true,"href":"https:\/\/pracek.si\/ekrani-za-prenosnike\/wp-json\/wp\/v2\/product_brand?post=7565"},{"taxonomy":"product_cat","embeddable":true,"href":"https:\/\/pracek.si\/ekrani-za-prenosnike\/wp-json\/wp\/v2\/product_cat?post=7565"},{"taxonomy":"product_tag","embeddable":true,"href":"https:\/\/pracek.si\/ekrani-za-prenosnike\/wp-json\/wp\/v2\/product_tag?post=7565"}],"curies":[{"name":"wp","href":"https:\/\/api.w.org\/{rel}","templated":true}]}}