{"id":7566,"date":"2024-08-31T12:39:52","date_gmt":"2024-08-31T12:39:52","guid":{"rendered":"https:\/\/pracek.si\/ekrani-za-prenosnike\/?post_type=product&#038;p=7566"},"modified":"2025-09-11T11:13:48","modified_gmt":"2025-09-11T11:13:48","slug":"ltn156at39-401-lcd-zaslon-156-matte-fhd-edp-30pin-z-nosilci-nov","status":"publish","type":"product","link":"https:\/\/pracek.si\/ekrani-za-prenosnike\/product\/ltn156at39-401-lcd-zaslon-156-matte-fhd-edp-30pin-z-nosilci-nov\/","title":{"rendered":"LTN156AT39-401 LCD zaslon 15,6&#8243; Matte FHD eDP 30pin z nosilci Nov"},"content":{"rendered":"<p><strong><p>Trenutno na zalogi zaslon: NT156FHM-N41 \/ B156XW04 v.5 (enake specifikacije \/ popolnoma zdru\u017eljiv!)<\/p>\n<\/strong><\/p>\n<p>Izbolj\u0161ajte prikaz va\u0161ega prenosnika z LCD zaslonom LTN156AT39-401 velikosti 15,6&#8243;, ki je zasnovan za zagotavljanje jasnih in ostrih slik. Ta zaslon ponuja lo\u010dljivost Full HD (1920&#215;1080), kar zagotavlja podrobne slike za izbolj\u0161ano izku\u0161njo gledanja. Non-IPS tehnologija nudi dobro jasnost, medtem ko matirana povr\u0161ina zmanj\u0161uje ble\u0161\u010danje, kar je idealno za razli\u010dne svetlobne pogoje.<\/p>\n<p>Povezava preko eDP 30-pinskega konektorja zagotavlja varno povezavo z va\u0161im prenosnikom, zgornji in spodnji nosilci pa poenostavijo postopek namestitve. Ne glede na to, ali zamenjujete po\u0161kodovan zaslon ali nadgrajujete svoj prenosnik za bolj\u0161o vizualno izku\u0161njo, je ta LCD zaslon zanesljiva izbira za va\u0161o napravo.<\/p>\n<p>Upo\u0161tevajte, da je ta zaslon v popolnoma novem stanju, kar zagotavlja, da prejmete brezhiben izdelek, pripravljen za namestitev.<\/p>\n","protected":false},"excerpt":{"rendered":"<p>Nadgradite svoj prenosnik z LCD zaslonom LTN156AT39-401 velikosti 15,6&#8243;. Z lo\u010dljivostjo FHD, matiranim premazom, eDP 30-pinsko povezavo in zgornjimi ter spodnjimi nosilci, ponuja jasne vizualne slike. Stanje: novo.<\/p>\n","protected":false},"featured_media":7555,"template":"","meta":[],"product_brand":[],"product_cat":[50],"product_tag":[],"class_list":{"0":"post-7566","1":"product","2":"type-product","3":"status-publish","4":"has-post-thumbnail","6":"product_cat-15-6","8":"first","9":"instock","10":"taxable","11":"shipping-taxable","12":"purchasable","13":"product-type-simple"},"_links":{"self":[{"href":"https:\/\/pracek.si\/ekrani-za-prenosnike\/wp-json\/wp\/v2\/product\/7566","targetHints":{"allow":["GET"]}}],"collection":[{"href":"https:\/\/pracek.si\/ekrani-za-prenosnike\/wp-json\/wp\/v2\/product"}],"about":[{"href":"https:\/\/pracek.si\/ekrani-za-prenosnike\/wp-json\/wp\/v2\/types\/product"}],"wp:featuredmedia":[{"embeddable":true,"href":"https:\/\/pracek.si\/ekrani-za-prenosnike\/wp-json\/wp\/v2\/media\/7555"}],"wp:attachment":[{"href":"https:\/\/pracek.si\/ekrani-za-prenosnike\/wp-json\/wp\/v2\/media?parent=7566"}],"wp:term":[{"taxonomy":"product_brand","embeddable":true,"href":"https:\/\/pracek.si\/ekrani-za-prenosnike\/wp-json\/wp\/v2\/product_brand?post=7566"},{"taxonomy":"product_cat","embeddable":true,"href":"https:\/\/pracek.si\/ekrani-za-prenosnike\/wp-json\/wp\/v2\/product_cat?post=7566"},{"taxonomy":"product_tag","embeddable":true,"href":"https:\/\/pracek.si\/ekrani-za-prenosnike\/wp-json\/wp\/v2\/product_tag?post=7566"}],"curies":[{"name":"wp","href":"https:\/\/api.w.org\/{rel}","templated":true}]}}