{"id":7567,"date":"2024-08-31T12:44:12","date_gmt":"2024-08-31T12:44:12","guid":{"rendered":"https:\/\/pracek.si\/ekrani-za-prenosnike\/?post_type=product&#038;p=7567"},"modified":"2025-09-11T11:13:49","modified_gmt":"2025-09-11T11:13:49","slug":"b156xtn07-1-lcd-zaslon-156-mat-fhd-edp-30pin-z-nosilci-nov","status":"publish","type":"product","link":"https:\/\/pracek.si\/ekrani-za-prenosnike\/product\/b156xtn07-1-lcd-zaslon-156-mat-fhd-edp-30pin-z-nosilci-nov\/","title":{"rendered":"B156XTN07.1 LCD zaslon 15,6&#8243; mat FHD eDP 30pin z nosilci Nov"},"content":{"rendered":"<p><strong><p>Trenutno na zalogi zaslon: NT156FHM-N41 \/ B156XW04 v.5 (enake specifikacije \/ popolnoma zdru\u017eljiv!)<\/p>\n<\/strong><\/p>\n<p>Izbolj\u0161ajte prikaz na svojem prenosniku z LCD zaslonom B156XTN07.1 velikosti 15,6&#8243;, ki je zasnovan za zanesljivo delovanje in jasen vizualni prikaz. Ta zaslon se pona\u0161a s Full HD (1920&#215;1080) lo\u010dljivostjo, kar zagotavlja ostre in podrobne slike za bolj\u0161o izku\u0161njo gledanja. Matirana povr\u0161ina zmanj\u0161uje ble\u0161\u010danje, zaradi \u010desar je zaslon primeren za uporabo v razli\u010dnih svetlobnih pogojih.<\/p>\n<p>\u010ceprav ta zaslon ni opremljen s tehnologijo IPS, \u0161e vedno nudi dobro reprodukcijo barv in zadostne kote gledanja za vsakodnevno uporabo. eDP 30-pinski konektor zagotavlja stabilno in varno povezavo z va\u0161im prenosnikom, prilo\u017eeni zgornji in spodnji nosilci pa omogo\u010dajo enostavno in brezskrbno namestitev.<\/p>\n<p>Zaslon je v novem stanju, kar vam zagotavlja, da prejmete izdelek brez napak, pripravljen za takoj\u0161njo uporabo. Odli\u010dna izbira za zamenjavo po\u0161kodovanega zaslona ali nadgradnjo prikaza na va\u0161em prenosniku.<\/p>\n","protected":false},"excerpt":{"rendered":"<p>Nadgradite svoj prenosnik z LCD zaslonom B156XTN07.1 velikosti 15,6&#8243;. S FHD lo\u010dljivostjo, matirano povr\u0161ino in eDP 30-pinsko povezavo ta zaslon brez IPS tehnologije nudi jasne vizualne prikaze. Vklju\u010deni zgornji in spodnji nosilci za enostavno namestitev. Stanje: novo.<\/p>\n","protected":false},"featured_media":7555,"template":"","meta":[],"product_brand":[],"product_cat":[50],"product_tag":[],"class_list":{"0":"post-7567","1":"product","2":"type-product","3":"status-publish","4":"has-post-thumbnail","6":"product_cat-15-6","8":"first","9":"instock","10":"taxable","11":"shipping-taxable","12":"purchasable","13":"product-type-simple"},"_links":{"self":[{"href":"https:\/\/pracek.si\/ekrani-za-prenosnike\/wp-json\/wp\/v2\/product\/7567","targetHints":{"allow":["GET"]}}],"collection":[{"href":"https:\/\/pracek.si\/ekrani-za-prenosnike\/wp-json\/wp\/v2\/product"}],"about":[{"href":"https:\/\/pracek.si\/ekrani-za-prenosnike\/wp-json\/wp\/v2\/types\/product"}],"wp:featuredmedia":[{"embeddable":true,"href":"https:\/\/pracek.si\/ekrani-za-prenosnike\/wp-json\/wp\/v2\/media\/7555"}],"wp:attachment":[{"href":"https:\/\/pracek.si\/ekrani-za-prenosnike\/wp-json\/wp\/v2\/media?parent=7567"}],"wp:term":[{"taxonomy":"product_brand","embeddable":true,"href":"https:\/\/pracek.si\/ekrani-za-prenosnike\/wp-json\/wp\/v2\/product_brand?post=7567"},{"taxonomy":"product_cat","embeddable":true,"href":"https:\/\/pracek.si\/ekrani-za-prenosnike\/wp-json\/wp\/v2\/product_cat?post=7567"},{"taxonomy":"product_tag","embeddable":true,"href":"https:\/\/pracek.si\/ekrani-za-prenosnike\/wp-json\/wp\/v2\/product_tag?post=7567"}],"curies":[{"name":"wp","href":"https:\/\/api.w.org\/{rel}","templated":true}]}}