{"id":7568,"date":"2024-08-31T12:50:07","date_gmt":"2024-08-31T12:50:07","guid":{"rendered":"https:\/\/pracek.si\/ekrani-za-prenosnike\/?post_type=product&#038;p=7568"},"modified":"2025-09-11T11:13:34","modified_gmt":"2025-09-11T11:13:34","slug":"ltn156at39-301-lcd-zaslon-156-fhd-mat-edp-30-pin-z-nosilci-nov","status":"publish","type":"product","link":"https:\/\/pracek.si\/ekrani-za-prenosnike\/product\/ltn156at39-301-lcd-zaslon-156-fhd-mat-edp-30-pin-z-nosilci-nov\/","title":{"rendered":"LTN156AT39-301 LCD zaslon 15,6&#8243; FHD mat eDP 30-pin z nosilci Nov"},"content":{"rendered":"<p><strong><p>Trenutno na zalogi zaslon: NT156FHM-N41 \/ B156XW04 v.5 (enake specifikacije \/ popolnoma zdru\u017eljiv!)<\/p>\n<\/strong><\/p>\n<p>Izbolj\u0161ajte prikaz va\u0161ega prenosnika z LCD zaslonom LTN156AT39-301 velikosti 15,6&#8243;. Ta zaslon ponuja Full HD (1920&#215;1080) lo\u010dljivost, ki zagotavlja ostre in jasne slike za va\u0161e vsakodnevne ra\u010dunalni\u0161ke potrebe. Non-IPS panel zagotavlja zanesljivo delovanje, medtem ko matirana povr\u0161ina zmanj\u0161uje ble\u0161\u010danje, kar ga naredi idealnega za uporabo v razli\u010dnih svetlobnih pogojih.<\/p>\n<p>Zasnovan za enostavno namestitev, ta zaslon vklju\u010duje zgornje in spodnje nosilce, ki zagotavljajo varno pritrditev v va\u0161 prenosnik. Povezava z eDP 30-pinskim konektorjem zagotavlja stabilno in zanesljivo povezavo z va\u0161o napravo, kar omogo\u010da brezhibno delovanje zaslona.<\/p>\n<p>Ne glede na to, ali zamenjujete po\u0161kodovan zaslon ali nadgrajujete za bolj\u0161o vizualno izku\u0161njo, je LTN156AT39-301 zanesljiva izbira. V novem stanju prejmete izdelek brez napak, pripravljen za uporabo.<\/p>\n","protected":false},"excerpt":{"rendered":"<p>Nadgradite svoj prenosnik z LCD zaslonom LTN156AT39-301 velikosti 15,6&#8243;. Z lo\u010dljivostjo FHD, matiranim premazom, eDP 30-pinsko povezavo ter zgornjimi in spodnjimi nosilci, zagotavlja jasne slike in enostavno namestitev. Stanje: novo.<\/p>\n","protected":false},"featured_media":7555,"template":"","meta":[],"product_brand":[],"product_cat":[50],"product_tag":[],"class_list":{"0":"post-7568","1":"product","2":"type-product","3":"status-publish","4":"has-post-thumbnail","6":"product_cat-15-6","8":"first","9":"instock","10":"taxable","11":"shipping-taxable","12":"purchasable","13":"product-type-simple"},"_links":{"self":[{"href":"https:\/\/pracek.si\/ekrani-za-prenosnike\/wp-json\/wp\/v2\/product\/7568","targetHints":{"allow":["GET"]}}],"collection":[{"href":"https:\/\/pracek.si\/ekrani-za-prenosnike\/wp-json\/wp\/v2\/product"}],"about":[{"href":"https:\/\/pracek.si\/ekrani-za-prenosnike\/wp-json\/wp\/v2\/types\/product"}],"wp:featuredmedia":[{"embeddable":true,"href":"https:\/\/pracek.si\/ekrani-za-prenosnike\/wp-json\/wp\/v2\/media\/7555"}],"wp:attachment":[{"href":"https:\/\/pracek.si\/ekrani-za-prenosnike\/wp-json\/wp\/v2\/media?parent=7568"}],"wp:term":[{"taxonomy":"product_brand","embeddable":true,"href":"https:\/\/pracek.si\/ekrani-za-prenosnike\/wp-json\/wp\/v2\/product_brand?post=7568"},{"taxonomy":"product_cat","embeddable":true,"href":"https:\/\/pracek.si\/ekrani-za-prenosnike\/wp-json\/wp\/v2\/product_cat?post=7568"},{"taxonomy":"product_tag","embeddable":true,"href":"https:\/\/pracek.si\/ekrani-za-prenosnike\/wp-json\/wp\/v2\/product_tag?post=7568"}],"curies":[{"name":"wp","href":"https:\/\/api.w.org\/{rel}","templated":true}]}}