{"id":7571,"date":"2024-08-31T13:02:07","date_gmt":"2024-08-31T13:02:07","guid":{"rendered":"https:\/\/pracek.si\/ekrani-za-prenosnike\/?post_type=product&#038;p=7571"},"modified":"2025-09-11T11:14:41","modified_gmt":"2025-09-11T11:14:41","slug":"lp156wh3-tps2-156-fhd-mat-lcd-zaslon-edp-30pin-z-nosilci-nov","status":"publish","type":"product","link":"https:\/\/pracek.si\/ekrani-za-prenosnike\/product\/lp156wh3-tps2-156-fhd-mat-lcd-zaslon-edp-30pin-z-nosilci-nov\/","title":{"rendered":"LP156WH3-TPS2 15,6&#8243; FHD mat LCD zaslon eDP 30pin z nosilci Nov"},"content":{"rendered":"<p><strong><p>Trenutno na zalogi zaslon: NT156FHM-N41 \/ B156XW04 v.5 (enake specifikacije \/ popolnoma zdru\u017eljiv!)<\/p>\n<\/strong><\/p>\n<p>Izbolj\u0161ajte zmogljivost svojega prenosnika z LCD zaslonom LP156WH3-TPS2 15,6\u2033. Ta zaslon ponuja Full HD (1920\u00d71080) lo\u010dljivost, ki zagotavlja ostre in jasne slike za vrhunsko izku\u0161njo gledanja. Matirana povr\u0161ina zmanj\u0161uje ble\u0161\u010danje, zaradi \u010desar je zaslon primeren za uporabo v razli\u010dnih svetlobnih pogojih.<\/p>\n<p>Ta ne-IPS zaslon vklju\u010duje eDP 30-pinsko povezavo, kar zagotavlja zanesljivo in stabilno povezavo z va\u0161o napravo. Vklju\u010deni zgornji in spodnji nosilci omogo\u010dajo enostavno in varno namestitev, kar zagotavlja popolno prileganje va\u0161emu prenosniku.<\/p>\n<p>Popoln za zamenjavo po\u0161kodovanega zaslona ali nadgradnjo za bolj\u0161o vizualno izku\u0161njo, je ta LCD zaslon v popolnoma novem stanju, kar zagotavlja kakovost in zmogljivost.<\/p>\n","protected":false},"excerpt":{"rendered":"<p>Nadgradite svoj prenosnik z LCD zaslonom LP156WH3-TPS2 15,6&#8243;. Mat, FHD zaslon z eDP 30-pinsko povezavo vklju\u010duje zgornje in spodnje nosilce za enostavno namestitev. Stanje: novo.<\/p>\n","protected":false},"featured_media":7555,"template":"","meta":[],"product_brand":[],"product_cat":[50],"product_tag":[],"class_list":{"0":"post-7571","1":"product","2":"type-product","3":"status-publish","4":"has-post-thumbnail","6":"product_cat-15-6","8":"first","9":"instock","10":"taxable","11":"shipping-taxable","12":"purchasable","13":"product-type-simple"},"_links":{"self":[{"href":"https:\/\/pracek.si\/ekrani-za-prenosnike\/wp-json\/wp\/v2\/product\/7571","targetHints":{"allow":["GET"]}}],"collection":[{"href":"https:\/\/pracek.si\/ekrani-za-prenosnike\/wp-json\/wp\/v2\/product"}],"about":[{"href":"https:\/\/pracek.si\/ekrani-za-prenosnike\/wp-json\/wp\/v2\/types\/product"}],"wp:featuredmedia":[{"embeddable":true,"href":"https:\/\/pracek.si\/ekrani-za-prenosnike\/wp-json\/wp\/v2\/media\/7555"}],"wp:attachment":[{"href":"https:\/\/pracek.si\/ekrani-za-prenosnike\/wp-json\/wp\/v2\/media?parent=7571"}],"wp:term":[{"taxonomy":"product_brand","embeddable":true,"href":"https:\/\/pracek.si\/ekrani-za-prenosnike\/wp-json\/wp\/v2\/product_brand?post=7571"},{"taxonomy":"product_cat","embeddable":true,"href":"https:\/\/pracek.si\/ekrani-za-prenosnike\/wp-json\/wp\/v2\/product_cat?post=7571"},{"taxonomy":"product_tag","embeddable":true,"href":"https:\/\/pracek.si\/ekrani-za-prenosnike\/wp-json\/wp\/v2\/product_tag?post=7571"}],"curies":[{"name":"wp","href":"https:\/\/api.w.org\/{rel}","templated":true}]}}