{"id":7572,"date":"2024-08-31T13:06:16","date_gmt":"2024-08-31T13:06:16","guid":{"rendered":"https:\/\/pracek.si\/ekrani-za-prenosnike\/?post_type=product&#038;p=7572"},"modified":"2025-09-11T11:14:49","modified_gmt":"2025-09-11T11:14:49","slug":"n156bge-e41-e32-lcd-zaslon-156-fhd-edp-30pin-z-nosilci-nov","status":"publish","type":"product","link":"https:\/\/pracek.si\/ekrani-za-prenosnike\/product\/n156bge-e41-e32-lcd-zaslon-156-fhd-edp-30pin-z-nosilci-nov\/","title":{"rendered":"N156BGE-E41 E32 LCD zaslon 15,6&#8243; FHD eDP 30pin z nosilci Nov"},"content":{"rendered":"<p><strong><p>Trenutno na zalogi zaslon: NT156FHM-N41 \/ B156XW04 v.5 (enake specifikacije \/ popolnoma zdru\u017eljiv!)<\/p>\n<\/strong><\/p>\n<p>Izbolj\u0161ajte zaslon svojega prenosnika z LCD zaslonom N156BGE-E41 E32 velikosti 15,6\u2033, zasnovanim za optimalno zmogljivost in zanesljivost. Ta ekran ponuja Full HD (1920\u00d71080) lo\u010dljivost, ki zagotavlja ostre in podrobne slike, kar izbolj\u0161a va\u0161o vizualno izku\u0161njo. Matirana povr\u0161ina zmanj\u0161uje ble\u0161\u010danje, kar ga naredi primernega za uporabo v razli\u010dnih svetlobnih okoljih.<\/p>\n<p>Ta ne-IPS zaslon, z eDP 30-pinskim konektorjem, zagotavlja varno in stabilno povezavo z va\u0161o napravo. Vklju\u010ditev zgornjih in spodnjih nosilcev poenostavi namestitev, kar ga naredi priro\u010dno zamenjavo ali nadgradnjo va\u0161ega trenutnega zaslona.<\/p>\n<p>Ne glede na to, ali zamenjujete po\u0161kodovan zaslon ali nadgrajujete zaslon, je N156BGE-E41 E32 zanesljiva izbira, ki zagotavlja novo kakovost izdelka in dolgo \u017eivljenjsko dobo.<\/p>\n","protected":false},"excerpt":{"rendered":"<p>Nadgradite svoj prenosnik z LCD zaslonom N156BGE-E41 E32 velikosti 15,6&#8243;. Z lo\u010dljivostjo FHD, matiranim premazom in eDP 30-pinsko povezavo ponuja jasne in ostre vizualne u\u010dinke. Vklju\u010deni so zgornji in spodnji nosilci za enostavno namestitev. Stanje: novo.<\/p>\n","protected":false},"featured_media":7555,"template":"","meta":[],"product_brand":[],"product_cat":[50],"product_tag":[],"class_list":{"0":"post-7572","1":"product","2":"type-product","3":"status-publish","4":"has-post-thumbnail","6":"product_cat-15-6","8":"first","9":"instock","10":"taxable","11":"shipping-taxable","12":"purchasable","13":"product-type-simple"},"_links":{"self":[{"href":"https:\/\/pracek.si\/ekrani-za-prenosnike\/wp-json\/wp\/v2\/product\/7572","targetHints":{"allow":["GET"]}}],"collection":[{"href":"https:\/\/pracek.si\/ekrani-za-prenosnike\/wp-json\/wp\/v2\/product"}],"about":[{"href":"https:\/\/pracek.si\/ekrani-za-prenosnike\/wp-json\/wp\/v2\/types\/product"}],"wp:featuredmedia":[{"embeddable":true,"href":"https:\/\/pracek.si\/ekrani-za-prenosnike\/wp-json\/wp\/v2\/media\/7555"}],"wp:attachment":[{"href":"https:\/\/pracek.si\/ekrani-za-prenosnike\/wp-json\/wp\/v2\/media?parent=7572"}],"wp:term":[{"taxonomy":"product_brand","embeddable":true,"href":"https:\/\/pracek.si\/ekrani-za-prenosnike\/wp-json\/wp\/v2\/product_brand?post=7572"},{"taxonomy":"product_cat","embeddable":true,"href":"https:\/\/pracek.si\/ekrani-za-prenosnike\/wp-json\/wp\/v2\/product_cat?post=7572"},{"taxonomy":"product_tag","embeddable":true,"href":"https:\/\/pracek.si\/ekrani-za-prenosnike\/wp-json\/wp\/v2\/product_tag?post=7572"}],"curies":[{"name":"wp","href":"https:\/\/api.w.org\/{rel}","templated":true}]}}