{"id":7573,"date":"2024-08-31T13:12:14","date_gmt":"2024-08-31T13:12:14","guid":{"rendered":"https:\/\/pracek.si\/ekrani-za-prenosnike\/?post_type=product&#038;p=7573"},"modified":"2025-09-11T11:14:59","modified_gmt":"2025-09-11T11:14:59","slug":"lenovo-ideapad-330-156-fhd-lcd-zaslon-mat-edp-30pin-z-nosilci-nov","status":"publish","type":"product","link":"https:\/\/pracek.si\/ekrani-za-prenosnike\/product\/lenovo-ideapad-330-156-fhd-lcd-zaslon-mat-edp-30pin-z-nosilci-nov\/","title":{"rendered":"Lenovo IdeaPad 330 15,6&#8243; FHD LCD zaslon mat eDP 30pin z nosilci nov"},"content":{"rendered":"<p><strong><p>Trenutno na zalogi zaslon: NT156FHM-N41 \/ B156XW04 v.5 (enake specifikacije \/ popolnoma zdru\u017eljiv!)<\/p>\n<\/strong><\/p>\n<p>Izbolj\u0161ajte prikaz na svojem Lenovo IdeaPad 330 z visoko kakovostnim 15,6\u2033 LCD zaslonom, ki je zdru\u017eljiv z modeli 330-15IGM, 330-15AST in 330-15IKB. Ta zaslon ponuja Full HD (1920\u00d71080) lo\u010dljivost, kar zagotavlja ostre in jasne slike, ki o\u017eivijo va\u0161o vsebino. Mat povr\u0161ina zmanj\u0161uje ble\u0161\u010danje, zaradi \u010desar je idealen za uporabo v razli\u010dnih svetlobnih pogojih.<\/p>\n<p>Zasnovan z eDP 30-pinskim konektorjem, ta zaslon omogo\u010da zanesljivo in stabilno povezavo z va\u0161o napravo. V nasprotju z IPS zasloni je ta ne-IPS zaslon popoln za uporabnike, ki preferirajo standardno izku\u0161njo gledanja brez \u0161irokih kotov gledanja. Vklju\u010deni zgornji in spodnji nosilci zagotavljajo enostavno namestitev, kar omogo\u010da preprosto zamenjavo va\u0161ega obstoje\u010dega zaslona.<\/p>\n<p>Ne glede na to, ali morate zamenjati po\u0161kodovan zaslon ali preprosto \u017eelite nadgraditi, je ta zaslon zanesljiva izbira. Zaslon je popolnoma nov, kar zagotavlja, da prejmete brezhiben izdelek, pripravljen za namestitev.<\/p>\n","protected":false},"excerpt":{"rendered":"<p>Nadgradite svoj Lenovo IdeaPad 330 z 15,6&#8243; FHD LCD zaslonom. Z mat povr\u0161ino, eDP 30-pinsko povezavo in zgornjimi ter spodnjimi nosilci zagotavlja jasne in ostre slike. Stanje: novo.<\/p>\n","protected":false},"featured_media":7555,"template":"","meta":[],"product_brand":[],"product_cat":[50],"product_tag":[60],"class_list":{"0":"post-7573","1":"product","2":"type-product","3":"status-publish","4":"has-post-thumbnail","6":"product_cat-15-6","7":"product_tag-lenovo","9":"first","10":"instock","11":"taxable","12":"shipping-taxable","13":"purchasable","14":"product-type-simple"},"_links":{"self":[{"href":"https:\/\/pracek.si\/ekrani-za-prenosnike\/wp-json\/wp\/v2\/product\/7573","targetHints":{"allow":["GET"]}}],"collection":[{"href":"https:\/\/pracek.si\/ekrani-za-prenosnike\/wp-json\/wp\/v2\/product"}],"about":[{"href":"https:\/\/pracek.si\/ekrani-za-prenosnike\/wp-json\/wp\/v2\/types\/product"}],"wp:featuredmedia":[{"embeddable":true,"href":"https:\/\/pracek.si\/ekrani-za-prenosnike\/wp-json\/wp\/v2\/media\/7555"}],"wp:attachment":[{"href":"https:\/\/pracek.si\/ekrani-za-prenosnike\/wp-json\/wp\/v2\/media?parent=7573"}],"wp:term":[{"taxonomy":"product_brand","embeddable":true,"href":"https:\/\/pracek.si\/ekrani-za-prenosnike\/wp-json\/wp\/v2\/product_brand?post=7573"},{"taxonomy":"product_cat","embeddable":true,"href":"https:\/\/pracek.si\/ekrani-za-prenosnike\/wp-json\/wp\/v2\/product_cat?post=7573"},{"taxonomy":"product_tag","embeddable":true,"href":"https:\/\/pracek.si\/ekrani-za-prenosnike\/wp-json\/wp\/v2\/product_tag?post=7573"}],"curies":[{"name":"wp","href":"https:\/\/api.w.org\/{rel}","templated":true}]}}