{"id":7575,"date":"2024-08-31T13:19:40","date_gmt":"2024-08-31T13:19:40","guid":{"rendered":"https:\/\/pracek.si\/ekrani-za-prenosnike\/?post_type=product&#038;p=7575"},"modified":"2025-09-11T11:15:10","modified_gmt":"2025-09-11T11:15:10","slug":"7575","status":"publish","type":"product","link":"https:\/\/pracek.si\/ekrani-za-prenosnike\/product\/7575\/","title":{"rendered":"HP 240 G8 LCD 15,6&#8243; FHD Mat 30pin z nosilci Nov"},"content":{"rendered":"<p><strong><p>Trenutno na zalogi zaslon: NT156FHM-N41 \/ B156XW04 v.5 (enake specifikacije \/ popolnoma zdru\u017eljiv!)<\/p>\n<\/strong><\/p>\n<p>Izbolj\u0161ajte svoj prenosnik HP 240 G8 s kakovostnim 15,6\u2033 LCD zaslonom, zasnovanim za jasen in \u017eivahen prikaz. Z lo\u010dljivostjo Full HD (1920\u00d71080) ta ne-IPS zaslon zagotavlja ostre in podrobne slike, kar je idealno za vsakodnevne ra\u010dunalni\u0161ke naloge. Matirana povr\u0161ina zmanj\u0161uje ble\u0161\u010danje, zaradi \u010desar je primeren za uporabo v razli\u010dnih svetlobnih pogojih.<\/p>\n<p>Ta LCD zaslon ima 30-pinski eDP konektor, ki omogo\u010da varno in zanesljivo povezavo s prenosnikom. Prilo\u017eeni zgornji in spodnji nosilci poenostavijo postopek namestitve, kar zagotavlja brezskrbno nadgradnjo ali zamenjavo. Ne glede na to, ali zamenjujete po\u0161kodovan zaslon ali nadgrajujete za bolj\u0161o jasnost, je ta zaslon odli\u010dna izbira za va\u0161 HP 240 G8.<\/p>\n<p>Zaslon je popolnoma nov, kar zagotavlja, da prejmete izdelek brez napak, pripravljen za izbolj\u0161anje prikaza va\u0161ega prenosnika.<\/p>\n","protected":false},"excerpt":{"rendered":"<p>Nadgradite svoj HP 240 G8 s 15,6&#8243; FHD matiranim LCD zaslonom. Z 30-pinsko eDP povezavo ta ne-IPS zaslon nudi ostro sliko in vklju\u010duje zgornje ter spodnje nosilce za enostavno namestitev. Stanje: novo.<\/p>\n","protected":false},"featured_media":7555,"template":"","meta":[],"product_brand":[],"product_cat":[50],"product_tag":[62],"class_list":{"0":"post-7575","1":"product","2":"type-product","3":"status-publish","4":"has-post-thumbnail","6":"product_cat-15-6","7":"product_tag-hp","9":"first","10":"instock","11":"taxable","12":"shipping-taxable","13":"purchasable","14":"product-type-simple"},"_links":{"self":[{"href":"https:\/\/pracek.si\/ekrani-za-prenosnike\/wp-json\/wp\/v2\/product\/7575","targetHints":{"allow":["GET"]}}],"collection":[{"href":"https:\/\/pracek.si\/ekrani-za-prenosnike\/wp-json\/wp\/v2\/product"}],"about":[{"href":"https:\/\/pracek.si\/ekrani-za-prenosnike\/wp-json\/wp\/v2\/types\/product"}],"wp:featuredmedia":[{"embeddable":true,"href":"https:\/\/pracek.si\/ekrani-za-prenosnike\/wp-json\/wp\/v2\/media\/7555"}],"wp:attachment":[{"href":"https:\/\/pracek.si\/ekrani-za-prenosnike\/wp-json\/wp\/v2\/media?parent=7575"}],"wp:term":[{"taxonomy":"product_brand","embeddable":true,"href":"https:\/\/pracek.si\/ekrani-za-prenosnike\/wp-json\/wp\/v2\/product_brand?post=7575"},{"taxonomy":"product_cat","embeddable":true,"href":"https:\/\/pracek.si\/ekrani-za-prenosnike\/wp-json\/wp\/v2\/product_cat?post=7575"},{"taxonomy":"product_tag","embeddable":true,"href":"https:\/\/pracek.si\/ekrani-za-prenosnike\/wp-json\/wp\/v2\/product_tag?post=7575"}],"curies":[{"name":"wp","href":"https:\/\/api.w.org\/{rel}","templated":true}]}}