{"id":7577,"date":"2024-08-31T13:23:51","date_gmt":"2024-08-31T13:23:51","guid":{"rendered":"https:\/\/pracek.si\/ekrani-za-prenosnike\/?post_type=product&#038;p=7577"},"modified":"2026-02-09T06:25:37","modified_gmt":"2026-02-09T06:25:37","slug":"lenovo-ideapad-330-15ich-lcd-zaslon-156-mat-fhd-30pin-z-nosilci-nov","status":"publish","type":"product","link":"https:\/\/pracek.si\/ekrani-za-prenosnike\/product\/lenovo-ideapad-330-15ich-lcd-zaslon-156-mat-fhd-30pin-z-nosilci-nov\/","title":{"rendered":"Lenovo Ideapad 330-15ICH LCD zaslon 15,6&#8243; Mat FHD 30pin z nosilci Nov"},"content":{"rendered":"<p><strong><p>Trenutno na zalogi zaslon: NT156FHM-N41 \/ B156XW04 v.5 (enake specifikacije \/ popolnoma zdru\u017eljiv!)<\/p>\n<\/strong><\/p>\n<p>Izbolj\u0161ajte svoj Lenovo Ideapad 330-15ICH s tem 15,6\u2033 Full HD LCD zaslonom, ki je zasnovan za ostre in jasne slike pri vsakodnevnih opravilih. Zaslon ima matirano povr\u0161ino, ki zmanj\u0161uje ble\u0161\u010danje, kar omogo\u010da la\u017eje delo ali gledanje vsebin v razli\u010dnih svetlobnih pogojih. \u010ceprav gre za ne-IPS zaslon, \u0161e vedno zagotavlja \u017eivahno in jasno sliko, kar omogo\u010da kakovostno vizualno izku\u0161njo.<\/p>\n<p>Ta LCD zaslon je opremljen z zgornjimi in spodnjimi nosilci, kar omogo\u010da enostavno in varno namestitev. 30-pinski eDP konektor zagotavlja zanesljivo povezavo z va\u0161im prenosnikom, kar ohranja zmogljivost, ki jo pri\u010dakujete od svoje naprave.<\/p>\n<p>Idealen za zamenjavo po\u0161kodovanega zaslona ali nadgradnjo obstoje\u010dega, je ta nov zaslon pripravljen, da vdihne novo \u017eivljenje v va\u0161 Lenovo Ideapad 330-15ICH. Je odli\u010dna izbira za vse, ki potrebujejo zanesljivo in visokokakovostno zamenjavo zaslona.<\/p>\n","protected":false},"excerpt":{"rendered":"<p>Nadgradite svoj Lenovo Ideapad 330-15ICH s 15,6&#8243; matiranim FHD LCD zaslonom. Ta ne-IPS zaslon ima 30-pinski eDP konektor in vklju\u010duje zgornje in spodnje nosilce za enostavno namestitev. Stanje: novo.<\/p>\n","protected":false},"featured_media":7555,"template":"","meta":[],"product_brand":[],"product_cat":[50],"product_tag":[60],"class_list":{"0":"post-7577","1":"product","2":"type-product","3":"status-publish","4":"has-post-thumbnail","6":"product_cat-15-6","7":"product_tag-lenovo","9":"first","10":"instock","11":"taxable","12":"shipping-taxable","13":"purchasable","14":"product-type-simple"},"_links":{"self":[{"href":"https:\/\/pracek.si\/ekrani-za-prenosnike\/wp-json\/wp\/v2\/product\/7577","targetHints":{"allow":["GET"]}}],"collection":[{"href":"https:\/\/pracek.si\/ekrani-za-prenosnike\/wp-json\/wp\/v2\/product"}],"about":[{"href":"https:\/\/pracek.si\/ekrani-za-prenosnike\/wp-json\/wp\/v2\/types\/product"}],"wp:featuredmedia":[{"embeddable":true,"href":"https:\/\/pracek.si\/ekrani-za-prenosnike\/wp-json\/wp\/v2\/media\/7555"}],"wp:attachment":[{"href":"https:\/\/pracek.si\/ekrani-za-prenosnike\/wp-json\/wp\/v2\/media?parent=7577"}],"wp:term":[{"taxonomy":"product_brand","embeddable":true,"href":"https:\/\/pracek.si\/ekrani-za-prenosnike\/wp-json\/wp\/v2\/product_brand?post=7577"},{"taxonomy":"product_cat","embeddable":true,"href":"https:\/\/pracek.si\/ekrani-za-prenosnike\/wp-json\/wp\/v2\/product_cat?post=7577"},{"taxonomy":"product_tag","embeddable":true,"href":"https:\/\/pracek.si\/ekrani-za-prenosnike\/wp-json\/wp\/v2\/product_tag?post=7577"}],"curies":[{"name":"wp","href":"https:\/\/api.w.org\/{rel}","templated":true}]}}