{"id":7578,"date":"2024-08-31T13:28:32","date_gmt":"2024-08-31T13:28:32","guid":{"rendered":"https:\/\/pracek.si\/ekrani-za-prenosnike\/?post_type=product&#038;p=7578"},"modified":"2025-09-11T11:15:17","modified_gmt":"2025-09-11T11:15:17","slug":"lenovo-b50-serija-lcd-zaslon-156-fhd-mat-edp-30pin-z-nosilci-nov","status":"publish","type":"product","link":"https:\/\/pracek.si\/ekrani-za-prenosnike\/product\/lenovo-b50-serija-lcd-zaslon-156-fhd-mat-edp-30pin-z-nosilci-nov\/","title":{"rendered":"Lenovo B50 serija LCD zaslon 15,6&#8243; FHD mat eDP 30pin z nosilci Nov"},"content":{"rendered":"<p><strong><p>Trenutno na zalogi zaslon: NT156FHM-N41 \/ B156XW04 v.5 (enake specifikacije \/ popolnoma zdru\u017eljiv!)<\/p>\n<\/strong><\/p>\n<p>Izbolj\u0161ajte zaslon svojega prenosnika Lenovo serije B50 z 15,6\u2033 LCD zaslonom, ki je zasnovan za popolno prileganje modelom B50-10, B50-50, B50-70, B50-45 in B50-30. Ta zaslon ponuja Full HD (1920\u00d71080) lo\u010dljivost, ki zagotavlja ostre in podrobne slike za izbolj\u0161ano izku\u0161njo gledanja. Matirana povr\u0161ina zmanj\u0161uje ble\u0161\u010danje, kar je idealno za uporabo v razli\u010dnih svetlobnih pogojih.<\/p>\n<p>Z 30-pinsko eDP povezavo ta ne-IPS zaslon zagotavlja zanesljiv in dosleden prikaz, kar omogo\u010da nemoteno delovanje va\u0161ega prenosnika. Vklju\u010deni zgornji in spodnji nosilci omogo\u010dajo enostavno namestitev, tako da lahko hitro zamenjate star ali po\u0161kodovan zaslon z minimalnim naporom.<\/p>\n<p>Ta LCD zaslon je v popolnoma novem stanju, kar zagotavlja, da prejmete izdelek brez napak, pripravljen za uporabo. Ne glede na to, ali zamenjujete po\u0161kodovan zaslon ali nadgrajujete za bolj\u0161o vizualno jasnost, je ta zaslon zanesljiva izbira za va\u0161 prenosnik Lenovo serije B50.<\/p>\n","protected":false},"excerpt":{"rendered":"<p>Nadgradite svoj prenosnik Lenovo serije B50 z novim 15,6&#8243; FHD LCD zaslonom. Ta matiran, ne-IPS zaslon z eDP 30-pinsko povezavo zagotavlja jasne vizualne slike. Vklju\u010deni so zgornji in spodnji nosilci za enostavno namestitev. Stanje: novo.<\/p>\n","protected":false},"featured_media":7555,"template":"","meta":[],"product_brand":[],"product_cat":[50],"product_tag":[60],"class_list":{"0":"post-7578","1":"product","2":"type-product","3":"status-publish","4":"has-post-thumbnail","6":"product_cat-15-6","7":"product_tag-lenovo","9":"first","10":"instock","11":"taxable","12":"shipping-taxable","13":"purchasable","14":"product-type-simple"},"_links":{"self":[{"href":"https:\/\/pracek.si\/ekrani-za-prenosnike\/wp-json\/wp\/v2\/product\/7578","targetHints":{"allow":["GET"]}}],"collection":[{"href":"https:\/\/pracek.si\/ekrani-za-prenosnike\/wp-json\/wp\/v2\/product"}],"about":[{"href":"https:\/\/pracek.si\/ekrani-za-prenosnike\/wp-json\/wp\/v2\/types\/product"}],"wp:featuredmedia":[{"embeddable":true,"href":"https:\/\/pracek.si\/ekrani-za-prenosnike\/wp-json\/wp\/v2\/media\/7555"}],"wp:attachment":[{"href":"https:\/\/pracek.si\/ekrani-za-prenosnike\/wp-json\/wp\/v2\/media?parent=7578"}],"wp:term":[{"taxonomy":"product_brand","embeddable":true,"href":"https:\/\/pracek.si\/ekrani-za-prenosnike\/wp-json\/wp\/v2\/product_brand?post=7578"},{"taxonomy":"product_cat","embeddable":true,"href":"https:\/\/pracek.si\/ekrani-za-prenosnike\/wp-json\/wp\/v2\/product_cat?post=7578"},{"taxonomy":"product_tag","embeddable":true,"href":"https:\/\/pracek.si\/ekrani-za-prenosnike\/wp-json\/wp\/v2\/product_tag?post=7578"}],"curies":[{"name":"wp","href":"https:\/\/api.w.org\/{rel}","templated":true}]}}