{"id":7581,"date":"2024-08-31T13:57:37","date_gmt":"2024-08-31T13:57:37","guid":{"rendered":"https:\/\/pracek.si\/ekrani-za-prenosnike\/?post_type=product&#038;p=7581"},"modified":"2025-09-11T11:15:39","modified_gmt":"2025-09-11T11:15:39","slug":"lenovo-ideapad-v110-15isk-156-fhd-matiran-lcd-zaslon-z-nosilci-nov","status":"publish","type":"product","link":"https:\/\/pracek.si\/ekrani-za-prenosnike\/product\/lenovo-ideapad-v110-15isk-156-fhd-matiran-lcd-zaslon-z-nosilci-nov\/","title":{"rendered":"Lenovo Ideapad V110-15ISK 15,6&#8243; FHD matiran LCD zaslon z nosilci Nov"},"content":{"rendered":"<p><strong><p>Trenutno na zalogi zaslon: NT156FHM-N41 \/ B156XW04 v.5 (enake specifikacije \/ popolnoma zdru\u017eljiv!)<\/p>\n<\/strong><\/p>\n<p>Izbolj\u0161ajte svoj Lenovo Ideapad V110-15ISK 80TL s popolnoma novim 15,6\u2033 Full HD (1920\u00d71080) LCD zaslonom. Ta zaslon, zasnovan posebej za va\u0161 model, ponuja ostre in jasne vizualne u\u010dinke z matirano povr\u0161ino, ki zmanj\u0161uje ble\u0161\u010danje in je idealna za razli\u010dna svetlobna okolja. Zaslon uporablja 30-pinski eDP konektor za zanesljivo delovanje in non-IPS tehnologijo, kar zagotavlja enostavno uporabo za va\u0161e vsakodnevne ra\u010dunalni\u0161ke potrebe.<\/p>\n<p>Ta nadomestni LCD zaslon vklju\u010duje zgornje in spodnje nosilce, kar zagotavlja varno prileganje in enostavno namestitev. Ne glede na to, ali zamenjujete po\u0161kodovan zaslon ali nadgrajujete za bolj\u0161o jasnost, je ta zaslon popolna izbira za povrnitev originalne vizualne kakovosti va\u0161ega prenosnika.<\/p>\n<p>Stanje: novo. Bodite prepri\u010dani, da je ta izdelek brez napak in pripravljen, da va\u0161emu prenosniku povrne \u017eivljenje.<\/p>\n","protected":false},"excerpt":{"rendered":"<p>Nadgradite svoj Lenovo Ideapad V110-15ISK 80TL z 15,6&#8243; FHD matiranim LCD zaslonom. Pona\u0161a se z eDP 30-pinsko povezavo, non-IPS tehnologijo in prilo\u017eenimi zgornjimi in spodnjimi nosilci. Stanje: novo.<\/p>\n","protected":false},"featured_media":7555,"template":"","meta":[],"product_brand":[],"product_cat":[50],"product_tag":[60],"class_list":{"0":"post-7581","1":"product","2":"type-product","3":"status-publish","4":"has-post-thumbnail","6":"product_cat-15-6","7":"product_tag-lenovo","9":"first","10":"instock","11":"taxable","12":"shipping-taxable","13":"purchasable","14":"product-type-simple"},"_links":{"self":[{"href":"https:\/\/pracek.si\/ekrani-za-prenosnike\/wp-json\/wp\/v2\/product\/7581","targetHints":{"allow":["GET"]}}],"collection":[{"href":"https:\/\/pracek.si\/ekrani-za-prenosnike\/wp-json\/wp\/v2\/product"}],"about":[{"href":"https:\/\/pracek.si\/ekrani-za-prenosnike\/wp-json\/wp\/v2\/types\/product"}],"wp:featuredmedia":[{"embeddable":true,"href":"https:\/\/pracek.si\/ekrani-za-prenosnike\/wp-json\/wp\/v2\/media\/7555"}],"wp:attachment":[{"href":"https:\/\/pracek.si\/ekrani-za-prenosnike\/wp-json\/wp\/v2\/media?parent=7581"}],"wp:term":[{"taxonomy":"product_brand","embeddable":true,"href":"https:\/\/pracek.si\/ekrani-za-prenosnike\/wp-json\/wp\/v2\/product_brand?post=7581"},{"taxonomy":"product_cat","embeddable":true,"href":"https:\/\/pracek.si\/ekrani-za-prenosnike\/wp-json\/wp\/v2\/product_cat?post=7581"},{"taxonomy":"product_tag","embeddable":true,"href":"https:\/\/pracek.si\/ekrani-za-prenosnike\/wp-json\/wp\/v2\/product_tag?post=7581"}],"curies":[{"name":"wp","href":"https:\/\/api.w.org\/{rel}","templated":true}]}}