{"id":7582,"date":"2024-08-31T14:04:48","date_gmt":"2024-08-31T14:04:48","guid":{"rendered":"https:\/\/pracek.si\/ekrani-za-prenosnike\/?post_type=product&#038;p=7582"},"modified":"2025-09-11T11:15:43","modified_gmt":"2025-09-11T11:15:43","slug":"hp-250-g7-lcd-zaslon-156-fhd-mat-edp-30pin-z-nosilci-nov","status":"publish","type":"product","link":"https:\/\/pracek.si\/ekrani-za-prenosnike\/product\/hp-250-g7-lcd-zaslon-156-fhd-mat-edp-30pin-z-nosilci-nov\/","title":{"rendered":"HP 250 G7 LCD zaslon 15,6&#8243; FHD Mat eDP 30pin z nosilci Nov"},"content":{"rendered":"<p><strong><p>Trenutno na zalogi zaslon: NT156FHM-N41 \/ B156XW04 v.5 (enake specifikacije \/ popolnoma zdru\u017eljiv!)<\/p>\n<\/strong><\/p>\n<p>Izbolj\u0161ajte svoj prenosnik HP 250 G7 z 15,6\u2033 FHD LCD zaslonom, zasnovanim za zagotavljanje ostrih in jasnih vizualnih prikazov. Z lo\u010dljivostjo Full HD 1920\u00d71080 ta zaslon zagotavlja ostre slike in \u017eivahne barve, zaradi \u010desar je idealen tako za delo kot za zabavo. Mat premaz zmanj\u0161uje ble\u0161\u010danje in omogo\u010da udobno gledanje tudi v svetlih okoljih.<\/p>\n<p>Ta LCD zaslon je opremljen z 30-pinsko eDP povezavo, ki zagotavlja varno in stabilno povezavo z va\u0161im prenosnikom. Vklju\u010duje tudi zgornje in spodnje nosilce, kar omogo\u010da enostavno namestitev in ga naredi popolno zamenjavo za va\u0161 obstoje\u010di zaslon. \u010ceprav ta zaslon ni IPS, \u0161e vedno ponuja odli\u010dno jasnost in natan\u010dnost barv za ve\u010dino nalog.<\/p>\n<p>Zaslon je popolnoma nov, kar zagotavlja brezhiben izdelek, pripravljen za izbolj\u0161anje zmogljivosti va\u0161ega prenosnika. Ne glede na to, ali zamenjujete po\u0161kodovan zaslon ali nadgrajujete za bolj\u0161o vizualno izku\u0161njo, je ta LCD zaslon zanesljiva izbira za va\u0161 HP 250 G7.<\/p>\n","protected":false},"excerpt":{"rendered":"<p>Nadgradite svoj HP 250 G7 z 15,6&#8243; FHD mat LCD zaslonom. S 30-pinsko eDP povezavo in zgornjimi ter spodnjimi nosilci ta zaslon brez IPS tehnologije zagotavlja jasne vizualne prikaze. Stanje: novo.<\/p>\n","protected":false},"featured_media":7555,"template":"","meta":[],"product_brand":[],"product_cat":[50],"product_tag":[62],"class_list":{"0":"post-7582","1":"product","2":"type-product","3":"status-publish","4":"has-post-thumbnail","6":"product_cat-15-6","7":"product_tag-hp","9":"first","10":"instock","11":"taxable","12":"shipping-taxable","13":"purchasable","14":"product-type-simple"},"_links":{"self":[{"href":"https:\/\/pracek.si\/ekrani-za-prenosnike\/wp-json\/wp\/v2\/product\/7582","targetHints":{"allow":["GET"]}}],"collection":[{"href":"https:\/\/pracek.si\/ekrani-za-prenosnike\/wp-json\/wp\/v2\/product"}],"about":[{"href":"https:\/\/pracek.si\/ekrani-za-prenosnike\/wp-json\/wp\/v2\/types\/product"}],"wp:featuredmedia":[{"embeddable":true,"href":"https:\/\/pracek.si\/ekrani-za-prenosnike\/wp-json\/wp\/v2\/media\/7555"}],"wp:attachment":[{"href":"https:\/\/pracek.si\/ekrani-za-prenosnike\/wp-json\/wp\/v2\/media?parent=7582"}],"wp:term":[{"taxonomy":"product_brand","embeddable":true,"href":"https:\/\/pracek.si\/ekrani-za-prenosnike\/wp-json\/wp\/v2\/product_brand?post=7582"},{"taxonomy":"product_cat","embeddable":true,"href":"https:\/\/pracek.si\/ekrani-za-prenosnike\/wp-json\/wp\/v2\/product_cat?post=7582"},{"taxonomy":"product_tag","embeddable":true,"href":"https:\/\/pracek.si\/ekrani-za-prenosnike\/wp-json\/wp\/v2\/product_tag?post=7582"}],"curies":[{"name":"wp","href":"https:\/\/api.w.org\/{rel}","templated":true}]}}